{"id":25261,"date":"2025-12-08T07:18:31","date_gmt":"2025-12-08T07:18:31","guid":{"rendered":"https:\/\/beyazitdentalcenter.com\/?page_id=25261"},"modified":"2026-03-23T06:38:55","modified_gmt":"2026-03-23T06:38:55","slug":"dt-eda-nur-toprak","status":"publish","type":"page","link":"https:\/\/beyazitdentalcenter.com\/fr\/our-doctors\/dt-eda-nur-toprak\/","title":{"rendered":"Dt. Eda Nur Toprak"},"content":{"rendered":"<div data-elementor-type=\"wp-page\" data-elementor-id=\"25261\" class=\"elementor elementor-25261\" data-elementor-post-type=\"page\">\n\t\t\t\t\t\t<section class=\"elementor-section elementor-top-section elementor-element elementor-element-2178f03 elementor-section-boxed elementor-section-height-default elementor-section-height-default sc_fly_static\" data-id=\"2178f03\" data-element_type=\"section\" data-e-type=\"section\">\n\t\t\t\t\t\t<div class=\"elementor-container elementor-column-gap-extended\">\n\t\t\t\t\t<div class=\"elementor-column elementor-col-100 elementor-top-column elementor-element elementor-element-a199751 sc_inner_width_none sc_content_align_inherit sc_layouts_column_icons_position_left sc_fly_static\" data-id=\"a199751\" data-element_type=\"column\" data-e-type=\"column\">\n\t\t\t<div class=\"elementor-widget-wrap elementor-element-populated\">\n\t\t\t\t\t\t<div class=\"elementor-element elementor-element-227f534 sc_height_huge sc_fly_static elementor-widget elementor-widget-spacer\" data-id=\"227f534\" data-element_type=\"widget\" data-e-type=\"widget\" data-widget_type=\"spacer.default\">\n\t\t\t\t<div class=\"elementor-widget-container\">\n\t\t\t\t\t\t\t<div class=\"elementor-spacer\">\n\t\t\t<div class=\"elementor-spacer-inner\"><\/div>\n\t\t<\/div>\n\t\t\t\t\t\t<\/div>\n\t\t\t\t<\/div>\n\t\t\t\t\t<\/div>\n\t\t<\/div>\n\t\t\t\t\t<\/div>\n\t\t<\/section>\n\t\t\t\t<section class=\"elementor-section elementor-top-section elementor-element elementor-element-9f22a86 elementor-section-full_width elementor-section-stretched elementor-section-height-default elementor-section-height-default sc_fly_static\" data-id=\"9f22a86\" data-element_type=\"section\" data-e-type=\"section\" data-settings=\"{&quot;stretch_section&quot;:&quot;section-stretched&quot;,&quot;background_background&quot;:&quot;classic&quot;}\">\n\t\t\t\t\t\t\t<div class=\"elementor-background-overlay\"><\/div>\n\t\t\t\t\t\t\t<div class=\"elementor-container elementor-column-gap-extended\">\n\t\t\t\t\t<div class=\"elementor-column elementor-col-100 elementor-top-column elementor-element elementor-element-4ee9ac0 sc_inner_width_none sc_content_align_inherit sc_layouts_column_icons_position_left sc_fly_static\" data-id=\"4ee9ac0\" data-element_type=\"column\" data-e-type=\"column\">\n\t\t\t<div class=\"elementor-widget-wrap elementor-element-populated\">\n\t\t\t\t\t\t<div class=\"elementor-element elementor-element-109764b elementor-widget__width-inherit sc_fly_static elementor-widget elementor-widget-heading\" data-id=\"109764b\" data-element_type=\"widget\" data-e-type=\"widget\" data-widget_type=\"heading.default\">\n\t\t\t\t<div class=\"elementor-widget-container\">\n\t\t\t\t\t<h2 class=\"elementor-heading-title elementor-size-default\">DT. EDA NUR TOPRAK<\/h2>\t\t\t\t<\/div>\n\t\t\t\t<\/div>\n\t\t\t\t\t<\/div>\n\t\t<\/div>\n\t\t\t\t\t<\/div>\n\t\t<\/section>\n\t\t\t\t<section class=\"elementor-section elementor-top-section elementor-element elementor-element-6f8a065 elementor-section-boxed elementor-section-height-default elementor-section-height-default sc_fly_static\" data-id=\"6f8a065\" data-element_type=\"section\" data-e-type=\"section\">\n\t\t\t\t\t\t<div class=\"elementor-container elementor-column-gap-extended\">\n\t\t\t\t\t<div class=\"elementor-column elementor-col-33 elementor-top-column elementor-element elementor-element-b896d72 sc_inner_width_none sc_content_align_inherit sc_layouts_column_icons_position_left sc_fly_static\" data-id=\"b896d72\" data-element_type=\"column\" data-e-type=\"column\">\n\t\t\t<div class=\"elementor-widget-wrap elementor-element-populated\">\n\t\t\t\t\t\t<div class=\"elementor-element elementor-element-c6e5762 sc_fly_static elementor-widget elementor-widget-image\" data-id=\"c6e5762\" data-element_type=\"widget\" data-e-type=\"widget\" data-widget_type=\"image.default\">\n\t\t\t\t<div class=\"elementor-widget-container\">\n\t\t\t\t\t\t\t\t\t\t\t\t\t\t\t<img fetchpriority=\"high\" decoding=\"async\" width=\"576\" height=\"1024\" src=\"https:\/\/beyazitdentalcenter.com\/wp-content\/uploads\/2026\/03\/dt.-eda-nur-toprak-1-576x1024.webp\" class=\"attachment-large size-large wp-image-26117\" alt=\"\" srcset=\"https:\/\/beyazitdentalcenter.com\/wp-content\/uploads\/2026\/03\/dt.-eda-nur-toprak-1-576x1024.webp 576w, https:\/\/beyazitdentalcenter.com\/wp-content\/uploads\/2026\/03\/dt.-eda-nur-toprak-1-169x300.webp 169w, https:\/\/beyazitdentalcenter.com\/wp-content\/uploads\/2026\/03\/dt.-eda-nur-toprak-1-768x1366.webp 768w, https:\/\/beyazitdentalcenter.com\/wp-content\/uploads\/2026\/03\/dt.-eda-nur-toprak-1-864x1536.webp 864w, https:\/\/beyazitdentalcenter.com\/wp-content\/uploads\/2026\/03\/dt.-eda-nur-toprak-1-1152x2048.webp 1152w, https:\/\/beyazitdentalcenter.com\/wp-content\/uploads\/2026\/03\/dt.-eda-nur-toprak-1-7x12.webp 7w, https:\/\/beyazitdentalcenter.com\/wp-content\/uploads\/2026\/03\/dt.-eda-nur-toprak-1-370x658.webp 370w, https:\/\/beyazitdentalcenter.com\/wp-content\/uploads\/2026\/03\/dt.-eda-nur-toprak-1-840x1494.webp 840w, https:\/\/beyazitdentalcenter.com\/wp-content\/uploads\/2026\/03\/dt.-eda-nur-toprak-1-410x729.webp 410w, https:\/\/beyazitdentalcenter.com\/wp-content\/uploads\/2026\/03\/dt.-eda-nur-toprak-1.webp 1406w\" sizes=\"(max-width: 600px) 100vw, 576px\" \/>\t\t\t\t\t\t\t\t\t\t\t\t\t\t\t<\/div>\n\t\t\t\t<\/div>\n\t\t\t\t\t<\/div>\n\t\t<\/div>\n\t\t\t\t<div class=\"elementor-column elementor-col-66 elementor-top-column elementor-element elementor-element-3010129 sc_inner_width_none sc_content_align_inherit sc_layouts_column_icons_position_left sc_fly_static\" data-id=\"3010129\" data-element_type=\"column\" data-e-type=\"column\">\n\t\t\t<div class=\"elementor-widget-wrap elementor-element-populated\">\n\t\t\t\t\t\t<div class=\"elementor-element elementor-element-3eba6f9 sc_fly_static elementor-widget elementor-widget-trx_sc_title\" data-id=\"3eba6f9\" data-element_type=\"widget\" data-e-type=\"widget\" data-widget_type=\"trx_sc_title.default\">\n\t\t\t\t<div class=\"elementor-widget-container\">\n\t\t\t\t\t<div\t\tclass=\"sc_title sc_title_default\" ><h1 class=\"sc_item_title sc_title_title sc_item_title_style_default sc_item_title_tag\"\n\t\t\t><span class=\"sc_item_title_text\">DT. EDA NUR TOPRAK<\/span><\/h1><\/div>\t\t\t\t<\/div>\n\t\t\t\t<\/div>\n\t\t\t\t<div class=\"elementor-element elementor-element-66fd9ed sc_fly_static elementor-widget elementor-widget-text-editor\" data-id=\"66fd9ed\" data-element_type=\"widget\" data-e-type=\"widget\" data-widget_type=\"text-editor.default\">\n\t\t\t\t<div class=\"elementor-widget-container\">\n\t\t\t\t\t\t\t\t\t<p>Eda Nur Toprak est n\u00e9e en 2000 \u00e0 Istanbul. Elle a suivi ses \u00e9tudes secondaires au lyc\u00e9e anatolien Nuri Ak\u0131n de Ni\u015fanta\u015f\u0131 et au lyc\u00e9e Final de Be\u015fikta\u015f. En 2019, elle a commenc\u00e9 ses \u00e9tudes de premier cycle \u00e0 la Facult\u00e9 de m\u00e9decine dentaire de l'Universit\u00e9 de Trakya et a obtenu son dipl\u00f4me en 2024.<br \/><br \/>Au cours de ses \u00e9tudes universitaires, elle s'est activement investie dans son d\u00e9veloppement professionnel en participant \u00e0 des congr\u00e8s nationaux et internationaux, \u00e0 des s\u00e9minaires de pointe et \u00e0 des formations sp\u00e9cialis\u00e9es. En tant que pr\u00e9sidente d'une association \u00e9tudiante, elle a organis\u00e9 des s\u00e9minaires et des ateliers avec des dentistes exp\u00e9riment\u00e9s venus de tout le pays. Ces initiatives ont permis aux \u00e9tudiants en m\u00e9decine dentaire comme aux professionnels d'acc\u00e9der plus facilement \u00e0 des opportunit\u00e9s de formation et ont jou\u00e9 un r\u00f4le essentiel dans leur d\u00e9veloppement.<br \/><br \/>Apr\u00e8s avoir acquis de l'exp\u00e9rience dans des cliniques priv\u00e9es \u00e0 Fethiye et \u00e0 \u00c7orlu, elle a commenc\u00e9 \u00e0 travailler \u00e0 la clinique dentaire Beyaz\u0131t en 2025.<\/p>\t\t\t\t\t\t\t\t<\/div>\n\t\t\t\t<\/div>\n\t\t\t\t\t<\/div>\n\t\t<\/div>\n\t\t\t\t\t<\/div>\n\t\t<\/section>\n\t\t\t\t<section class=\"elementor-section elementor-top-section elementor-element elementor-element-f292d84 elementor-section-boxed elementor-section-height-default elementor-section-height-default sc_fly_static\" data-id=\"f292d84\" data-element_type=\"section\" data-e-type=\"section\">\n\t\t\t\t\t\t<div class=\"elementor-container elementor-column-gap-extended\">\n\t\t\t\t\t<div class=\"elementor-column elementor-col-100 elementor-top-column elementor-element elementor-element-a002c99 sc_inner_width_none sc_content_align_inherit sc_layouts_column_icons_position_left sc_fly_static\" data-id=\"a002c99\" data-element_type=\"column\" data-e-type=\"column\">\n\t\t\t<div class=\"elementor-widget-wrap elementor-element-populated\">\n\t\t\t\t\t\t<div class=\"elementor-element elementor-element-7aa0be5 sc_height_huge sc_fly_static elementor-widget elementor-widget-spacer\" data-id=\"7aa0be5\" data-element_type=\"widget\" data-e-type=\"widget\" data-widget_type=\"spacer.default\">\n\t\t\t\t<div class=\"elementor-widget-container\">\n\t\t\t\t\t\t\t<div class=\"elementor-spacer\">\n\t\t\t<div class=\"elementor-spacer-inner\"><\/div>\n\t\t<\/div>\n\t\t\t\t\t\t<\/div>\n\t\t\t\t<\/div>\n\t\t\t\t\t<\/div>\n\t\t<\/div>\n\t\t\t\t\t<\/div>\n\t\t<\/section>\n\t\t\t\t<\/div>","protected":false},"excerpt":{"rendered":"<p>DT. EDA NUR TOPRAK DT. EDA NUR TOPRAK Eda Nur Toprak was born in 2000 in Istanbul. She completed her high school education at Ni\u015fanta\u015f\u0131 Nuri Ak\u0131n Anatolian High School&hellip;<\/p>","protected":false},"author":5,"featured_media":0,"parent":25319,"menu_order":0,"comment_status":"closed","ping_status":"closed","template":"","meta":{"footnotes":""},"class_list":["post-25261","page","type-page","status-publish","hentry"],"yoast_head":"<!-- This site is optimized with the Yoast SEO plugin v27.3 - https:\/\/yoast.com\/product\/yoast-seo-wordpress\/ -->\n<title>Dt. Eda Nur Toprak - Beyazit Dental Center<\/title>\n<meta name=\"robots\" content=\"index, follow, max-snippet:-1, max-image-preview:large, max-video-preview:-1\" \/>\n<link rel=\"canonical\" href=\"https:\/\/beyazitdentalcenter.com\/fr\/our-doctors\/dt-eda-nur-toprak\/\" \/>\n<meta property=\"og:locale\" content=\"fr_FR\" \/>\n<meta property=\"og:type\" content=\"article\" \/>\n<meta property=\"og:title\" content=\"Dt. Eda Nur Toprak - Beyazit Dental Center\" \/>\n<meta property=\"og:description\" content=\"DT. EDA NUR TOPRAK DT. EDA NUR TOPRAK Eda Nur Toprak was born in 2000 in Istanbul. She completed her high school education at Ni\u015fanta\u015f\u0131 Nuri Ak\u0131n Anatolian High School&hellip;\" \/>\n<meta property=\"og:url\" content=\"https:\/\/beyazitdentalcenter.com\/fr\/our-doctors\/dt-eda-nur-toprak\/\" \/>\n<meta property=\"og:site_name\" content=\"Beyazit Dental Center\" \/>\n<meta property=\"article:modified_time\" content=\"2026-03-23T06:38:55+00:00\" \/>\n<meta property=\"og:image\" content=\"https:\/\/beyazitdentalcenter.com\/wp-content\/uploads\/2026\/03\/dt.-eda-nur-toprak-1.webp\" \/>\n\t<meta property=\"og:image:width\" content=\"1406\" \/>\n\t<meta property=\"og:image:height\" content=\"2500\" \/>\n\t<meta property=\"og:image:type\" content=\"image\/webp\" \/>\n<meta name=\"twitter:card\" content=\"summary_large_image\" \/>\n<meta name=\"twitter:label1\" content=\"Dur\u00e9e de lecture estim\u00e9e\" \/>\n\t<meta name=\"twitter:data1\" content=\"1 minute\" \/>\n<script type=\"application\/ld+json\" class=\"yoast-schema-graph\">{\"@context\":\"https:\\\/\\\/schema.org\",\"@graph\":[{\"@type\":\"WebPage\",\"@id\":\"https:\\\/\\\/beyazitdentalcenter.com\\\/our-doctors\\\/dt-eda-nur-toprak\\\/\",\"url\":\"https:\\\/\\\/beyazitdentalcenter.com\\\/our-doctors\\\/dt-eda-nur-toprak\\\/\",\"name\":\"Dt. Eda Nur Toprak - Beyazit Dental Center\",\"isPartOf\":{\"@id\":\"https:\\\/\\\/beyazitdentalcenter.com\\\/#website\"},\"primaryImageOfPage\":{\"@id\":\"https:\\\/\\\/beyazitdentalcenter.com\\\/our-doctors\\\/dt-eda-nur-toprak\\\/#primaryimage\"},\"image\":{\"@id\":\"https:\\\/\\\/beyazitdentalcenter.com\\\/our-doctors\\\/dt-eda-nur-toprak\\\/#primaryimage\"},\"thumbnailUrl\":\"https:\\\/\\\/beyazitdentalcenter.com\\\/wp-content\\\/uploads\\\/2026\\\/03\\\/dt.-eda-nur-toprak-1-576x1024.webp\",\"datePublished\":\"2025-12-08T07:18:31+00:00\",\"dateModified\":\"2026-03-23T06:38:55+00:00\",\"breadcrumb\":{\"@id\":\"https:\\\/\\\/beyazitdentalcenter.com\\\/our-doctors\\\/dt-eda-nur-toprak\\\/#breadcrumb\"},\"inLanguage\":\"fr-FR\",\"potentialAction\":[{\"@type\":\"ReadAction\",\"target\":[\"https:\\\/\\\/beyazitdentalcenter.com\\\/our-doctors\\\/dt-eda-nur-toprak\\\/\"]}]},{\"@type\":\"ImageObject\",\"inLanguage\":\"fr-FR\",\"@id\":\"https:\\\/\\\/beyazitdentalcenter.com\\\/our-doctors\\\/dt-eda-nur-toprak\\\/#primaryimage\",\"url\":\"https:\\\/\\\/beyazitdentalcenter.com\\\/wp-content\\\/uploads\\\/2026\\\/03\\\/dt.-eda-nur-toprak-1-576x1024.webp\",\"contentUrl\":\"https:\\\/\\\/beyazitdentalcenter.com\\\/wp-content\\\/uploads\\\/2026\\\/03\\\/dt.-eda-nur-toprak-1-576x1024.webp\"},{\"@type\":\"BreadcrumbList\",\"@id\":\"https:\\\/\\\/beyazitdentalcenter.com\\\/our-doctors\\\/dt-eda-nur-toprak\\\/#breadcrumb\",\"itemListElement\":[{\"@type\":\"ListItem\",\"position\":1,\"name\":\"Home\",\"item\":\"https:\\\/\\\/beyazitdentalcenter.com\\\/\"},{\"@type\":\"ListItem\",\"position\":2,\"name\":\"OUR DOCTORS\",\"item\":\"https:\\\/\\\/beyazitdentalcenter.com\\\/our-doctors\\\/\"},{\"@type\":\"ListItem\",\"position\":3,\"name\":\"Dt. Eda Nur Toprak\"}]},{\"@type\":\"WebSite\",\"@id\":\"https:\\\/\\\/beyazitdentalcenter.com\\\/#website\",\"url\":\"https:\\\/\\\/beyazitdentalcenter.com\\\/\",\"name\":\"Beyazit Dental Center\",\"description\":\"Enjoy Your Smile\",\"publisher\":{\"@id\":\"https:\\\/\\\/beyazitdentalcenter.com\\\/#organization\"},\"potentialAction\":[{\"@type\":\"SearchAction\",\"target\":{\"@type\":\"EntryPoint\",\"urlTemplate\":\"https:\\\/\\\/beyazitdentalcenter.com\\\/?s={search_term_string}\"},\"query-input\":{\"@type\":\"PropertyValueSpecification\",\"valueRequired\":true,\"valueName\":\"search_term_string\"}}],\"inLanguage\":\"fr-FR\"},{\"@type\":\"Organization\",\"@id\":\"https:\\\/\\\/beyazitdentalcenter.com\\\/#organization\",\"name\":\"Denta Aesthetic Turkey\",\"url\":\"https:\\\/\\\/beyazitdentalcenter.com\\\/\",\"logo\":{\"@type\":\"ImageObject\",\"inLanguage\":\"fr-FR\",\"@id\":\"https:\\\/\\\/beyazitdentalcenter.com\\\/#\\\/schema\\\/logo\\\/image\\\/\",\"url\":\"https:\\\/\\\/beyazitdentalcenter.com\\\/wp-content\\\/uploads\\\/2026\\\/03\\\/beyazit-header-logo-negative.webp\",\"contentUrl\":\"https:\\\/\\\/beyazitdentalcenter.com\\\/wp-content\\\/uploads\\\/2026\\\/03\\\/beyazit-header-logo-negative.webp\",\"width\":600,\"height\":375,\"caption\":\"Denta Aesthetic Turkey\"},\"image\":{\"@id\":\"https:\\\/\\\/beyazitdentalcenter.com\\\/#\\\/schema\\\/logo\\\/image\\\/\"}}]}<\/script>\n<!-- \/ Yoast SEO plugin. -->","yoast_head_json":{"title":"Dt. Eda Nur Toprak - Beyazit Dental Center","robots":{"index":"index","follow":"follow","max-snippet":"max-snippet:-1","max-image-preview":"max-image-preview:large","max-video-preview":"max-video-preview:-1"},"canonical":"https:\/\/beyazitdentalcenter.com\/fr\/our-doctors\/dt-eda-nur-toprak\/","og_locale":"fr_FR","og_type":"article","og_title":"Dt. Eda Nur Toprak - Beyazit Dental Center","og_description":"DT. EDA NUR TOPRAK DT. EDA NUR TOPRAK Eda Nur Toprak was born in 2000 in Istanbul. She completed her high school education at Ni\u015fanta\u015f\u0131 Nuri Ak\u0131n Anatolian High School&hellip;","og_url":"https:\/\/beyazitdentalcenter.com\/fr\/our-doctors\/dt-eda-nur-toprak\/","og_site_name":"Beyazit Dental Center","article_modified_time":"2026-03-23T06:38:55+00:00","og_image":[{"width":1406,"height":2500,"url":"https:\/\/beyazitdentalcenter.com\/wp-content\/uploads\/2026\/03\/dt.-eda-nur-toprak-1.webp","type":"image\/webp"}],"twitter_card":"summary_large_image","twitter_misc":{"Dur\u00e9e de lecture estim\u00e9e":"1 minute"},"schema":{"@context":"https:\/\/schema.org","@graph":[{"@type":"WebPage","@id":"https:\/\/beyazitdentalcenter.com\/our-doctors\/dt-eda-nur-toprak\/","url":"https:\/\/beyazitdentalcenter.com\/our-doctors\/dt-eda-nur-toprak\/","name":"Dt. Eda Nur Toprak - Beyazit Dental Center","isPartOf":{"@id":"https:\/\/beyazitdentalcenter.com\/#website"},"primaryImageOfPage":{"@id":"https:\/\/beyazitdentalcenter.com\/our-doctors\/dt-eda-nur-toprak\/#primaryimage"},"image":{"@id":"https:\/\/beyazitdentalcenter.com\/our-doctors\/dt-eda-nur-toprak\/#primaryimage"},"thumbnailUrl":"https:\/\/beyazitdentalcenter.com\/wp-content\/uploads\/2026\/03\/dt.-eda-nur-toprak-1-576x1024.webp","datePublished":"2025-12-08T07:18:31+00:00","dateModified":"2026-03-23T06:38:55+00:00","breadcrumb":{"@id":"https:\/\/beyazitdentalcenter.com\/our-doctors\/dt-eda-nur-toprak\/#breadcrumb"},"inLanguage":"fr-FR","potentialAction":[{"@type":"ReadAction","target":["https:\/\/beyazitdentalcenter.com\/our-doctors\/dt-eda-nur-toprak\/"]}]},{"@type":"ImageObject","inLanguage":"fr-FR","@id":"https:\/\/beyazitdentalcenter.com\/our-doctors\/dt-eda-nur-toprak\/#primaryimage","url":"https:\/\/beyazitdentalcenter.com\/wp-content\/uploads\/2026\/03\/dt.-eda-nur-toprak-1-576x1024.webp","contentUrl":"https:\/\/beyazitdentalcenter.com\/wp-content\/uploads\/2026\/03\/dt.-eda-nur-toprak-1-576x1024.webp"},{"@type":"BreadcrumbList","@id":"https:\/\/beyazitdentalcenter.com\/our-doctors\/dt-eda-nur-toprak\/#breadcrumb","itemListElement":[{"@type":"ListItem","position":1,"name":"Home","item":"https:\/\/beyazitdentalcenter.com\/"},{"@type":"ListItem","position":2,"name":"OUR DOCTORS","item":"https:\/\/beyazitdentalcenter.com\/our-doctors\/"},{"@type":"ListItem","position":3,"name":"Dt. Eda Nur Toprak"}]},{"@type":"WebSite","@id":"https:\/\/beyazitdentalcenter.com\/#website","url":"https:\/\/beyazitdentalcenter.com\/","name":"Beyazit Dental Center","description":"Enjoy Your Smile","publisher":{"@id":"https:\/\/beyazitdentalcenter.com\/#organization"},"potentialAction":[{"@type":"SearchAction","target":{"@type":"EntryPoint","urlTemplate":"https:\/\/beyazitdentalcenter.com\/?s={search_term_string}"},"query-input":{"@type":"PropertyValueSpecification","valueRequired":true,"valueName":"search_term_string"}}],"inLanguage":"fr-FR"},{"@type":"Organization","@id":"https:\/\/beyazitdentalcenter.com\/#organization","name":"Denta Aesthetic Turkey","url":"https:\/\/beyazitdentalcenter.com\/","logo":{"@type":"ImageObject","inLanguage":"fr-FR","@id":"https:\/\/beyazitdentalcenter.com\/#\/schema\/logo\/image\/","url":"https:\/\/beyazitdentalcenter.com\/wp-content\/uploads\/2026\/03\/beyazit-header-logo-negative.webp","contentUrl":"https:\/\/beyazitdentalcenter.com\/wp-content\/uploads\/2026\/03\/beyazit-header-logo-negative.webp","width":600,"height":375,"caption":"Denta Aesthetic Turkey"},"image":{"@id":"https:\/\/beyazitdentalcenter.com\/#\/schema\/logo\/image\/"}}]}},"_links":{"self":[{"href":"https:\/\/beyazitdentalcenter.com\/fr\/wp-json\/wp\/v2\/pages\/25261","targetHints":{"allow":["GET"]}}],"collection":[{"href":"https:\/\/beyazitdentalcenter.com\/fr\/wp-json\/wp\/v2\/pages"}],"about":[{"href":"https:\/\/beyazitdentalcenter.com\/fr\/wp-json\/wp\/v2\/types\/page"}],"author":[{"embeddable":true,"href":"https:\/\/beyazitdentalcenter.com\/fr\/wp-json\/wp\/v2\/users\/5"}],"replies":[{"embeddable":true,"href":"https:\/\/beyazitdentalcenter.com\/fr\/wp-json\/wp\/v2\/comments?post=25261"}],"version-history":[{"count":10,"href":"https:\/\/beyazitdentalcenter.com\/fr\/wp-json\/wp\/v2\/pages\/25261\/revisions"}],"predecessor-version":[{"id":26297,"href":"https:\/\/beyazitdentalcenter.com\/fr\/wp-json\/wp\/v2\/pages\/25261\/revisions\/26297"}],"up":[{"embeddable":true,"href":"https:\/\/beyazitdentalcenter.com\/fr\/wp-json\/wp\/v2\/pages\/25319"}],"wp:attachment":[{"href":"https:\/\/beyazitdentalcenter.com\/fr\/wp-json\/wp\/v2\/media?parent=25261"}],"curies":[{"name":"wp","href":"https:\/\/api.w.org\/{rel}","templated":true}]}}