{"id":24978,"date":"2025-03-03T10:03:38","date_gmt":"2025-03-03T10:03:38","guid":{"rendered":"https:\/\/beyazitdentalcenter.com\/?page_id=24978"},"modified":"2026-03-23T06:37:40","modified_gmt":"2026-03-23T06:37:40","slug":"dt-ata-batuhan-bayrak","status":"publish","type":"page","link":"https:\/\/beyazitdentalcenter.com\/fr\/our-doctors\/dt-ata-batuhan-bayrak\/","title":{"rendered":"Dt. Ata Batuhan Bayrak"},"content":{"rendered":"<div data-elementor-type=\"wp-page\" data-elementor-id=\"24978\" class=\"elementor elementor-24978\" data-elementor-post-type=\"page\">\n\t\t\t\t\t\t<section class=\"elementor-section elementor-top-section elementor-element elementor-element-f6b6cd8 elementor-section-boxed elementor-section-height-default elementor-section-height-default sc_fly_static\" data-id=\"f6b6cd8\" data-element_type=\"section\" data-e-type=\"section\">\n\t\t\t\t\t\t<div class=\"elementor-container elementor-column-gap-extended\">\n\t\t\t\t\t<div class=\"elementor-column elementor-col-100 elementor-top-column elementor-element elementor-element-e3b235d sc_inner_width_none sc_content_align_inherit sc_layouts_column_icons_position_left sc_fly_static\" data-id=\"e3b235d\" data-element_type=\"column\" data-e-type=\"column\">\n\t\t\t<div class=\"elementor-widget-wrap elementor-element-populated\">\n\t\t\t\t\t\t<div class=\"elementor-element elementor-element-719eb0c sc_height_huge sc_fly_static elementor-widget elementor-widget-spacer\" data-id=\"719eb0c\" data-element_type=\"widget\" data-e-type=\"widget\" data-widget_type=\"spacer.default\">\n\t\t\t\t<div class=\"elementor-widget-container\">\n\t\t\t\t\t\t\t<div class=\"elementor-spacer\">\n\t\t\t<div class=\"elementor-spacer-inner\"><\/div>\n\t\t<\/div>\n\t\t\t\t\t\t<\/div>\n\t\t\t\t<\/div>\n\t\t\t\t\t<\/div>\n\t\t<\/div>\n\t\t\t\t\t<\/div>\n\t\t<\/section>\n\t\t\t\t<section class=\"elementor-section elementor-top-section elementor-element elementor-element-5310880 elementor-section-full_width elementor-section-stretched elementor-section-height-default elementor-section-height-default sc_fly_static\" data-id=\"5310880\" data-element_type=\"section\" data-e-type=\"section\" data-settings=\"{&quot;stretch_section&quot;:&quot;section-stretched&quot;,&quot;background_background&quot;:&quot;classic&quot;}\">\n\t\t\t\t\t\t\t<div class=\"elementor-background-overlay\"><\/div>\n\t\t\t\t\t\t\t<div class=\"elementor-container elementor-column-gap-extended\">\n\t\t\t\t\t<div class=\"elementor-column elementor-col-100 elementor-top-column elementor-element elementor-element-332976d sc_inner_width_none sc_content_align_inherit sc_layouts_column_icons_position_left sc_fly_static\" data-id=\"332976d\" data-element_type=\"column\" data-e-type=\"column\">\n\t\t\t<div class=\"elementor-widget-wrap elementor-element-populated\">\n\t\t\t\t\t\t<div class=\"elementor-element elementor-element-10f0466 elementor-widget__width-inherit sc_fly_static elementor-widget elementor-widget-heading\" data-id=\"10f0466\" data-element_type=\"widget\" data-e-type=\"widget\" data-widget_type=\"heading.default\">\n\t\t\t\t<div class=\"elementor-widget-container\">\n\t\t\t\t\t<h2 class=\"elementor-heading-title elementor-size-default\">DT. ATA BATUHAN BAYRAK<\/h2>\t\t\t\t<\/div>\n\t\t\t\t<\/div>\n\t\t\t\t\t<\/div>\n\t\t<\/div>\n\t\t\t\t\t<\/div>\n\t\t<\/section>\n\t\t\t\t<section class=\"elementor-section elementor-top-section elementor-element elementor-element-f65610a elementor-section-boxed elementor-section-height-default elementor-section-height-default sc_fly_static\" data-id=\"f65610a\" data-element_type=\"section\" data-e-type=\"section\">\n\t\t\t\t\t\t<div class=\"elementor-container elementor-column-gap-extended\">\n\t\t\t\t\t<div class=\"elementor-column elementor-col-33 elementor-top-column elementor-element elementor-element-6f1bd66 sc_inner_width_none sc_content_align_inherit sc_layouts_column_icons_position_left sc_fly_static\" data-id=\"6f1bd66\" data-element_type=\"column\" data-e-type=\"column\">\n\t\t\t<div class=\"elementor-widget-wrap elementor-element-populated\">\n\t\t\t\t\t\t<div class=\"elementor-element elementor-element-314f019 sc_fly_static elementor-widget elementor-widget-image\" data-id=\"314f019\" data-element_type=\"widget\" data-e-type=\"widget\" data-widget_type=\"image.default\">\n\t\t\t\t<div class=\"elementor-widget-container\">\n\t\t\t\t\t\t\t\t\t\t\t\t\t\t\t<img fetchpriority=\"high\" decoding=\"async\" width=\"576\" height=\"1024\" src=\"https:\/\/beyazitdentalcenter.com\/wp-content\/uploads\/2026\/03\/dt.-ata-batuhan-bayrak-1-576x1024.webp\" class=\"attachment-large size-large wp-image-26116\" alt=\"\" srcset=\"https:\/\/beyazitdentalcenter.com\/wp-content\/uploads\/2026\/03\/dt.-ata-batuhan-bayrak-1-576x1024.webp 576w, https:\/\/beyazitdentalcenter.com\/wp-content\/uploads\/2026\/03\/dt.-ata-batuhan-bayrak-1-169x300.webp 169w, https:\/\/beyazitdentalcenter.com\/wp-content\/uploads\/2026\/03\/dt.-ata-batuhan-bayrak-1-768x1366.webp 768w, https:\/\/beyazitdentalcenter.com\/wp-content\/uploads\/2026\/03\/dt.-ata-batuhan-bayrak-1-864x1536.webp 864w, https:\/\/beyazitdentalcenter.com\/wp-content\/uploads\/2026\/03\/dt.-ata-batuhan-bayrak-1-1152x2048.webp 1152w, https:\/\/beyazitdentalcenter.com\/wp-content\/uploads\/2026\/03\/dt.-ata-batuhan-bayrak-1-7x12.webp 7w, https:\/\/beyazitdentalcenter.com\/wp-content\/uploads\/2026\/03\/dt.-ata-batuhan-bayrak-1-370x658.webp 370w, https:\/\/beyazitdentalcenter.com\/wp-content\/uploads\/2026\/03\/dt.-ata-batuhan-bayrak-1-840x1494.webp 840w, https:\/\/beyazitdentalcenter.com\/wp-content\/uploads\/2026\/03\/dt.-ata-batuhan-bayrak-1-410x729.webp 410w, https:\/\/beyazitdentalcenter.com\/wp-content\/uploads\/2026\/03\/dt.-ata-batuhan-bayrak-1.webp 1406w\" sizes=\"(max-width: 600px) 100vw, 576px\" \/>\t\t\t\t\t\t\t\t\t\t\t\t\t\t\t<\/div>\n\t\t\t\t<\/div>\n\t\t\t\t\t<\/div>\n\t\t<\/div>\n\t\t\t\t<div class=\"elementor-column elementor-col-66 elementor-top-column elementor-element elementor-element-d9b3411 sc_inner_width_none sc_content_align_inherit sc_layouts_column_icons_position_left sc_fly_static\" data-id=\"d9b3411\" data-element_type=\"column\" data-e-type=\"column\">\n\t\t\t<div class=\"elementor-widget-wrap elementor-element-populated\">\n\t\t\t\t\t\t<div class=\"elementor-element elementor-element-ff512c5 sc_fly_static elementor-widget elementor-widget-trx_sc_title\" data-id=\"ff512c5\" data-element_type=\"widget\" data-e-type=\"widget\" data-widget_type=\"trx_sc_title.default\">\n\t\t\t\t<div class=\"elementor-widget-container\">\n\t\t\t\t\t<div\t\tclass=\"sc_title sc_title_default\" ><h1 class=\"sc_item_title sc_title_title sc_item_title_style_default sc_item_title_tag\"\n\t\t\t><span class=\"sc_item_title_text\">DT. ATA BATUHAN BAYRAK<\/span><\/h1><\/div>\t\t\t\t<\/div>\n\t\t\t\t<\/div>\n\t\t\t\t<div class=\"elementor-element elementor-element-0b19359 sc_fly_static elementor-widget elementor-widget-text-editor\" data-id=\"0b19359\" data-element_type=\"widget\" data-e-type=\"widget\" data-widget_type=\"text-editor.default\">\n\t\t\t\t<div class=\"elementor-widget-container\">\n\t\t\t\t\t\t\t\t\t<p>Il est n\u00e9 \u00e0 S\u00fcleymanpa\u015fa, dans la province de Tekirda\u011f. Il a suivi ses \u00e9tudes primaires, secondaires et secondaires dans cette m\u00eame ville. En 2023, il a obtenu son dipl\u00f4me <strong>\u00e0 la facult\u00e9 de m\u00e9decine dentaire de l'universit\u00e9 de Trakya.<\/strong>.<\/p><p>Au cours de ses \u00e9tudes universitaires, il a suivi de nombreux cours, particip\u00e9 \u00e0 des colloques et assist\u00e9 \u00e0 des congr\u00e8s afin d'enrichir son parcours professionnel. Par ailleurs, il a fond\u00e9 et pr\u00e9sid\u00e9 le <strong>Communaut\u00e9 pour la sant\u00e9 bucco-dentaire de l'universit\u00e9 de Trakya<\/strong>. Au sein de cette organisation, il a dirig\u00e9 de nombreuses initiatives visant \u00e0 sensibiliser un large public, des enfants aux adultes, \u00e0 l'hygi\u00e8ne bucco-dentaire, initiatives qui ont \u00e9t\u00e9 relay\u00e9es par les m\u00e9dias locaux et nationaux. Il participe activement \u00e0 la vie d'associations dentaires.<\/p><p>Parall\u00e8lement \u00e0 ses \u00e9tudes, il a travaill\u00e9 pendant trois ans dans une entreprise sp\u00e9cialis\u00e9e dans les soins bucco-dentaires et, apr\u00e8s avoir obtenu son dipl\u00f4me, il a exerc\u00e9 pendant deux ans dans une clinique priv\u00e9e. Depuis 2025, il re\u00e7oit des patients <strong>\u00e0 la clinique de sant\u00e9 bucco-dentaire Beyaz\u0131t.<\/strong>.<\/p><p><strong>Formations et congr\u00e8s suivis<\/strong><\/p><ul><li><strong>Chirurgie des tissus mous \u2013 Formation th\u00e9orique et pratique<\/strong><\/li><li><strong>L'hypnose en dentisterie : l'hypnodontie<\/strong><\/li><li><strong>Dentisterie num\u00e9rique : l'ABC<\/strong><\/li><li><strong>Utilisations de la digue dentaire dans la pratique clinique<\/strong><\/li><li><strong>Utilisation efficace du laser en pratique clinique<\/strong><\/li><li><strong>Une issue heureuse dans la communication avec les patients<\/strong><\/li><li><strong>Formation au Digital Smile Design<\/strong><\/li><li><strong>Formation \u00e0 la photographie dentaire pour la conception de sourires<\/strong><\/li><li><strong>La dentisterie et la cardiologie \u00e0 travers des \u00e9tudes de cas (webinaire)<\/strong><\/li><li><strong>G\u00e9rer la sensibilit\u00e9 dentinaire \u00e0 travers des \u00e9tudes de cas (webinaire)<\/strong><\/li><li><strong>Dentisterie et cardiologie : prise en charge des h\u00e9morragies (webinaire)<\/strong><\/li><li><strong>Prise en charge des patients diab\u00e9tiques en cabinet priv\u00e9 (webinaire)<\/strong><\/li><li><strong>Prise en charge multidisciplinaire du bruxisme (webinaire)<\/strong><\/li><li><strong>Immortaliser l'instant : la photographie dentaire (webinaire)<\/strong><\/li><li><strong>Approches th\u00e9rapeutiques actuelles en parodontologie (webinaire)<\/strong><\/li><li><strong>Approche multidisciplinaire dans les cas de fente labiale et palatine<\/strong><\/li><li><strong>Congr\u00e8s de l'Association de l'Acad\u00e9mie de dentisterie esth\u00e9tique (2021)<\/strong><\/li><li><strong>Symposium UniGlobal de l'Association mondiale de dentisterie \u2013 II (Atelier sur les implants et atelier sur la conception du sourire)<\/strong><\/li><li><strong>Teamplantology \u2013 IIIe congr\u00e8s<\/strong><\/li><\/ul>\t\t\t\t\t\t\t\t<\/div>\n\t\t\t\t<\/div>\n\t\t\t\t\t<\/div>\n\t\t<\/div>\n\t\t\t\t\t<\/div>\n\t\t<\/section>\n\t\t\t\t<section class=\"elementor-section elementor-top-section elementor-element elementor-element-49e7928 elementor-section-boxed elementor-section-height-default elementor-section-height-default sc_fly_static\" data-id=\"49e7928\" data-element_type=\"section\" data-e-type=\"section\">\n\t\t\t\t\t\t<div class=\"elementor-container elementor-column-gap-extended\">\n\t\t\t\t\t<div class=\"elementor-column elementor-col-100 elementor-top-column elementor-element elementor-element-c1f7c76 sc_inner_width_none sc_content_align_inherit sc_layouts_column_icons_position_left sc_fly_static\" data-id=\"c1f7c76\" data-element_type=\"column\" data-e-type=\"column\">\n\t\t\t<div class=\"elementor-widget-wrap elementor-element-populated\">\n\t\t\t\t\t\t<div class=\"elementor-element elementor-element-d73bd0b sc_height_huge sc_fly_static elementor-widget elementor-widget-spacer\" data-id=\"d73bd0b\" data-element_type=\"widget\" data-e-type=\"widget\" data-widget_type=\"spacer.default\">\n\t\t\t\t<div class=\"elementor-widget-container\">\n\t\t\t\t\t\t\t<div class=\"elementor-spacer\">\n\t\t\t<div class=\"elementor-spacer-inner\"><\/div>\n\t\t<\/div>\n\t\t\t\t\t\t<\/div>\n\t\t\t\t<\/div>\n\t\t\t\t\t<\/div>\n\t\t<\/div>\n\t\t\t\t\t<\/div>\n\t\t<\/section>\n\t\t\t\t<\/div>","protected":false},"excerpt":{"rendered":"<p>DT. ATA BATUHAN BAYRAK DT. ATA BATUHAN BAYRAK He was born in S\u00fcleymanpa\u015fa, Tekirda\u011f. He completed his primary, secondary, and high school education in the same city. In 2023, he&hellip;<\/p>","protected":false},"author":5,"featured_media":0,"parent":25319,"menu_order":0,"comment_status":"closed","ping_status":"closed","template":"","meta":{"footnotes":""},"class_list":["post-24978","page","type-page","status-publish","hentry"],"yoast_head":"<!-- This site is optimized with the Yoast SEO plugin v27.3 - https:\/\/yoast.com\/product\/yoast-seo-wordpress\/ -->\n<title>Dt. Ata Batuhan Bayrak - Beyazit Dental Center<\/title>\n<meta name=\"robots\" content=\"index, follow, max-snippet:-1, max-image-preview:large, max-video-preview:-1\" \/>\n<link rel=\"canonical\" href=\"https:\/\/beyazitdentalcenter.com\/fr\/our-doctors\/dt-ata-batuhan-bayrak\/\" \/>\n<meta property=\"og:locale\" content=\"fr_FR\" \/>\n<meta property=\"og:type\" content=\"article\" \/>\n<meta property=\"og:title\" content=\"Dt. Ata Batuhan Bayrak - Beyazit Dental Center\" \/>\n<meta property=\"og:description\" content=\"DT. ATA BATUHAN BAYRAK DT. ATA BATUHAN BAYRAK He was born in S\u00fcleymanpa\u015fa, Tekirda\u011f. He completed his primary, secondary, and high school education in the same city. In 2023, he&hellip;\" \/>\n<meta property=\"og:url\" content=\"https:\/\/beyazitdentalcenter.com\/fr\/our-doctors\/dt-ata-batuhan-bayrak\/\" \/>\n<meta property=\"og:site_name\" content=\"Beyazit Dental Center\" \/>\n<meta property=\"article:modified_time\" content=\"2026-03-23T06:37:40+00:00\" \/>\n<meta property=\"og:image\" content=\"https:\/\/beyazitdentalcenter.com\/wp-content\/uploads\/2026\/03\/dt.-ata-batuhan-bayrak-1.webp\" \/>\n\t<meta property=\"og:image:width\" content=\"1406\" \/>\n\t<meta property=\"og:image:height\" content=\"2500\" \/>\n\t<meta property=\"og:image:type\" content=\"image\/webp\" \/>\n<meta name=\"twitter:card\" content=\"summary_large_image\" \/>\n<meta name=\"twitter:label1\" content=\"Dur\u00e9e de lecture estim\u00e9e\" \/>\n\t<meta name=\"twitter:data1\" content=\"2 minutes\" \/>\n<script type=\"application\/ld+json\" class=\"yoast-schema-graph\">{\"@context\":\"https:\\\/\\\/schema.org\",\"@graph\":[{\"@type\":\"WebPage\",\"@id\":\"https:\\\/\\\/beyazitdentalcenter.com\\\/our-doctors\\\/dt-ata-batuhan-bayrak\\\/\",\"url\":\"https:\\\/\\\/beyazitdentalcenter.com\\\/our-doctors\\\/dt-ata-batuhan-bayrak\\\/\",\"name\":\"Dt. Ata Batuhan Bayrak - Beyazit Dental Center\",\"isPartOf\":{\"@id\":\"https:\\\/\\\/beyazitdentalcenter.com\\\/#website\"},\"primaryImageOfPage\":{\"@id\":\"https:\\\/\\\/beyazitdentalcenter.com\\\/our-doctors\\\/dt-ata-batuhan-bayrak\\\/#primaryimage\"},\"image\":{\"@id\":\"https:\\\/\\\/beyazitdentalcenter.com\\\/our-doctors\\\/dt-ata-batuhan-bayrak\\\/#primaryimage\"},\"thumbnailUrl\":\"https:\\\/\\\/beyazitdentalcenter.com\\\/wp-content\\\/uploads\\\/2026\\\/03\\\/dt.-ata-batuhan-bayrak-1-576x1024.webp\",\"datePublished\":\"2025-03-03T10:03:38+00:00\",\"dateModified\":\"2026-03-23T06:37:40+00:00\",\"breadcrumb\":{\"@id\":\"https:\\\/\\\/beyazitdentalcenter.com\\\/our-doctors\\\/dt-ata-batuhan-bayrak\\\/#breadcrumb\"},\"inLanguage\":\"fr-FR\",\"potentialAction\":[{\"@type\":\"ReadAction\",\"target\":[\"https:\\\/\\\/beyazitdentalcenter.com\\\/our-doctors\\\/dt-ata-batuhan-bayrak\\\/\"]}]},{\"@type\":\"ImageObject\",\"inLanguage\":\"fr-FR\",\"@id\":\"https:\\\/\\\/beyazitdentalcenter.com\\\/our-doctors\\\/dt-ata-batuhan-bayrak\\\/#primaryimage\",\"url\":\"https:\\\/\\\/beyazitdentalcenter.com\\\/wp-content\\\/uploads\\\/2026\\\/03\\\/dt.-ata-batuhan-bayrak-1-576x1024.webp\",\"contentUrl\":\"https:\\\/\\\/beyazitdentalcenter.com\\\/wp-content\\\/uploads\\\/2026\\\/03\\\/dt.-ata-batuhan-bayrak-1-576x1024.webp\"},{\"@type\":\"BreadcrumbList\",\"@id\":\"https:\\\/\\\/beyazitdentalcenter.com\\\/our-doctors\\\/dt-ata-batuhan-bayrak\\\/#breadcrumb\",\"itemListElement\":[{\"@type\":\"ListItem\",\"position\":1,\"name\":\"Home\",\"item\":\"https:\\\/\\\/beyazitdentalcenter.com\\\/\"},{\"@type\":\"ListItem\",\"position\":2,\"name\":\"OUR DOCTORS\",\"item\":\"https:\\\/\\\/beyazitdentalcenter.com\\\/our-doctors\\\/\"},{\"@type\":\"ListItem\",\"position\":3,\"name\":\"Dt. Ata Batuhan Bayrak\"}]},{\"@type\":\"WebSite\",\"@id\":\"https:\\\/\\\/beyazitdentalcenter.com\\\/#website\",\"url\":\"https:\\\/\\\/beyazitdentalcenter.com\\\/\",\"name\":\"Beyazit Dental Center\",\"description\":\"Enjoy Your Smile\",\"publisher\":{\"@id\":\"https:\\\/\\\/beyazitdentalcenter.com\\\/#organization\"},\"potentialAction\":[{\"@type\":\"SearchAction\",\"target\":{\"@type\":\"EntryPoint\",\"urlTemplate\":\"https:\\\/\\\/beyazitdentalcenter.com\\\/?s={search_term_string}\"},\"query-input\":{\"@type\":\"PropertyValueSpecification\",\"valueRequired\":true,\"valueName\":\"search_term_string\"}}],\"inLanguage\":\"fr-FR\"},{\"@type\":\"Organization\",\"@id\":\"https:\\\/\\\/beyazitdentalcenter.com\\\/#organization\",\"name\":\"Denta Aesthetic Turkey\",\"url\":\"https:\\\/\\\/beyazitdentalcenter.com\\\/\",\"logo\":{\"@type\":\"ImageObject\",\"inLanguage\":\"fr-FR\",\"@id\":\"https:\\\/\\\/beyazitdentalcenter.com\\\/#\\\/schema\\\/logo\\\/image\\\/\",\"url\":\"https:\\\/\\\/beyazitdentalcenter.com\\\/wp-content\\\/uploads\\\/2026\\\/03\\\/beyazit-header-logo-negative.webp\",\"contentUrl\":\"https:\\\/\\\/beyazitdentalcenter.com\\\/wp-content\\\/uploads\\\/2026\\\/03\\\/beyazit-header-logo-negative.webp\",\"width\":600,\"height\":375,\"caption\":\"Denta Aesthetic Turkey\"},\"image\":{\"@id\":\"https:\\\/\\\/beyazitdentalcenter.com\\\/#\\\/schema\\\/logo\\\/image\\\/\"}}]}<\/script>\n<!-- \/ Yoast SEO plugin. -->","yoast_head_json":{"title":"Dt. Ata Batuhan Bayrak - Beyazit Dental Center","robots":{"index":"index","follow":"follow","max-snippet":"max-snippet:-1","max-image-preview":"max-image-preview:large","max-video-preview":"max-video-preview:-1"},"canonical":"https:\/\/beyazitdentalcenter.com\/fr\/our-doctors\/dt-ata-batuhan-bayrak\/","og_locale":"fr_FR","og_type":"article","og_title":"Dt. Ata Batuhan Bayrak - Beyazit Dental Center","og_description":"DT. ATA BATUHAN BAYRAK DT. ATA BATUHAN BAYRAK He was born in S\u00fcleymanpa\u015fa, Tekirda\u011f. He completed his primary, secondary, and high school education in the same city. In 2023, he&hellip;","og_url":"https:\/\/beyazitdentalcenter.com\/fr\/our-doctors\/dt-ata-batuhan-bayrak\/","og_site_name":"Beyazit Dental Center","article_modified_time":"2026-03-23T06:37:40+00:00","og_image":[{"width":1406,"height":2500,"url":"https:\/\/beyazitdentalcenter.com\/wp-content\/uploads\/2026\/03\/dt.-ata-batuhan-bayrak-1.webp","type":"image\/webp"}],"twitter_card":"summary_large_image","twitter_misc":{"Dur\u00e9e de lecture estim\u00e9e":"2 minutes"},"schema":{"@context":"https:\/\/schema.org","@graph":[{"@type":"WebPage","@id":"https:\/\/beyazitdentalcenter.com\/our-doctors\/dt-ata-batuhan-bayrak\/","url":"https:\/\/beyazitdentalcenter.com\/our-doctors\/dt-ata-batuhan-bayrak\/","name":"Dt. Ata Batuhan Bayrak - Beyazit Dental Center","isPartOf":{"@id":"https:\/\/beyazitdentalcenter.com\/#website"},"primaryImageOfPage":{"@id":"https:\/\/beyazitdentalcenter.com\/our-doctors\/dt-ata-batuhan-bayrak\/#primaryimage"},"image":{"@id":"https:\/\/beyazitdentalcenter.com\/our-doctors\/dt-ata-batuhan-bayrak\/#primaryimage"},"thumbnailUrl":"https:\/\/beyazitdentalcenter.com\/wp-content\/uploads\/2026\/03\/dt.-ata-batuhan-bayrak-1-576x1024.webp","datePublished":"2025-03-03T10:03:38+00:00","dateModified":"2026-03-23T06:37:40+00:00","breadcrumb":{"@id":"https:\/\/beyazitdentalcenter.com\/our-doctors\/dt-ata-batuhan-bayrak\/#breadcrumb"},"inLanguage":"fr-FR","potentialAction":[{"@type":"ReadAction","target":["https:\/\/beyazitdentalcenter.com\/our-doctors\/dt-ata-batuhan-bayrak\/"]}]},{"@type":"ImageObject","inLanguage":"fr-FR","@id":"https:\/\/beyazitdentalcenter.com\/our-doctors\/dt-ata-batuhan-bayrak\/#primaryimage","url":"https:\/\/beyazitdentalcenter.com\/wp-content\/uploads\/2026\/03\/dt.-ata-batuhan-bayrak-1-576x1024.webp","contentUrl":"https:\/\/beyazitdentalcenter.com\/wp-content\/uploads\/2026\/03\/dt.-ata-batuhan-bayrak-1-576x1024.webp"},{"@type":"BreadcrumbList","@id":"https:\/\/beyazitdentalcenter.com\/our-doctors\/dt-ata-batuhan-bayrak\/#breadcrumb","itemListElement":[{"@type":"ListItem","position":1,"name":"Home","item":"https:\/\/beyazitdentalcenter.com\/"},{"@type":"ListItem","position":2,"name":"OUR DOCTORS","item":"https:\/\/beyazitdentalcenter.com\/our-doctors\/"},{"@type":"ListItem","position":3,"name":"Dt. Ata Batuhan Bayrak"}]},{"@type":"WebSite","@id":"https:\/\/beyazitdentalcenter.com\/#website","url":"https:\/\/beyazitdentalcenter.com\/","name":"Beyazit Dental Center","description":"Enjoy Your Smile","publisher":{"@id":"https:\/\/beyazitdentalcenter.com\/#organization"},"potentialAction":[{"@type":"SearchAction","target":{"@type":"EntryPoint","urlTemplate":"https:\/\/beyazitdentalcenter.com\/?s={search_term_string}"},"query-input":{"@type":"PropertyValueSpecification","valueRequired":true,"valueName":"search_term_string"}}],"inLanguage":"fr-FR"},{"@type":"Organization","@id":"https:\/\/beyazitdentalcenter.com\/#organization","name":"Denta Aesthetic Turkey","url":"https:\/\/beyazitdentalcenter.com\/","logo":{"@type":"ImageObject","inLanguage":"fr-FR","@id":"https:\/\/beyazitdentalcenter.com\/#\/schema\/logo\/image\/","url":"https:\/\/beyazitdentalcenter.com\/wp-content\/uploads\/2026\/03\/beyazit-header-logo-negative.webp","contentUrl":"https:\/\/beyazitdentalcenter.com\/wp-content\/uploads\/2026\/03\/beyazit-header-logo-negative.webp","width":600,"height":375,"caption":"Denta Aesthetic Turkey"},"image":{"@id":"https:\/\/beyazitdentalcenter.com\/#\/schema\/logo\/image\/"}}]}},"_links":{"self":[{"href":"https:\/\/beyazitdentalcenter.com\/fr\/wp-json\/wp\/v2\/pages\/24978","targetHints":{"allow":["GET"]}}],"collection":[{"href":"https:\/\/beyazitdentalcenter.com\/fr\/wp-json\/wp\/v2\/pages"}],"about":[{"href":"https:\/\/beyazitdentalcenter.com\/fr\/wp-json\/wp\/v2\/types\/page"}],"author":[{"embeddable":true,"href":"https:\/\/beyazitdentalcenter.com\/fr\/wp-json\/wp\/v2\/users\/5"}],"replies":[{"embeddable":true,"href":"https:\/\/beyazitdentalcenter.com\/fr\/wp-json\/wp\/v2\/comments?post=24978"}],"version-history":[{"count":13,"href":"https:\/\/beyazitdentalcenter.com\/fr\/wp-json\/wp\/v2\/pages\/24978\/revisions"}],"predecessor-version":[{"id":26294,"href":"https:\/\/beyazitdentalcenter.com\/fr\/wp-json\/wp\/v2\/pages\/24978\/revisions\/26294"}],"up":[{"embeddable":true,"href":"https:\/\/beyazitdentalcenter.com\/fr\/wp-json\/wp\/v2\/pages\/25319"}],"wp:attachment":[{"href":"https:\/\/beyazitdentalcenter.com\/fr\/wp-json\/wp\/v2\/media?parent=24978"}],"curies":[{"name":"wp","href":"https:\/\/api.w.org\/{rel}","templated":true}]}}