{"id":24746,"date":"2024-12-16T08:12:29","date_gmt":"2024-12-16T08:12:29","guid":{"rendered":"https:\/\/beyazitdentalcenter.com\/?page_id=24746"},"modified":"2026-03-23T06:34:59","modified_gmt":"2026-03-23T06:34:59","slug":"specialist-dt-aladdin-avci","status":"publish","type":"page","link":"https:\/\/beyazitdentalcenter.com\/fr\/our-doctors\/specialist-dt-aladdin-avci\/","title":{"rendered":"Specialist Dt. Alaaddin Avc\u0131"},"content":{"rendered":"<div data-elementor-type=\"wp-page\" data-elementor-id=\"24746\" class=\"elementor elementor-24746\" data-elementor-post-type=\"page\">\n\t\t\t\t\t\t<section class=\"elementor-section elementor-top-section elementor-element elementor-element-2178f03 elementor-section-boxed elementor-section-height-default elementor-section-height-default sc_fly_static\" data-id=\"2178f03\" data-element_type=\"section\" data-e-type=\"section\">\n\t\t\t\t\t\t<div class=\"elementor-container elementor-column-gap-extended\">\n\t\t\t\t\t<div class=\"elementor-column elementor-col-100 elementor-top-column elementor-element elementor-element-a199751 sc_inner_width_none sc_content_align_inherit sc_layouts_column_icons_position_left sc_fly_static\" data-id=\"a199751\" data-element_type=\"column\" data-e-type=\"column\">\n\t\t\t<div class=\"elementor-widget-wrap elementor-element-populated\">\n\t\t\t\t\t\t<div class=\"elementor-element elementor-element-227f534 sc_height_huge sc_fly_static elementor-widget elementor-widget-spacer\" data-id=\"227f534\" data-element_type=\"widget\" data-e-type=\"widget\" data-widget_type=\"spacer.default\">\n\t\t\t\t<div class=\"elementor-widget-container\">\n\t\t\t\t\t\t\t<div class=\"elementor-spacer\">\n\t\t\t<div class=\"elementor-spacer-inner\"><\/div>\n\t\t<\/div>\n\t\t\t\t\t\t<\/div>\n\t\t\t\t<\/div>\n\t\t\t\t\t<\/div>\n\t\t<\/div>\n\t\t\t\t\t<\/div>\n\t\t<\/section>\n\t\t\t\t<section class=\"elementor-section elementor-top-section elementor-element elementor-element-cebb37b elementor-section-full_width elementor-section-stretched elementor-section-height-default elementor-section-height-default sc_fly_static\" data-id=\"cebb37b\" data-element_type=\"section\" data-e-type=\"section\" data-settings=\"{&quot;stretch_section&quot;:&quot;section-stretched&quot;,&quot;background_background&quot;:&quot;classic&quot;}\">\n\t\t\t\t\t\t\t<div class=\"elementor-background-overlay\"><\/div>\n\t\t\t\t\t\t\t<div class=\"elementor-container elementor-column-gap-extended\">\n\t\t\t\t\t<div class=\"elementor-column elementor-col-100 elementor-top-column elementor-element elementor-element-09c39eb sc_inner_width_none sc_content_align_inherit sc_layouts_column_icons_position_left sc_fly_static\" data-id=\"09c39eb\" data-element_type=\"column\" data-e-type=\"column\">\n\t\t\t<div class=\"elementor-widget-wrap elementor-element-populated\">\n\t\t\t\t\t\t<div class=\"elementor-element elementor-element-8fa8ff2 elementor-widget__width-inherit sc_fly_static elementor-widget elementor-widget-heading\" data-id=\"8fa8ff2\" data-element_type=\"widget\" data-e-type=\"widget\" data-widget_type=\"heading.default\">\n\t\t\t\t<div class=\"elementor-widget-container\">\n\t\t\t\t\t<h2 class=\"elementor-heading-title elementor-size-default\">SP. DT. ALAADD\u0130N AVCI<\/h2>\t\t\t\t<\/div>\n\t\t\t\t<\/div>\n\t\t\t\t\t<\/div>\n\t\t<\/div>\n\t\t\t\t\t<\/div>\n\t\t<\/section>\n\t\t\t\t<section class=\"elementor-section elementor-top-section elementor-element elementor-element-6f8a065 elementor-section-boxed elementor-section-height-default elementor-section-height-default sc_fly_static\" data-id=\"6f8a065\" data-element_type=\"section\" data-e-type=\"section\">\n\t\t\t\t\t\t<div class=\"elementor-container elementor-column-gap-extended\">\n\t\t\t\t\t<div class=\"elementor-column elementor-col-33 elementor-top-column elementor-element elementor-element-b896d72 sc_inner_width_none sc_content_align_inherit sc_layouts_column_icons_position_left sc_fly_static\" data-id=\"b896d72\" data-element_type=\"column\" data-e-type=\"column\">\n\t\t\t<div class=\"elementor-widget-wrap elementor-element-populated\">\n\t\t\t\t\t\t<div class=\"elementor-element elementor-element-c6e5762 sc_fly_static elementor-widget elementor-widget-image\" data-id=\"c6e5762\" data-element_type=\"widget\" data-e-type=\"widget\" data-widget_type=\"image.default\">\n\t\t\t\t<div class=\"elementor-widget-container\">\n\t\t\t\t\t\t\t\t\t\t\t\t\t\t\t<img fetchpriority=\"high\" decoding=\"async\" width=\"576\" height=\"1024\" src=\"https:\/\/beyazitdentalcenter.com\/wp-content\/uploads\/2026\/03\/specialist-dt.-muhammed-alaaddin-avci-576x1024.webp\" class=\"attachment-large size-large wp-image-26115\" alt=\"\" srcset=\"https:\/\/beyazitdentalcenter.com\/wp-content\/uploads\/2026\/03\/specialist-dt.-muhammed-alaaddin-avci-576x1024.webp 576w, https:\/\/beyazitdentalcenter.com\/wp-content\/uploads\/2026\/03\/specialist-dt.-muhammed-alaaddin-avci-169x300.webp 169w, https:\/\/beyazitdentalcenter.com\/wp-content\/uploads\/2026\/03\/specialist-dt.-muhammed-alaaddin-avci-768x1366.webp 768w, https:\/\/beyazitdentalcenter.com\/wp-content\/uploads\/2026\/03\/specialist-dt.-muhammed-alaaddin-avci-864x1536.webp 864w, https:\/\/beyazitdentalcenter.com\/wp-content\/uploads\/2026\/03\/specialist-dt.-muhammed-alaaddin-avci-1152x2048.webp 1152w, https:\/\/beyazitdentalcenter.com\/wp-content\/uploads\/2026\/03\/specialist-dt.-muhammed-alaaddin-avci-7x12.webp 7w, https:\/\/beyazitdentalcenter.com\/wp-content\/uploads\/2026\/03\/specialist-dt.-muhammed-alaaddin-avci-370x658.webp 370w, https:\/\/beyazitdentalcenter.com\/wp-content\/uploads\/2026\/03\/specialist-dt.-muhammed-alaaddin-avci-840x1494.webp 840w, https:\/\/beyazitdentalcenter.com\/wp-content\/uploads\/2026\/03\/specialist-dt.-muhammed-alaaddin-avci-410x729.webp 410w, https:\/\/beyazitdentalcenter.com\/wp-content\/uploads\/2026\/03\/specialist-dt.-muhammed-alaaddin-avci.webp 1406w\" sizes=\"(max-width: 600px) 100vw, 576px\" \/>\t\t\t\t\t\t\t\t\t\t\t\t\t\t\t<\/div>\n\t\t\t\t<\/div>\n\t\t\t\t\t<\/div>\n\t\t<\/div>\n\t\t\t\t<div class=\"elementor-column elementor-col-66 elementor-top-column elementor-element elementor-element-3010129 sc_inner_width_none sc_content_align_inherit sc_layouts_column_icons_position_left sc_fly_static\" data-id=\"3010129\" data-element_type=\"column\" data-e-type=\"column\">\n\t\t\t<div class=\"elementor-widget-wrap elementor-element-populated\">\n\t\t\t\t\t\t<div class=\"elementor-element elementor-element-3eba6f9 sc_fly_static elementor-widget elementor-widget-trx_sc_title\" data-id=\"3eba6f9\" data-element_type=\"widget\" data-e-type=\"widget\" data-widget_type=\"trx_sc_title.default\">\n\t\t\t\t<div class=\"elementor-widget-container\">\n\t\t\t\t\t<div\t\tclass=\"sc_title sc_title_default\" ><h1 class=\"sc_item_title sc_title_title sc_item_title_style_default sc_item_title_tag\"\n\t\t\t><span class=\"sc_item_title_text\">SP\u00c9CIALISTE DT ALAADD\u0130N AVCI<\/span><\/h1><\/div>\t\t\t\t<\/div>\n\t\t\t\t<\/div>\n\t\t\t\t<div class=\"elementor-element elementor-element-66fd9ed sc_fly_static elementor-widget elementor-widget-text-editor\" data-id=\"66fd9ed\" data-element_type=\"widget\" data-e-type=\"widget\" data-widget_type=\"text-editor.default\">\n\t\t\t\t<div class=\"elementor-widget-container\">\n\t\t\t\t\t\t\t\t\t<p class=\"s3 translation-block\">Il est n\u00e9 en 1995 \u00e0 Malkara. Il a obtenu son baccalaur\u00e9at en 2014 au lyc\u00e9e Anatolian de Tekirda\u011f. La m\u00eame ann\u00e9e, il a commenc\u00e9 ses \u00e9tudes de premier cycle \u00e0 la facult\u00e9 de m\u00e9decine dentaire de l'universit\u00e9 d'Istanbul et a fait ses premiers pas dans la profession de dentiste en 2019, apr\u00e8s avoir obtenu son dipl\u00f4me au sein de cette facult\u00e9 prestigieuse.<\/p><p class=\"s3 translation-block\">Afin d'approfondir ses connaissances et ses comp\u00e9tences professionnelles, il a commenc\u00e9 en 2021 une formation sp\u00e9cialis\u00e9e \u00e0 la facult\u00e9 de m\u00e9decine dentaire de l'universit\u00e9 de Trakya, au sein du d\u00e9partement de proth\u00e8se dentaire, et a obtenu en 2024 le titre de sp\u00e9cialiste.<\/p><p class=\"s3 translation-block\">Afin d'approfondir ses connaissances et ses comp\u00e9tences professionnelles, il a commenc\u00e9 en 2021 une formation sp\u00e9cialis\u00e9e \u00e0 la facult\u00e9 de m\u00e9decine dentaire de l'universit\u00e9 de Trakya, au sein du d\u00e9partement de proth\u00e8se dentaire, et a obtenu en 2024 le titre de sp\u00e9cialiste.<\/p><p class=\"s3 translation-block\">Conf\u00e9rence\/comit\u00e9\/symposium\/cours auxquels j'ai particip\u00e9\n<br>\n\u2022 2022 - 26e congr\u00e8s international de dentisterie esth\u00e9tique\n<br>\n\u2022 2022 - 7e symposium international de printemps de la Soci\u00e9t\u00e9 turque de proth\u00e8se dentaire et d'implantologie<\/p>\t\t\t\t\t\t\t\t<\/div>\n\t\t\t\t<\/div>\n\t\t\t\t\t<\/div>\n\t\t<\/div>\n\t\t\t\t\t<\/div>\n\t\t<\/section>\n\t\t\t\t<section class=\"elementor-section elementor-top-section elementor-element elementor-element-f292d84 elementor-section-boxed elementor-section-height-default elementor-section-height-default sc_fly_static\" data-id=\"f292d84\" data-element_type=\"section\" data-e-type=\"section\">\n\t\t\t\t\t\t<div class=\"elementor-container elementor-column-gap-extended\">\n\t\t\t\t\t<div class=\"elementor-column elementor-col-100 elementor-top-column elementor-element elementor-element-a002c99 sc_inner_width_none sc_content_align_inherit sc_layouts_column_icons_position_left sc_fly_static\" data-id=\"a002c99\" data-element_type=\"column\" data-e-type=\"column\">\n\t\t\t<div class=\"elementor-widget-wrap elementor-element-populated\">\n\t\t\t\t\t\t<div class=\"elementor-element elementor-element-7aa0be5 sc_height_huge sc_fly_static elementor-widget elementor-widget-spacer\" data-id=\"7aa0be5\" data-element_type=\"widget\" data-e-type=\"widget\" data-widget_type=\"spacer.default\">\n\t\t\t\t<div class=\"elementor-widget-container\">\n\t\t\t\t\t\t\t<div class=\"elementor-spacer\">\n\t\t\t<div class=\"elementor-spacer-inner\"><\/div>\n\t\t<\/div>\n\t\t\t\t\t\t<\/div>\n\t\t\t\t<\/div>\n\t\t\t\t\t<\/div>\n\t\t<\/div>\n\t\t\t\t\t<\/div>\n\t\t<\/section>\n\t\t\t\t<\/div>","protected":false},"excerpt":{"rendered":"<p>SP. DT. ALAADD\u0130N AVCI SPECIALIST DT. ALAADD\u0130N AVCI Born in 1995 in Malkara, he completed his high school education at Tekirda\u011f Anatolian High School in 2014. Driven by a passion&hellip;<\/p>","protected":false},"author":5,"featured_media":0,"parent":25319,"menu_order":0,"comment_status":"closed","ping_status":"closed","template":"","meta":{"footnotes":""},"class_list":["post-24746","page","type-page","status-publish","hentry"],"yoast_head":"<!-- This site is optimized with the Yoast SEO plugin v27.3 - https:\/\/yoast.com\/product\/yoast-seo-wordpress\/ -->\n<title>Specialist Dt. Alaaddin Avc\u0131 - Beyazit Dental Center<\/title>\n<meta name=\"robots\" content=\"index, follow, max-snippet:-1, max-image-preview:large, max-video-preview:-1\" \/>\n<link rel=\"canonical\" href=\"https:\/\/beyazitdentalcenter.com\/fr\/our-doctors\/specialist-dt-aladdin-avci\/\" \/>\n<meta property=\"og:locale\" content=\"fr_FR\" \/>\n<meta property=\"og:type\" content=\"article\" \/>\n<meta property=\"og:title\" content=\"Specialist Dt. Alaaddin Avc\u0131 - Beyazit Dental Center\" \/>\n<meta property=\"og:description\" content=\"SP. DT. ALAADD\u0130N AVCI SPECIALIST DT. ALAADD\u0130N AVCI Born in 1995 in Malkara, he completed his high school education at Tekirda\u011f Anatolian High School in 2014. Driven by a passion&hellip;\" \/>\n<meta property=\"og:url\" content=\"https:\/\/beyazitdentalcenter.com\/fr\/our-doctors\/specialist-dt-aladdin-avci\/\" \/>\n<meta property=\"og:site_name\" content=\"Beyazit Dental Center\" \/>\n<meta property=\"article:modified_time\" content=\"2026-03-23T06:34:59+00:00\" \/>\n<meta property=\"og:image\" content=\"https:\/\/beyazitdentalcenter.com\/wp-content\/uploads\/2026\/03\/specialist-dt.-muhammed-alaaddin-avci.webp\" \/>\n\t<meta property=\"og:image:width\" content=\"1406\" \/>\n\t<meta property=\"og:image:height\" content=\"2500\" \/>\n\t<meta property=\"og:image:type\" content=\"image\/webp\" \/>\n<meta name=\"twitter:card\" content=\"summary_large_image\" \/>\n<meta name=\"twitter:label1\" content=\"Dur\u00e9e de lecture estim\u00e9e\" \/>\n\t<meta name=\"twitter:data1\" content=\"2 minutes\" \/>\n<script type=\"application\/ld+json\" class=\"yoast-schema-graph\">{\"@context\":\"https:\\\/\\\/schema.org\",\"@graph\":[{\"@type\":\"WebPage\",\"@id\":\"https:\\\/\\\/beyazitdentalcenter.com\\\/our-doctors\\\/specialist-dt-aladdin-avci\\\/\",\"url\":\"https:\\\/\\\/beyazitdentalcenter.com\\\/our-doctors\\\/specialist-dt-aladdin-avci\\\/\",\"name\":\"Specialist Dt. Alaaddin Avc\u0131 - Beyazit Dental Center\",\"isPartOf\":{\"@id\":\"https:\\\/\\\/beyazitdentalcenter.com\\\/#website\"},\"primaryImageOfPage\":{\"@id\":\"https:\\\/\\\/beyazitdentalcenter.com\\\/our-doctors\\\/specialist-dt-aladdin-avci\\\/#primaryimage\"},\"image\":{\"@id\":\"https:\\\/\\\/beyazitdentalcenter.com\\\/our-doctors\\\/specialist-dt-aladdin-avci\\\/#primaryimage\"},\"thumbnailUrl\":\"https:\\\/\\\/beyazitdentalcenter.com\\\/wp-content\\\/uploads\\\/2026\\\/03\\\/specialist-dt.-muhammed-alaaddin-avci-576x1024.webp\",\"datePublished\":\"2024-12-16T08:12:29+00:00\",\"dateModified\":\"2026-03-23T06:34:59+00:00\",\"breadcrumb\":{\"@id\":\"https:\\\/\\\/beyazitdentalcenter.com\\\/our-doctors\\\/specialist-dt-aladdin-avci\\\/#breadcrumb\"},\"inLanguage\":\"fr-FR\",\"potentialAction\":[{\"@type\":\"ReadAction\",\"target\":[\"https:\\\/\\\/beyazitdentalcenter.com\\\/our-doctors\\\/specialist-dt-aladdin-avci\\\/\"]}]},{\"@type\":\"ImageObject\",\"inLanguage\":\"fr-FR\",\"@id\":\"https:\\\/\\\/beyazitdentalcenter.com\\\/our-doctors\\\/specialist-dt-aladdin-avci\\\/#primaryimage\",\"url\":\"https:\\\/\\\/beyazitdentalcenter.com\\\/wp-content\\\/uploads\\\/2026\\\/03\\\/specialist-dt.-muhammed-alaaddin-avci-576x1024.webp\",\"contentUrl\":\"https:\\\/\\\/beyazitdentalcenter.com\\\/wp-content\\\/uploads\\\/2026\\\/03\\\/specialist-dt.-muhammed-alaaddin-avci-576x1024.webp\"},{\"@type\":\"BreadcrumbList\",\"@id\":\"https:\\\/\\\/beyazitdentalcenter.com\\\/our-doctors\\\/specialist-dt-aladdin-avci\\\/#breadcrumb\",\"itemListElement\":[{\"@type\":\"ListItem\",\"position\":1,\"name\":\"Home\",\"item\":\"https:\\\/\\\/beyazitdentalcenter.com\\\/\"},{\"@type\":\"ListItem\",\"position\":2,\"name\":\"OUR DOCTORS\",\"item\":\"https:\\\/\\\/beyazitdentalcenter.com\\\/our-doctors\\\/\"},{\"@type\":\"ListItem\",\"position\":3,\"name\":\"Specialist Dt. Alaaddin Avc\u0131\"}]},{\"@type\":\"WebSite\",\"@id\":\"https:\\\/\\\/beyazitdentalcenter.com\\\/#website\",\"url\":\"https:\\\/\\\/beyazitdentalcenter.com\\\/\",\"name\":\"Beyazit Dental Center\",\"description\":\"Enjoy Your Smile\",\"publisher\":{\"@id\":\"https:\\\/\\\/beyazitdentalcenter.com\\\/#organization\"},\"potentialAction\":[{\"@type\":\"SearchAction\",\"target\":{\"@type\":\"EntryPoint\",\"urlTemplate\":\"https:\\\/\\\/beyazitdentalcenter.com\\\/?s={search_term_string}\"},\"query-input\":{\"@type\":\"PropertyValueSpecification\",\"valueRequired\":true,\"valueName\":\"search_term_string\"}}],\"inLanguage\":\"fr-FR\"},{\"@type\":\"Organization\",\"@id\":\"https:\\\/\\\/beyazitdentalcenter.com\\\/#organization\",\"name\":\"Denta Aesthetic Turkey\",\"url\":\"https:\\\/\\\/beyazitdentalcenter.com\\\/\",\"logo\":{\"@type\":\"ImageObject\",\"inLanguage\":\"fr-FR\",\"@id\":\"https:\\\/\\\/beyazitdentalcenter.com\\\/#\\\/schema\\\/logo\\\/image\\\/\",\"url\":\"https:\\\/\\\/beyazitdentalcenter.com\\\/wp-content\\\/uploads\\\/2026\\\/03\\\/beyazit-header-logo-negative.webp\",\"contentUrl\":\"https:\\\/\\\/beyazitdentalcenter.com\\\/wp-content\\\/uploads\\\/2026\\\/03\\\/beyazit-header-logo-negative.webp\",\"width\":600,\"height\":375,\"caption\":\"Denta Aesthetic Turkey\"},\"image\":{\"@id\":\"https:\\\/\\\/beyazitdentalcenter.com\\\/#\\\/schema\\\/logo\\\/image\\\/\"}}]}<\/script>\n<!-- \/ Yoast SEO plugin. -->","yoast_head_json":{"title":"Specialist Dt. Alaaddin Avc\u0131 - Beyazit Dental Center","robots":{"index":"index","follow":"follow","max-snippet":"max-snippet:-1","max-image-preview":"max-image-preview:large","max-video-preview":"max-video-preview:-1"},"canonical":"https:\/\/beyazitdentalcenter.com\/fr\/our-doctors\/specialist-dt-aladdin-avci\/","og_locale":"fr_FR","og_type":"article","og_title":"Specialist Dt. Alaaddin Avc\u0131 - Beyazit Dental Center","og_description":"SP. DT. ALAADD\u0130N AVCI SPECIALIST DT. ALAADD\u0130N AVCI Born in 1995 in Malkara, he completed his high school education at Tekirda\u011f Anatolian High School in 2014. Driven by a passion&hellip;","og_url":"https:\/\/beyazitdentalcenter.com\/fr\/our-doctors\/specialist-dt-aladdin-avci\/","og_site_name":"Beyazit Dental Center","article_modified_time":"2026-03-23T06:34:59+00:00","og_image":[{"width":1406,"height":2500,"url":"https:\/\/beyazitdentalcenter.com\/wp-content\/uploads\/2026\/03\/specialist-dt.-muhammed-alaaddin-avci.webp","type":"image\/webp"}],"twitter_card":"summary_large_image","twitter_misc":{"Dur\u00e9e de lecture estim\u00e9e":"2 minutes"},"schema":{"@context":"https:\/\/schema.org","@graph":[{"@type":"WebPage","@id":"https:\/\/beyazitdentalcenter.com\/our-doctors\/specialist-dt-aladdin-avci\/","url":"https:\/\/beyazitdentalcenter.com\/our-doctors\/specialist-dt-aladdin-avci\/","name":"Specialist Dt. Alaaddin Avc\u0131 - Beyazit Dental Center","isPartOf":{"@id":"https:\/\/beyazitdentalcenter.com\/#website"},"primaryImageOfPage":{"@id":"https:\/\/beyazitdentalcenter.com\/our-doctors\/specialist-dt-aladdin-avci\/#primaryimage"},"image":{"@id":"https:\/\/beyazitdentalcenter.com\/our-doctors\/specialist-dt-aladdin-avci\/#primaryimage"},"thumbnailUrl":"https:\/\/beyazitdentalcenter.com\/wp-content\/uploads\/2026\/03\/specialist-dt.-muhammed-alaaddin-avci-576x1024.webp","datePublished":"2024-12-16T08:12:29+00:00","dateModified":"2026-03-23T06:34:59+00:00","breadcrumb":{"@id":"https:\/\/beyazitdentalcenter.com\/our-doctors\/specialist-dt-aladdin-avci\/#breadcrumb"},"inLanguage":"fr-FR","potentialAction":[{"@type":"ReadAction","target":["https:\/\/beyazitdentalcenter.com\/our-doctors\/specialist-dt-aladdin-avci\/"]}]},{"@type":"ImageObject","inLanguage":"fr-FR","@id":"https:\/\/beyazitdentalcenter.com\/our-doctors\/specialist-dt-aladdin-avci\/#primaryimage","url":"https:\/\/beyazitdentalcenter.com\/wp-content\/uploads\/2026\/03\/specialist-dt.-muhammed-alaaddin-avci-576x1024.webp","contentUrl":"https:\/\/beyazitdentalcenter.com\/wp-content\/uploads\/2026\/03\/specialist-dt.-muhammed-alaaddin-avci-576x1024.webp"},{"@type":"BreadcrumbList","@id":"https:\/\/beyazitdentalcenter.com\/our-doctors\/specialist-dt-aladdin-avci\/#breadcrumb","itemListElement":[{"@type":"ListItem","position":1,"name":"Home","item":"https:\/\/beyazitdentalcenter.com\/"},{"@type":"ListItem","position":2,"name":"OUR DOCTORS","item":"https:\/\/beyazitdentalcenter.com\/our-doctors\/"},{"@type":"ListItem","position":3,"name":"Specialist Dt. Alaaddin Avc\u0131"}]},{"@type":"WebSite","@id":"https:\/\/beyazitdentalcenter.com\/#website","url":"https:\/\/beyazitdentalcenter.com\/","name":"Beyazit Dental Center","description":"Enjoy Your Smile","publisher":{"@id":"https:\/\/beyazitdentalcenter.com\/#organization"},"potentialAction":[{"@type":"SearchAction","target":{"@type":"EntryPoint","urlTemplate":"https:\/\/beyazitdentalcenter.com\/?s={search_term_string}"},"query-input":{"@type":"PropertyValueSpecification","valueRequired":true,"valueName":"search_term_string"}}],"inLanguage":"fr-FR"},{"@type":"Organization","@id":"https:\/\/beyazitdentalcenter.com\/#organization","name":"Denta Aesthetic Turkey","url":"https:\/\/beyazitdentalcenter.com\/","logo":{"@type":"ImageObject","inLanguage":"fr-FR","@id":"https:\/\/beyazitdentalcenter.com\/#\/schema\/logo\/image\/","url":"https:\/\/beyazitdentalcenter.com\/wp-content\/uploads\/2026\/03\/beyazit-header-logo-negative.webp","contentUrl":"https:\/\/beyazitdentalcenter.com\/wp-content\/uploads\/2026\/03\/beyazit-header-logo-negative.webp","width":600,"height":375,"caption":"Denta Aesthetic Turkey"},"image":{"@id":"https:\/\/beyazitdentalcenter.com\/#\/schema\/logo\/image\/"}}]}},"_links":{"self":[{"href":"https:\/\/beyazitdentalcenter.com\/fr\/wp-json\/wp\/v2\/pages\/24746","targetHints":{"allow":["GET"]}}],"collection":[{"href":"https:\/\/beyazitdentalcenter.com\/fr\/wp-json\/wp\/v2\/pages"}],"about":[{"href":"https:\/\/beyazitdentalcenter.com\/fr\/wp-json\/wp\/v2\/types\/page"}],"author":[{"embeddable":true,"href":"https:\/\/beyazitdentalcenter.com\/fr\/wp-json\/wp\/v2\/users\/5"}],"replies":[{"embeddable":true,"href":"https:\/\/beyazitdentalcenter.com\/fr\/wp-json\/wp\/v2\/comments?post=24746"}],"version-history":[{"count":13,"href":"https:\/\/beyazitdentalcenter.com\/fr\/wp-json\/wp\/v2\/pages\/24746\/revisions"}],"predecessor-version":[{"id":26288,"href":"https:\/\/beyazitdentalcenter.com\/fr\/wp-json\/wp\/v2\/pages\/24746\/revisions\/26288"}],"up":[{"embeddable":true,"href":"https:\/\/beyazitdentalcenter.com\/fr\/wp-json\/wp\/v2\/pages\/25319"}],"wp:attachment":[{"href":"https:\/\/beyazitdentalcenter.com\/fr\/wp-json\/wp\/v2\/media?parent=24746"}],"curies":[{"name":"wp","href":"https:\/\/api.w.org\/{rel}","templated":true}]}}