{"id":24461,"date":"2024-10-07T15:30:36","date_gmt":"2024-10-07T15:30:36","guid":{"rendered":"https:\/\/beyazitdentalcenter.com\/?page_id=24461"},"modified":"2026-03-23T06:33:47","modified_gmt":"2026-03-23T06:33:47","slug":"sp-dt-gizem-cebi-mahramli","status":"publish","type":"page","link":"https:\/\/beyazitdentalcenter.com\/fr\/our-doctors\/sp-dt-gizem-cebi-mahramli\/","title":{"rendered":"Sp . Dt. Gizem \u00c7ebi Mahraml\u0131"},"content":{"rendered":"<div data-elementor-type=\"wp-page\" data-elementor-id=\"24461\" class=\"elementor elementor-24461\" data-elementor-post-type=\"page\">\n\t\t\t\t\t\t<section class=\"elementor-section elementor-top-section elementor-element elementor-element-f6b6cd8 elementor-section-boxed elementor-section-height-default elementor-section-height-default sc_fly_static\" data-id=\"f6b6cd8\" data-element_type=\"section\" data-e-type=\"section\">\n\t\t\t\t\t\t<div class=\"elementor-container elementor-column-gap-extended\">\n\t\t\t\t\t<div class=\"elementor-column elementor-col-100 elementor-top-column elementor-element elementor-element-e3b235d sc_inner_width_none sc_content_align_inherit sc_layouts_column_icons_position_left sc_fly_static\" data-id=\"e3b235d\" data-element_type=\"column\" data-e-type=\"column\">\n\t\t\t<div class=\"elementor-widget-wrap elementor-element-populated\">\n\t\t\t\t\t\t<div class=\"elementor-element elementor-element-719eb0c sc_height_huge sc_fly_static elementor-widget elementor-widget-spacer\" data-id=\"719eb0c\" data-element_type=\"widget\" data-e-type=\"widget\" data-widget_type=\"spacer.default\">\n\t\t\t\t<div class=\"elementor-widget-container\">\n\t\t\t\t\t\t\t<div class=\"elementor-spacer\">\n\t\t\t<div class=\"elementor-spacer-inner\"><\/div>\n\t\t<\/div>\n\t\t\t\t\t\t<\/div>\n\t\t\t\t<\/div>\n\t\t\t\t\t<\/div>\n\t\t<\/div>\n\t\t\t\t\t<\/div>\n\t\t<\/section>\n\t\t\t\t<section class=\"elementor-section elementor-top-section elementor-element elementor-element-58e4830 elementor-section-full_width elementor-section-stretched elementor-section-height-default elementor-section-height-default sc_fly_static\" data-id=\"58e4830\" data-element_type=\"section\" data-e-type=\"section\" data-settings=\"{&quot;stretch_section&quot;:&quot;section-stretched&quot;,&quot;background_background&quot;:&quot;classic&quot;}\">\n\t\t\t\t\t\t\t<div class=\"elementor-background-overlay\"><\/div>\n\t\t\t\t\t\t\t<div class=\"elementor-container elementor-column-gap-extended\">\n\t\t\t\t\t<div class=\"elementor-column elementor-col-100 elementor-top-column elementor-element elementor-element-60c3c0b sc_inner_width_none sc_content_align_inherit sc_layouts_column_icons_position_left sc_fly_static\" data-id=\"60c3c0b\" data-element_type=\"column\" data-e-type=\"column\">\n\t\t\t<div class=\"elementor-widget-wrap elementor-element-populated\">\n\t\t\t\t\t\t<div class=\"elementor-element elementor-element-44a4718 elementor-widget__width-inherit sc_fly_static elementor-widget elementor-widget-heading\" data-id=\"44a4718\" data-element_type=\"widget\" data-e-type=\"widget\" data-widget_type=\"heading.default\">\n\t\t\t\t<div class=\"elementor-widget-container\">\n\t\t\t\t\t<h2 class=\"elementor-heading-title elementor-size-default\">SP. DT. G\u0130ZEM \u00c7EB\u0130 MAHRAMLI<\/h2>\t\t\t\t<\/div>\n\t\t\t\t<\/div>\n\t\t\t\t\t<\/div>\n\t\t<\/div>\n\t\t\t\t\t<\/div>\n\t\t<\/section>\n\t\t\t\t<section class=\"elementor-section elementor-top-section elementor-element elementor-element-f65610a elementor-section-boxed elementor-section-height-default elementor-section-height-default sc_fly_static\" data-id=\"f65610a\" data-element_type=\"section\" data-e-type=\"section\">\n\t\t\t\t\t\t<div class=\"elementor-container elementor-column-gap-extended\">\n\t\t\t\t\t<div class=\"elementor-column elementor-col-33 elementor-top-column elementor-element elementor-element-6f1bd66 sc_inner_width_none sc_content_align_inherit sc_layouts_column_icons_position_left sc_fly_static\" data-id=\"6f1bd66\" data-element_type=\"column\" data-e-type=\"column\">\n\t\t\t<div class=\"elementor-widget-wrap elementor-element-populated\">\n\t\t\t\t\t\t<div class=\"elementor-element elementor-element-314f019 sc_fly_static elementor-widget elementor-widget-image\" data-id=\"314f019\" data-element_type=\"widget\" data-e-type=\"widget\" data-widget_type=\"image.default\">\n\t\t\t\t<div class=\"elementor-widget-container\">\n\t\t\t\t\t\t\t\t\t\t\t\t\t\t\t<img fetchpriority=\"high\" decoding=\"async\" width=\"576\" height=\"1024\" src=\"https:\/\/beyazitdentalcenter.com\/wp-content\/uploads\/2026\/03\/specialist-dt.-gizem-cebi-mahramli-576x1024.webp\" class=\"attachment-large size-large wp-image-26106\" alt=\"\" srcset=\"https:\/\/beyazitdentalcenter.com\/wp-content\/uploads\/2026\/03\/specialist-dt.-gizem-cebi-mahramli-576x1024.webp 576w, https:\/\/beyazitdentalcenter.com\/wp-content\/uploads\/2026\/03\/specialist-dt.-gizem-cebi-mahramli-169x300.webp 169w, https:\/\/beyazitdentalcenter.com\/wp-content\/uploads\/2026\/03\/specialist-dt.-gizem-cebi-mahramli-768x1366.webp 768w, https:\/\/beyazitdentalcenter.com\/wp-content\/uploads\/2026\/03\/specialist-dt.-gizem-cebi-mahramli-864x1536.webp 864w, https:\/\/beyazitdentalcenter.com\/wp-content\/uploads\/2026\/03\/specialist-dt.-gizem-cebi-mahramli-1152x2048.webp 1152w, https:\/\/beyazitdentalcenter.com\/wp-content\/uploads\/2026\/03\/specialist-dt.-gizem-cebi-mahramli-7x12.webp 7w, https:\/\/beyazitdentalcenter.com\/wp-content\/uploads\/2026\/03\/specialist-dt.-gizem-cebi-mahramli-370x658.webp 370w, https:\/\/beyazitdentalcenter.com\/wp-content\/uploads\/2026\/03\/specialist-dt.-gizem-cebi-mahramli-840x1494.webp 840w, https:\/\/beyazitdentalcenter.com\/wp-content\/uploads\/2026\/03\/specialist-dt.-gizem-cebi-mahramli-410x729.webp 410w, https:\/\/beyazitdentalcenter.com\/wp-content\/uploads\/2026\/03\/specialist-dt.-gizem-cebi-mahramli.webp 1406w\" sizes=\"(max-width: 600px) 100vw, 576px\" \/>\t\t\t\t\t\t\t\t\t\t\t\t\t\t\t<\/div>\n\t\t\t\t<\/div>\n\t\t\t\t\t<\/div>\n\t\t<\/div>\n\t\t\t\t<div class=\"elementor-column elementor-col-66 elementor-top-column elementor-element elementor-element-d9b3411 sc_inner_width_none sc_content_align_inherit sc_layouts_column_icons_position_left sc_fly_static\" data-id=\"d9b3411\" data-element_type=\"column\" data-e-type=\"column\">\n\t\t\t<div class=\"elementor-widget-wrap elementor-element-populated\">\n\t\t\t\t\t\t<div class=\"elementor-element elementor-element-ff512c5 sc_fly_static elementor-widget elementor-widget-trx_sc_title\" data-id=\"ff512c5\" data-element_type=\"widget\" data-e-type=\"widget\" data-widget_type=\"trx_sc_title.default\">\n\t\t\t\t<div class=\"elementor-widget-container\">\n\t\t\t\t\t<div\t\tclass=\"sc_title sc_title_default\" ><h1 class=\"sc_item_title sc_title_title sc_item_title_style_default sc_item_title_tag\"\n\t\t\t><span class=\"sc_item_title_text\">Dr Gizem \u00c7ebi Mahraml\u0131  Sp\u00e9cialiste en parodontologie<\/span><\/h1><\/div>\t\t\t\t<\/div>\n\t\t\t\t<\/div>\n\t\t\t\t<div class=\"elementor-element elementor-element-0b19359 sc_fly_static elementor-widget elementor-widget-text-editor\" data-id=\"0b19359\" data-element_type=\"widget\" data-e-type=\"widget\" data-widget_type=\"text-editor.default\">\n\t\t\t\t<div class=\"elementor-widget-container\">\n\t\t\t\t\t\t\t\t\t<p>Le Dr Gizem \u00c7ebi Mahraml\u0131 est n\u00e9e \u00e0 Tekirda\u011f en 1996. Elle a suivi sa scolarit\u00e9 primaire \u00e0 l'\u00e9cole primaire S\u00fcleymanpa\u015fa et a obtenu son dipl\u00f4me au lyc\u00e9e scientifique de Tekirda\u011f. En 2014, elle s'est inscrite \u00e0 la Facult\u00e9 de m\u00e9decine dentaire de l'Universit\u00e9 d'Istanbul, o\u00f9 elle a obtenu son dipl\u00f4me en 2019. Elle a ensuite entam\u00e9 des \u00e9tudes de doctorat et, \u00e0 l'automne 2020, elle a commenc\u00e9 sa formation au sein du d\u00e9partement de parodontologie de la Facult\u00e9 de m\u00e9decine dentaire de l'Universit\u00e9 d'Istanbul.<\/p><p>En 2024, le Dr Mahraml\u0131 a d\u00e9but\u00e9 sa carri\u00e8re professionnelle \u00e0 la clinique de sant\u00e9 bucco-dentaire Beyaz\u0131t, o\u00f9 elle a continu\u00e9 \u00e0 se sp\u00e9cialiser en parodontologie et en soins dentaires de pointe.<\/p><p class=\"translation-block\"><strong>D\u00e9veloppement professionnel et formation :<\/strong> Le Dr Mahraml\u0131 a particip\u00e9 \u00e0 de nombreux congr\u00e8s, symposiums et programmes de formation sp\u00e9cialis\u00e9s, tant au niveau national qu'international, afin d'approfondir en permanence ses connaissances en parodontologie et en soins dentaires. Parmi les formations et congr\u00e8s les plus marquants, on peut citer :<\/p><ul><li class=\"translation-block\"><strong>Formation au laser pour les tissus mous et durs<\/strong> \u2013 Dentsem (2021)<\/li><li class=\"translation-block\"><strong>Formation \u00e0 l'application de la toxine botulique<\/strong> \u2013 Quintessence (2021)<\/li><li class=\"translation-block\"><strong>50e Congr\u00e8s scientifique international en ligne<\/strong> \u2013 Association dentaire turque (2021)<\/li><li class=\"translation-block\"><strong>Les tissus mous autour des dents et des implants<\/strong> \u2013 Prof. Dr Fire Shines, Optimum Dent Academy (2022)<\/li><li class=\"translation-block\"><strong>Symposium national sur l'ost\u00e9oint\u00e9gration<\/strong> \u2013 OSSEDER (2022)<\/li><li class=\"translation-block\"><strong>51e Congr\u00e8s scientifique international et 29e Symposium scientifique<\/strong> \u2013 Association turque de parodontologie (2022)<\/li><li><strong>R\u00e9union r\u00e9gionale de l'ITI pour la Turquie et l'Azerba\u00efdjan<\/strong> (2022)<\/li><li class=\"translation-block\"><strong>Formation aux facettes en stratifi\u00e9 de porcelaine<\/strong> \u2013 Dentsem (2023)<\/li><li><strong>R\u00e9union des femmes de l'ITI<\/strong> (2023)<\/li><li class=\"translation-block\"><strong>52e Congr\u00e8s scientifique international et 30e Symposium scientifique<\/strong> \u2013 Association turque de parodontologie (2023)<\/li><\/ul><p class=\"translation-block\"><strong>Publications :<\/strong> Le Dr Mahraml\u0131 a contribu\u00e9 \u00e0 diverses publications universitaires. Parmi ses travaux les plus remarquables, on peut citer :<\/p><ul><li>\u00ab Insuffisance de muqueuse k\u00e9ratinis\u00e9e avant et apr\u00e8s un traitement implantaire : une s\u00e9rie de cas \u00bb, pr\u00e9sent\u00e9 lors du 52e Congr\u00e8s turc de parodontologie \u00e0 Izmir, en Turquie, en 2023.<\/li><li>\u00ab Traitement selon une approche multidisciplinaire \u00bb, co\u00e9crit et pr\u00e9sent\u00e9 lors du m\u00eame congr\u00e8s en 2023.<\/li><li>\u00ab Les effets de la pose imm\u00e9diate d'un implant et d'une proth\u00e8se provisoire sur les tissus mous et durs dans un cas d'usure de la surface radiculaire et de r\u00e9cession gingivale \u00bb, pr\u00e9sent\u00e9 lors du 51e Congr\u00e8s turc de parodontologie en 2022.<\/li><\/ul><p class=\"translation-block\"><strong>Th\u00e8se de sp\u00e9cialisation :<\/strong> La th\u00e8se de sp\u00e9cialisation du Dr Mahraml\u0131, intitul\u00e9e <em>\u00ab Les effets de la pose imm\u00e9diate d\u2019implants et de la mise en place de restaurations provisoires sur les tissus mous et durs : une revue syst\u00e9matique \u00bb,<\/em> a \u00e9t\u00e9 r\u00e9dig\u00e9e au sein du d\u00e9partement de parodontologie de l\u2019universit\u00e9 d\u2019Istanbul en 2023. La th\u00e8se s\u2019est concentr\u00e9e sur l\u2019\u00e9valuation d\u2019\u00e9tudes cliniques randomis\u00e9es contr\u00f4l\u00e9es avec un suivi d\u2019au moins 12 mois, examinant l\u2019impact de la pose imm\u00e9diate d\u2019implants et de la restauration provisoire sur les tissus mous et durs. L\u2019\u00e9tude visait \u00e0 fournir aux cliniciens des informations fiables sur ce sujet, en utilisant des m\u00e9thodes syst\u00e9matiques pour \u00e9valuer les changements au niveau de l\u2019os et de la muqueuse.<\/p><p><strong>Domaines d'expertise :<\/strong> Le Dr Mahraml\u0131 est sp\u00e9cialis\u00e9e en parodontologie, avec une expertise particuli\u00e8re dans le domaine des implants dentaires et de la gestion des tissus mous. Elle reste \u00e0 la pointe de son domaine en int\u00e9grant les derni\u00e8res avanc\u00e9es en mati\u00e8re de recherche, de techniques et d'outils dans sa pratique. Son engagement en faveur de l'excellence dans les soins dentaires se refl\u00e8te dans ses travaux de recherche approfondis et ses contributions pratiques \u00e0 la dentisterie implantaire.<\/p><p>Outre sa carri\u00e8re professionnelle, le Dr Mahraml\u0131 porte un vif int\u00e9r\u00eat \u00e0 la recherche universitaire et souhaite contribuer en permanence au domaine de la parodontologie, en am\u00e9liorant les r\u00e9sultats pour les patients gr\u00e2ce \u00e0 des traitements innovants et scientifiquement fond\u00e9s.<\/p>\t\t\t\t\t\t\t\t<\/div>\n\t\t\t\t<\/div>\n\t\t\t\t\t<\/div>\n\t\t<\/div>\n\t\t\t\t\t<\/div>\n\t\t<\/section>\n\t\t\t\t<section class=\"elementor-section elementor-top-section elementor-element elementor-element-49e7928 elementor-section-boxed elementor-section-height-default elementor-section-height-default sc_fly_static\" data-id=\"49e7928\" data-element_type=\"section\" data-e-type=\"section\">\n\t\t\t\t\t\t<div class=\"elementor-container elementor-column-gap-extended\">\n\t\t\t\t\t<div class=\"elementor-column elementor-col-100 elementor-top-column elementor-element elementor-element-c1f7c76 sc_inner_width_none sc_content_align_inherit sc_layouts_column_icons_position_left sc_fly_static\" data-id=\"c1f7c76\" data-element_type=\"column\" data-e-type=\"column\">\n\t\t\t<div class=\"elementor-widget-wrap elementor-element-populated\">\n\t\t\t\t\t\t<div class=\"elementor-element elementor-element-d73bd0b sc_height_huge sc_fly_static elementor-widget elementor-widget-spacer\" data-id=\"d73bd0b\" data-element_type=\"widget\" data-e-type=\"widget\" data-widget_type=\"spacer.default\">\n\t\t\t\t<div class=\"elementor-widget-container\">\n\t\t\t\t\t\t\t<div class=\"elementor-spacer\">\n\t\t\t<div class=\"elementor-spacer-inner\"><\/div>\n\t\t<\/div>\n\t\t\t\t\t\t<\/div>\n\t\t\t\t<\/div>\n\t\t\t\t\t<\/div>\n\t\t<\/div>\n\t\t\t\t\t<\/div>\n\t\t<\/section>\n\t\t\t\t<\/div>","protected":false},"excerpt":{"rendered":"<p>SP. DT. G\u0130ZEM \u00c7EB\u0130 MAHRAMLI Dr. Gizem \u00c7ebi Mahraml\u0131 Specialist in Periodontology Dr. Gizem \u00c7ebi Mahraml\u0131 was born in Tekirda\u011f in 1996. She completed her primary education at S\u00fcleymanpa\u015fa Primary&hellip;<\/p>","protected":false},"author":4,"featured_media":0,"parent":25319,"menu_order":0,"comment_status":"closed","ping_status":"closed","template":"","meta":{"footnotes":""},"class_list":["post-24461","page","type-page","status-publish","hentry"],"yoast_head":"<!-- This site is optimized with the Yoast SEO plugin v27.3 - https:\/\/yoast.com\/product\/yoast-seo-wordpress\/ -->\n<title>Sp . Dt. Gizem \u00c7ebi Mahraml\u0131 - Beyazit Dental Center<\/title>\n<meta name=\"robots\" content=\"index, follow, max-snippet:-1, max-image-preview:large, max-video-preview:-1\" \/>\n<link rel=\"canonical\" href=\"https:\/\/beyazitdentalcenter.com\/fr\/our-doctors\/sp-dt-gizem-cebi-mahramli\/\" \/>\n<meta property=\"og:locale\" content=\"fr_FR\" \/>\n<meta property=\"og:type\" content=\"article\" \/>\n<meta property=\"og:title\" content=\"Sp . Dt. Gizem \u00c7ebi Mahraml\u0131 - Beyazit Dental Center\" \/>\n<meta property=\"og:description\" content=\"SP. DT. G\u0130ZEM \u00c7EB\u0130 MAHRAMLI Dr. Gizem \u00c7ebi Mahraml\u0131 Specialist in Periodontology Dr. Gizem \u00c7ebi Mahraml\u0131 was born in Tekirda\u011f in 1996. She completed her primary education at S\u00fcleymanpa\u015fa Primary&hellip;\" \/>\n<meta property=\"og:url\" content=\"https:\/\/beyazitdentalcenter.com\/fr\/our-doctors\/sp-dt-gizem-cebi-mahramli\/\" \/>\n<meta property=\"og:site_name\" content=\"Beyazit Dental Center\" \/>\n<meta property=\"article:modified_time\" content=\"2026-03-23T06:33:47+00:00\" \/>\n<meta property=\"og:image\" content=\"https:\/\/beyazitdentalcenter.com\/wp-content\/uploads\/2026\/03\/specialist-dt.-gizem-cebi-mahramli.webp\" \/>\n\t<meta property=\"og:image:width\" content=\"1406\" \/>\n\t<meta property=\"og:image:height\" content=\"2500\" \/>\n\t<meta property=\"og:image:type\" content=\"image\/webp\" \/>\n<meta name=\"twitter:card\" content=\"summary_large_image\" \/>\n<meta name=\"twitter:label1\" content=\"Dur\u00e9e de lecture estim\u00e9e\" \/>\n\t<meta name=\"twitter:data1\" content=\"3 minutes\" \/>\n<script type=\"application\/ld+json\" class=\"yoast-schema-graph\">{\"@context\":\"https:\\\/\\\/schema.org\",\"@graph\":[{\"@type\":\"WebPage\",\"@id\":\"https:\\\/\\\/beyazitdentalcenter.com\\\/our-doctors\\\/sp-dt-gizem-cebi-mahramli\\\/\",\"url\":\"https:\\\/\\\/beyazitdentalcenter.com\\\/our-doctors\\\/sp-dt-gizem-cebi-mahramli\\\/\",\"name\":\"Sp . Dt. Gizem \u00c7ebi Mahraml\u0131 - Beyazit Dental Center\",\"isPartOf\":{\"@id\":\"https:\\\/\\\/beyazitdentalcenter.com\\\/#website\"},\"primaryImageOfPage\":{\"@id\":\"https:\\\/\\\/beyazitdentalcenter.com\\\/our-doctors\\\/sp-dt-gizem-cebi-mahramli\\\/#primaryimage\"},\"image\":{\"@id\":\"https:\\\/\\\/beyazitdentalcenter.com\\\/our-doctors\\\/sp-dt-gizem-cebi-mahramli\\\/#primaryimage\"},\"thumbnailUrl\":\"https:\\\/\\\/beyazitdentalcenter.com\\\/wp-content\\\/uploads\\\/2026\\\/03\\\/specialist-dt.-gizem-cebi-mahramli-576x1024.webp\",\"datePublished\":\"2024-10-07T15:30:36+00:00\",\"dateModified\":\"2026-03-23T06:33:47+00:00\",\"breadcrumb\":{\"@id\":\"https:\\\/\\\/beyazitdentalcenter.com\\\/our-doctors\\\/sp-dt-gizem-cebi-mahramli\\\/#breadcrumb\"},\"inLanguage\":\"fr-FR\",\"potentialAction\":[{\"@type\":\"ReadAction\",\"target\":[\"https:\\\/\\\/beyazitdentalcenter.com\\\/our-doctors\\\/sp-dt-gizem-cebi-mahramli\\\/\"]}]},{\"@type\":\"ImageObject\",\"inLanguage\":\"fr-FR\",\"@id\":\"https:\\\/\\\/beyazitdentalcenter.com\\\/our-doctors\\\/sp-dt-gizem-cebi-mahramli\\\/#primaryimage\",\"url\":\"https:\\\/\\\/beyazitdentalcenter.com\\\/wp-content\\\/uploads\\\/2026\\\/03\\\/specialist-dt.-gizem-cebi-mahramli-576x1024.webp\",\"contentUrl\":\"https:\\\/\\\/beyazitdentalcenter.com\\\/wp-content\\\/uploads\\\/2026\\\/03\\\/specialist-dt.-gizem-cebi-mahramli-576x1024.webp\"},{\"@type\":\"BreadcrumbList\",\"@id\":\"https:\\\/\\\/beyazitdentalcenter.com\\\/our-doctors\\\/sp-dt-gizem-cebi-mahramli\\\/#breadcrumb\",\"itemListElement\":[{\"@type\":\"ListItem\",\"position\":1,\"name\":\"Home\",\"item\":\"https:\\\/\\\/beyazitdentalcenter.com\\\/\"},{\"@type\":\"ListItem\",\"position\":2,\"name\":\"OUR DOCTORS\",\"item\":\"https:\\\/\\\/beyazitdentalcenter.com\\\/our-doctors\\\/\"},{\"@type\":\"ListItem\",\"position\":3,\"name\":\"Sp . Dt. Gizem \u00c7ebi Mahraml\u0131\"}]},{\"@type\":\"WebSite\",\"@id\":\"https:\\\/\\\/beyazitdentalcenter.com\\\/#website\",\"url\":\"https:\\\/\\\/beyazitdentalcenter.com\\\/\",\"name\":\"Beyazit Dental Center\",\"description\":\"Enjoy Your Smile\",\"publisher\":{\"@id\":\"https:\\\/\\\/beyazitdentalcenter.com\\\/#organization\"},\"potentialAction\":[{\"@type\":\"SearchAction\",\"target\":{\"@type\":\"EntryPoint\",\"urlTemplate\":\"https:\\\/\\\/beyazitdentalcenter.com\\\/?s={search_term_string}\"},\"query-input\":{\"@type\":\"PropertyValueSpecification\",\"valueRequired\":true,\"valueName\":\"search_term_string\"}}],\"inLanguage\":\"fr-FR\"},{\"@type\":\"Organization\",\"@id\":\"https:\\\/\\\/beyazitdentalcenter.com\\\/#organization\",\"name\":\"Denta Aesthetic Turkey\",\"url\":\"https:\\\/\\\/beyazitdentalcenter.com\\\/\",\"logo\":{\"@type\":\"ImageObject\",\"inLanguage\":\"fr-FR\",\"@id\":\"https:\\\/\\\/beyazitdentalcenter.com\\\/#\\\/schema\\\/logo\\\/image\\\/\",\"url\":\"https:\\\/\\\/beyazitdentalcenter.com\\\/wp-content\\\/uploads\\\/2026\\\/03\\\/beyazit-header-logo-negative.webp\",\"contentUrl\":\"https:\\\/\\\/beyazitdentalcenter.com\\\/wp-content\\\/uploads\\\/2026\\\/03\\\/beyazit-header-logo-negative.webp\",\"width\":600,\"height\":375,\"caption\":\"Denta Aesthetic Turkey\"},\"image\":{\"@id\":\"https:\\\/\\\/beyazitdentalcenter.com\\\/#\\\/schema\\\/logo\\\/image\\\/\"}}]}<\/script>\n<!-- \/ Yoast SEO plugin. -->","yoast_head_json":{"title":"Sp . Dt. Gizem \u00c7ebi Mahraml\u0131 - Beyazit Dental Center","robots":{"index":"index","follow":"follow","max-snippet":"max-snippet:-1","max-image-preview":"max-image-preview:large","max-video-preview":"max-video-preview:-1"},"canonical":"https:\/\/beyazitdentalcenter.com\/fr\/our-doctors\/sp-dt-gizem-cebi-mahramli\/","og_locale":"fr_FR","og_type":"article","og_title":"Sp . Dt. Gizem \u00c7ebi Mahraml\u0131 - Beyazit Dental Center","og_description":"SP. DT. G\u0130ZEM \u00c7EB\u0130 MAHRAMLI Dr. Gizem \u00c7ebi Mahraml\u0131 Specialist in Periodontology Dr. Gizem \u00c7ebi Mahraml\u0131 was born in Tekirda\u011f in 1996. She completed her primary education at S\u00fcleymanpa\u015fa Primary&hellip;","og_url":"https:\/\/beyazitdentalcenter.com\/fr\/our-doctors\/sp-dt-gizem-cebi-mahramli\/","og_site_name":"Beyazit Dental Center","article_modified_time":"2026-03-23T06:33:47+00:00","og_image":[{"width":1406,"height":2500,"url":"https:\/\/beyazitdentalcenter.com\/wp-content\/uploads\/2026\/03\/specialist-dt.-gizem-cebi-mahramli.webp","type":"image\/webp"}],"twitter_card":"summary_large_image","twitter_misc":{"Dur\u00e9e de lecture estim\u00e9e":"3 minutes"},"schema":{"@context":"https:\/\/schema.org","@graph":[{"@type":"WebPage","@id":"https:\/\/beyazitdentalcenter.com\/our-doctors\/sp-dt-gizem-cebi-mahramli\/","url":"https:\/\/beyazitdentalcenter.com\/our-doctors\/sp-dt-gizem-cebi-mahramli\/","name":"Sp . Dt. Gizem \u00c7ebi Mahraml\u0131 - Beyazit Dental Center","isPartOf":{"@id":"https:\/\/beyazitdentalcenter.com\/#website"},"primaryImageOfPage":{"@id":"https:\/\/beyazitdentalcenter.com\/our-doctors\/sp-dt-gizem-cebi-mahramli\/#primaryimage"},"image":{"@id":"https:\/\/beyazitdentalcenter.com\/our-doctors\/sp-dt-gizem-cebi-mahramli\/#primaryimage"},"thumbnailUrl":"https:\/\/beyazitdentalcenter.com\/wp-content\/uploads\/2026\/03\/specialist-dt.-gizem-cebi-mahramli-576x1024.webp","datePublished":"2024-10-07T15:30:36+00:00","dateModified":"2026-03-23T06:33:47+00:00","breadcrumb":{"@id":"https:\/\/beyazitdentalcenter.com\/our-doctors\/sp-dt-gizem-cebi-mahramli\/#breadcrumb"},"inLanguage":"fr-FR","potentialAction":[{"@type":"ReadAction","target":["https:\/\/beyazitdentalcenter.com\/our-doctors\/sp-dt-gizem-cebi-mahramli\/"]}]},{"@type":"ImageObject","inLanguage":"fr-FR","@id":"https:\/\/beyazitdentalcenter.com\/our-doctors\/sp-dt-gizem-cebi-mahramli\/#primaryimage","url":"https:\/\/beyazitdentalcenter.com\/wp-content\/uploads\/2026\/03\/specialist-dt.-gizem-cebi-mahramli-576x1024.webp","contentUrl":"https:\/\/beyazitdentalcenter.com\/wp-content\/uploads\/2026\/03\/specialist-dt.-gizem-cebi-mahramli-576x1024.webp"},{"@type":"BreadcrumbList","@id":"https:\/\/beyazitdentalcenter.com\/our-doctors\/sp-dt-gizem-cebi-mahramli\/#breadcrumb","itemListElement":[{"@type":"ListItem","position":1,"name":"Home","item":"https:\/\/beyazitdentalcenter.com\/"},{"@type":"ListItem","position":2,"name":"OUR DOCTORS","item":"https:\/\/beyazitdentalcenter.com\/our-doctors\/"},{"@type":"ListItem","position":3,"name":"Sp . Dt. Gizem \u00c7ebi Mahraml\u0131"}]},{"@type":"WebSite","@id":"https:\/\/beyazitdentalcenter.com\/#website","url":"https:\/\/beyazitdentalcenter.com\/","name":"Beyazit Dental Center","description":"Enjoy Your Smile","publisher":{"@id":"https:\/\/beyazitdentalcenter.com\/#organization"},"potentialAction":[{"@type":"SearchAction","target":{"@type":"EntryPoint","urlTemplate":"https:\/\/beyazitdentalcenter.com\/?s={search_term_string}"},"query-input":{"@type":"PropertyValueSpecification","valueRequired":true,"valueName":"search_term_string"}}],"inLanguage":"fr-FR"},{"@type":"Organization","@id":"https:\/\/beyazitdentalcenter.com\/#organization","name":"Denta Aesthetic Turkey","url":"https:\/\/beyazitdentalcenter.com\/","logo":{"@type":"ImageObject","inLanguage":"fr-FR","@id":"https:\/\/beyazitdentalcenter.com\/#\/schema\/logo\/image\/","url":"https:\/\/beyazitdentalcenter.com\/wp-content\/uploads\/2026\/03\/beyazit-header-logo-negative.webp","contentUrl":"https:\/\/beyazitdentalcenter.com\/wp-content\/uploads\/2026\/03\/beyazit-header-logo-negative.webp","width":600,"height":375,"caption":"Denta Aesthetic Turkey"},"image":{"@id":"https:\/\/beyazitdentalcenter.com\/#\/schema\/logo\/image\/"}}]}},"_links":{"self":[{"href":"https:\/\/beyazitdentalcenter.com\/fr\/wp-json\/wp\/v2\/pages\/24461","targetHints":{"allow":["GET"]}}],"collection":[{"href":"https:\/\/beyazitdentalcenter.com\/fr\/wp-json\/wp\/v2\/pages"}],"about":[{"href":"https:\/\/beyazitdentalcenter.com\/fr\/wp-json\/wp\/v2\/types\/page"}],"author":[{"embeddable":true,"href":"https:\/\/beyazitdentalcenter.com\/fr\/wp-json\/wp\/v2\/users\/4"}],"replies":[{"embeddable":true,"href":"https:\/\/beyazitdentalcenter.com\/fr\/wp-json\/wp\/v2\/comments?post=24461"}],"version-history":[{"count":16,"href":"https:\/\/beyazitdentalcenter.com\/fr\/wp-json\/wp\/v2\/pages\/24461\/revisions"}],"predecessor-version":[{"id":26285,"href":"https:\/\/beyazitdentalcenter.com\/fr\/wp-json\/wp\/v2\/pages\/24461\/revisions\/26285"}],"up":[{"embeddable":true,"href":"https:\/\/beyazitdentalcenter.com\/fr\/wp-json\/wp\/v2\/pages\/25319"}],"wp:attachment":[{"href":"https:\/\/beyazitdentalcenter.com\/fr\/wp-json\/wp\/v2\/media?parent=24461"}],"curies":[{"name":"wp","href":"https:\/\/api.w.org\/{rel}","templated":true}]}}