{"id":24386,"date":"2024-10-07T12:53:27","date_gmt":"2024-10-07T12:53:27","guid":{"rendered":"https:\/\/beyazitdentalcenter.com\/?page_id=24386"},"modified":"2026-03-23T06:29:27","modified_gmt":"2026-03-23T06:29:27","slug":"dt-murat-beyazit","status":"publish","type":"page","link":"https:\/\/beyazitdentalcenter.com\/fr\/our-doctors\/dt-murat-beyazit\/","title":{"rendered":"Dt. Murat Beyaz\u0131t"},"content":{"rendered":"<div data-elementor-type=\"wp-page\" data-elementor-id=\"24386\" class=\"elementor elementor-24386\" data-elementor-post-type=\"page\">\n\t\t\t\t\t\t<section class=\"elementor-section elementor-top-section elementor-element elementor-element-f6b6cd8 elementor-section-boxed elementor-section-height-default elementor-section-height-default sc_fly_static\" data-id=\"f6b6cd8\" data-element_type=\"section\" data-e-type=\"section\">\n\t\t\t\t\t\t<div class=\"elementor-container elementor-column-gap-extended\">\n\t\t\t\t\t<div class=\"elementor-column elementor-col-100 elementor-top-column elementor-element elementor-element-e3b235d sc_inner_width_none sc_content_align_inherit sc_layouts_column_icons_position_left sc_fly_static\" data-id=\"e3b235d\" data-element_type=\"column\" data-e-type=\"column\">\n\t\t\t<div class=\"elementor-widget-wrap elementor-element-populated\">\n\t\t\t\t\t\t<div class=\"elementor-element elementor-element-719eb0c sc_height_huge sc_fly_static elementor-widget elementor-widget-spacer\" data-id=\"719eb0c\" data-element_type=\"widget\" data-e-type=\"widget\" data-widget_type=\"spacer.default\">\n\t\t\t\t<div class=\"elementor-widget-container\">\n\t\t\t\t\t\t\t<div class=\"elementor-spacer\">\n\t\t\t<div class=\"elementor-spacer-inner\"><\/div>\n\t\t<\/div>\n\t\t\t\t\t\t<\/div>\n\t\t\t\t<\/div>\n\t\t\t\t\t<\/div>\n\t\t<\/div>\n\t\t\t\t\t<\/div>\n\t\t<\/section>\n\t\t\t\t<section class=\"elementor-section elementor-top-section elementor-element elementor-element-7ee6fad elementor-section-full_width elementor-section-stretched elementor-section-height-default elementor-section-height-default sc_fly_static\" data-id=\"7ee6fad\" data-element_type=\"section\" data-e-type=\"section\" data-settings=\"{&quot;stretch_section&quot;:&quot;section-stretched&quot;,&quot;background_background&quot;:&quot;classic&quot;}\">\n\t\t\t\t\t\t\t<div class=\"elementor-background-overlay\"><\/div>\n\t\t\t\t\t\t\t<div class=\"elementor-container elementor-column-gap-extended\">\n\t\t\t\t\t<div class=\"elementor-column elementor-col-100 elementor-top-column elementor-element elementor-element-657842f sc_inner_width_none sc_content_align_inherit sc_layouts_column_icons_position_left sc_fly_static\" data-id=\"657842f\" data-element_type=\"column\" data-e-type=\"column\">\n\t\t\t<div class=\"elementor-widget-wrap elementor-element-populated\">\n\t\t\t\t\t\t<div class=\"elementor-element elementor-element-599f072 elementor-widget__width-inherit sc_fly_static elementor-widget elementor-widget-heading\" data-id=\"599f072\" data-element_type=\"widget\" data-e-type=\"widget\" data-widget_type=\"heading.default\">\n\t\t\t\t<div class=\"elementor-widget-container\">\n\t\t\t\t\t<h2 class=\"elementor-heading-title elementor-size-default\">DT. MURAT BEYAZIT<\/h2>\t\t\t\t<\/div>\n\t\t\t\t<\/div>\n\t\t\t\t\t<\/div>\n\t\t<\/div>\n\t\t\t\t\t<\/div>\n\t\t<\/section>\n\t\t\t\t<section class=\"elementor-section elementor-top-section elementor-element elementor-element-f65610a elementor-section-boxed elementor-section-height-default elementor-section-height-default sc_fly_static\" data-id=\"f65610a\" data-element_type=\"section\" data-e-type=\"section\">\n\t\t\t\t\t\t<div class=\"elementor-container elementor-column-gap-extended\">\n\t\t\t\t\t<div class=\"elementor-column elementor-col-33 elementor-top-column elementor-element elementor-element-6f1bd66 sc_inner_width_none sc_content_align_inherit sc_layouts_column_icons_position_left sc_fly_static\" data-id=\"6f1bd66\" data-element_type=\"column\" data-e-type=\"column\">\n\t\t\t<div class=\"elementor-widget-wrap elementor-element-populated\">\n\t\t\t\t\t\t<div class=\"elementor-element elementor-element-314f019 sc_fly_static elementor-widget elementor-widget-image\" data-id=\"314f019\" data-element_type=\"widget\" data-e-type=\"widget\" data-widget_type=\"image.default\">\n\t\t\t\t<div class=\"elementor-widget-container\">\n\t\t\t\t\t\t\t\t\t\t\t\t\t\t\t<img fetchpriority=\"high\" decoding=\"async\" width=\"576\" height=\"1024\" src=\"https:\/\/beyazitdentalcenter.com\/wp-content\/uploads\/2024\/10\/Murat-Beyazit-576x1024.jpg\" class=\"attachment-large size-large wp-image-24394\" alt=\"\" srcset=\"https:\/\/beyazitdentalcenter.com\/wp-content\/uploads\/2024\/10\/Murat-Beyazit-576x1024.jpg 576w, https:\/\/beyazitdentalcenter.com\/wp-content\/uploads\/2024\/10\/Murat-Beyazit-169x300.jpg 169w, https:\/\/beyazitdentalcenter.com\/wp-content\/uploads\/2024\/10\/Murat-Beyazit-768x1365.jpg 768w, https:\/\/beyazitdentalcenter.com\/wp-content\/uploads\/2024\/10\/Murat-Beyazit-864x1536.jpg 864w, https:\/\/beyazitdentalcenter.com\/wp-content\/uploads\/2024\/10\/Murat-Beyazit-7x12.jpg 7w, https:\/\/beyazitdentalcenter.com\/wp-content\/uploads\/2024\/10\/Murat-Beyazit-370x658.jpg 370w, https:\/\/beyazitdentalcenter.com\/wp-content\/uploads\/2024\/10\/Murat-Beyazit-840x1493.jpg 840w, https:\/\/beyazitdentalcenter.com\/wp-content\/uploads\/2024\/10\/Murat-Beyazit-410x729.jpg 410w, https:\/\/beyazitdentalcenter.com\/wp-content\/uploads\/2024\/10\/Murat-Beyazit.jpg 1080w\" sizes=\"(max-width: 600px) 100vw, 576px\" \/>\t\t\t\t\t\t\t\t\t\t\t\t\t\t\t<\/div>\n\t\t\t\t<\/div>\n\t\t\t\t\t<\/div>\n\t\t<\/div>\n\t\t\t\t<div class=\"elementor-column elementor-col-66 elementor-top-column elementor-element elementor-element-d9b3411 sc_inner_width_none sc_content_align_inherit sc_layouts_column_icons_position_left sc_fly_static\" data-id=\"d9b3411\" data-element_type=\"column\" data-e-type=\"column\">\n\t\t\t<div class=\"elementor-widget-wrap elementor-element-populated\">\n\t\t\t\t\t\t<div class=\"elementor-element elementor-element-ff512c5 sc_fly_static elementor-widget elementor-widget-trx_sc_title\" data-id=\"ff512c5\" data-element_type=\"widget\" data-e-type=\"widget\" data-widget_type=\"trx_sc_title.default\">\n\t\t\t\t<div class=\"elementor-widget-container\">\n\t\t\t\t\t<div\t\tclass=\"sc_title sc_title_default\" ><h1 class=\"sc_item_title sc_title_title sc_item_title_style_default sc_item_title_tag\"\n\t\t\t><span class=\"sc_item_title_text\">DT. MURAT BEYAZIT<\/span><\/h1><\/div>\t\t\t\t<\/div>\n\t\t\t\t<\/div>\n\t\t\t\t<div class=\"elementor-element elementor-element-0b19359 sc_fly_static elementor-widget elementor-widget-text-editor\" data-id=\"0b19359\" data-element_type=\"widget\" data-e-type=\"widget\" data-widget_type=\"text-editor.default\">\n\t\t\t\t<div class=\"elementor-widget-container\">\n\t\t\t\t\t\t\t\t\t<p>Le Dr Murat Beyazit est n\u00e9 \u00e0 Istanbul en 1976 et a obtenu son dipl\u00f4me \u00e0 la Facult\u00e9 de m\u00e9decine dentaire de l'Universit\u00e9 d'Istanbul en 2000. Il a d\u00e9but\u00e9 sa carri\u00e8re professionnelle \u00e0 l'h\u00f4pital Florence Nightingale d'Istanbul, o\u00f9 il a travaill\u00e9 de 2000 \u00e0 2001, acqu\u00e9rant ainsi une pr\u00e9cieuse exp\u00e9rience clinique.<\/p><p>En 2003, il a cr\u00e9\u00e9 le service de dentisterie de l'h\u00f4pital Hayat de Tekirda\u011f, jetant ainsi les bases de services dentaires modernes dans la r\u00e9gion. Son leadership et sa vision ont permis \u00e0 ce service de prosp\u00e9rer, et de 2003 \u00e0 2011, il a continu\u00e9 \u00e0 apporter une contribution significative \u00e0 la sant\u00e9 publique tout en exer\u00e7ant \u00e0 l'h\u00f4pital public de Tekirda\u011f.<\/p><p>En 2005, il a cofond\u00e9 une clinique dentaire priv\u00e9e avec le Dr Fulya \u00c7ebi Beyaz\u0131t, et leur partenariat a donn\u00e9 naissance \u00e0 l'un des cabinets dentaires les plus r\u00e9put\u00e9s de la r\u00e9gion. Depuis 2013, il exerce \u00e0 la clinique Beyaz\u0131t Oral and Dental Health Clinic, o\u00f9 il continue de renforcer la r\u00e9putation d'excellence de l'\u00e9tablissement en mati\u00e8re de soins aux patients et de traitements dentaires de pointe.<\/p><p>Le Dr Murat Beyazit est membre de l'Association de dentisterie esth\u00e9tique (EDAD) et de l'Association dentaire turque (TDB), ce qui t\u00e9moigne de sa volont\u00e9 de rester \u00e0 la pointe des avanc\u00e9es en dentisterie. Au fil des ans, il a particip\u00e9 \u00e0 de nombreux congr\u00e8s, symposiums et formations sp\u00e9cialis\u00e9es, tant au niveau national qu'international, afin de perfectionner ses comp\u00e9tences et de garantir \u00e0 ses patients les traitements les plus modernes qui soient.<\/p><p>Sp\u00e9cialis\u00e9 en implantologie et en dentisterie proth\u00e9tique, le Dr Murat Beyazit est reconnu pour son expertise en mati\u00e8re d'implants dentaires et de proth\u00e8ses sur implants, proposant des solutions de pointe pour les cas dentaires complexes. Son engagement en faveur du d\u00e9veloppement professionnel continu transpara\u00eet dans la pr\u00e9cision et le soin avec lesquels il aborde chaque cas.<\/p><p>Outre ses r\u00e9alisations professionnelles, le Dr Murat Beyazit est passionn\u00e9 de voile, qu\u2019il pratique \u00e0 un niveau professionnel. Cet \u00e9quilibre entre son travail clinique et ses centres d\u2019int\u00e9r\u00eat personnels t\u00e9moigne de son engagement envers l\u2019excellence et la rigueur dans tous les domaines de la vie.<\/p><p>Fort d'une carri\u00e8re de plus de vingt ans, le Dr Murat Beyazit reste une figure tr\u00e8s respect\u00e9e dans le domaine de la dentisterie, r\u00e9put\u00e9 pour son expertise, ses soins centr\u00e9s sur le patient et sa contribution \u00e0 l'am\u00e9lioration des services de sant\u00e9 dentaire en Turquie.<\/p>\t\t\t\t\t\t\t\t<\/div>\n\t\t\t\t<\/div>\n\t\t\t\t\t<\/div>\n\t\t<\/div>\n\t\t\t\t\t<\/div>\n\t\t<\/section>\n\t\t\t\t<section class=\"elementor-section elementor-top-section elementor-element elementor-element-49e7928 elementor-section-boxed elementor-section-height-default elementor-section-height-default sc_fly_static\" data-id=\"49e7928\" data-element_type=\"section\" data-e-type=\"section\">\n\t\t\t\t\t\t<div class=\"elementor-container elementor-column-gap-extended\">\n\t\t\t\t\t<div class=\"elementor-column elementor-col-100 elementor-top-column elementor-element elementor-element-c1f7c76 sc_inner_width_none sc_content_align_inherit sc_layouts_column_icons_position_left sc_fly_static\" data-id=\"c1f7c76\" data-element_type=\"column\" data-e-type=\"column\">\n\t\t\t<div class=\"elementor-widget-wrap elementor-element-populated\">\n\t\t\t\t\t\t<div class=\"elementor-element elementor-element-d73bd0b sc_height_huge sc_fly_static elementor-widget elementor-widget-spacer\" data-id=\"d73bd0b\" data-element_type=\"widget\" data-e-type=\"widget\" data-widget_type=\"spacer.default\">\n\t\t\t\t<div class=\"elementor-widget-container\">\n\t\t\t\t\t\t\t<div class=\"elementor-spacer\">\n\t\t\t<div class=\"elementor-spacer-inner\"><\/div>\n\t\t<\/div>\n\t\t\t\t\t\t<\/div>\n\t\t\t\t<\/div>\n\t\t\t\t\t<\/div>\n\t\t<\/div>\n\t\t\t\t\t<\/div>\n\t\t<\/section>\n\t\t\t\t<\/div>","protected":false},"excerpt":{"rendered":"<p>DT. MURAT BEYAZIT DT. MURAT BEYAZIT Dr. Murat Beyazit was born in Istanbul in 1976 and graduated from the Istanbul University Faculty of Dentistry in 2000. He began his professional&hellip;<\/p>","protected":false},"author":4,"featured_media":0,"parent":25319,"menu_order":0,"comment_status":"closed","ping_status":"closed","template":"","meta":{"footnotes":""},"class_list":["post-24386","page","type-page","status-publish","hentry"],"yoast_head":"<!-- This site is optimized with the Yoast SEO plugin v27.3 - https:\/\/yoast.com\/product\/yoast-seo-wordpress\/ -->\n<title>Dt. Murat Beyaz\u0131t - Beyazit Dental Center<\/title>\n<meta name=\"robots\" content=\"index, follow, max-snippet:-1, max-image-preview:large, max-video-preview:-1\" \/>\n<link rel=\"canonical\" href=\"https:\/\/beyazitdentalcenter.com\/fr\/our-doctors\/dt-murat-beyazit\/\" \/>\n<meta property=\"og:locale\" content=\"fr_FR\" \/>\n<meta property=\"og:type\" content=\"article\" \/>\n<meta property=\"og:title\" content=\"Dt. Murat Beyaz\u0131t - Beyazit Dental Center\" \/>\n<meta property=\"og:description\" content=\"DT. MURAT BEYAZIT DT. MURAT BEYAZIT Dr. Murat Beyazit was born in Istanbul in 1976 and graduated from the Istanbul University Faculty of Dentistry in 2000. He began his professional&hellip;\" \/>\n<meta property=\"og:url\" content=\"https:\/\/beyazitdentalcenter.com\/fr\/our-doctors\/dt-murat-beyazit\/\" \/>\n<meta property=\"og:site_name\" content=\"Beyazit Dental Center\" \/>\n<meta property=\"article:modified_time\" content=\"2026-03-23T06:29:27+00:00\" \/>\n<meta property=\"og:image\" content=\"https:\/\/beyazitdentalcenter.com\/wp-content\/uploads\/2024\/10\/Murat-Beyazit.jpg\" \/>\n\t<meta property=\"og:image:width\" content=\"1080\" \/>\n\t<meta property=\"og:image:height\" content=\"1920\" \/>\n\t<meta property=\"og:image:type\" content=\"image\/jpeg\" \/>\n<meta name=\"twitter:card\" content=\"summary_large_image\" \/>\n<meta name=\"twitter:label1\" content=\"Dur\u00e9e de lecture estim\u00e9e\" \/>\n\t<meta name=\"twitter:data1\" content=\"2 minutes\" \/>\n<script type=\"application\/ld+json\" class=\"yoast-schema-graph\">{\"@context\":\"https:\\\/\\\/schema.org\",\"@graph\":[{\"@type\":\"WebPage\",\"@id\":\"https:\\\/\\\/beyazitdentalcenter.com\\\/our-doctors\\\/dt-murat-beyazit\\\/\",\"url\":\"https:\\\/\\\/beyazitdentalcenter.com\\\/our-doctors\\\/dt-murat-beyazit\\\/\",\"name\":\"Dt. Murat Beyaz\u0131t - Beyazit Dental Center\",\"isPartOf\":{\"@id\":\"https:\\\/\\\/beyazitdentalcenter.com\\\/#website\"},\"primaryImageOfPage\":{\"@id\":\"https:\\\/\\\/beyazitdentalcenter.com\\\/our-doctors\\\/dt-murat-beyazit\\\/#primaryimage\"},\"image\":{\"@id\":\"https:\\\/\\\/beyazitdentalcenter.com\\\/our-doctors\\\/dt-murat-beyazit\\\/#primaryimage\"},\"thumbnailUrl\":\"https:\\\/\\\/beyazitdentalcenter.com\\\/wp-content\\\/uploads\\\/2024\\\/10\\\/Murat-Beyazit-576x1024.jpg\",\"datePublished\":\"2024-10-07T12:53:27+00:00\",\"dateModified\":\"2026-03-23T06:29:27+00:00\",\"breadcrumb\":{\"@id\":\"https:\\\/\\\/beyazitdentalcenter.com\\\/our-doctors\\\/dt-murat-beyazit\\\/#breadcrumb\"},\"inLanguage\":\"fr-FR\",\"potentialAction\":[{\"@type\":\"ReadAction\",\"target\":[\"https:\\\/\\\/beyazitdentalcenter.com\\\/our-doctors\\\/dt-murat-beyazit\\\/\"]}]},{\"@type\":\"ImageObject\",\"inLanguage\":\"fr-FR\",\"@id\":\"https:\\\/\\\/beyazitdentalcenter.com\\\/our-doctors\\\/dt-murat-beyazit\\\/#primaryimage\",\"url\":\"https:\\\/\\\/beyazitdentalcenter.com\\\/wp-content\\\/uploads\\\/2024\\\/10\\\/Murat-Beyazit-576x1024.jpg\",\"contentUrl\":\"https:\\\/\\\/beyazitdentalcenter.com\\\/wp-content\\\/uploads\\\/2024\\\/10\\\/Murat-Beyazit-576x1024.jpg\"},{\"@type\":\"BreadcrumbList\",\"@id\":\"https:\\\/\\\/beyazitdentalcenter.com\\\/our-doctors\\\/dt-murat-beyazit\\\/#breadcrumb\",\"itemListElement\":[{\"@type\":\"ListItem\",\"position\":1,\"name\":\"Home\",\"item\":\"https:\\\/\\\/beyazitdentalcenter.com\\\/\"},{\"@type\":\"ListItem\",\"position\":2,\"name\":\"OUR DOCTORS\",\"item\":\"https:\\\/\\\/beyazitdentalcenter.com\\\/our-doctors\\\/\"},{\"@type\":\"ListItem\",\"position\":3,\"name\":\"Dt. Murat Beyaz\u0131t\"}]},{\"@type\":\"WebSite\",\"@id\":\"https:\\\/\\\/beyazitdentalcenter.com\\\/#website\",\"url\":\"https:\\\/\\\/beyazitdentalcenter.com\\\/\",\"name\":\"Beyazit Dental Center\",\"description\":\"Enjoy Your Smile\",\"publisher\":{\"@id\":\"https:\\\/\\\/beyazitdentalcenter.com\\\/#organization\"},\"potentialAction\":[{\"@type\":\"SearchAction\",\"target\":{\"@type\":\"EntryPoint\",\"urlTemplate\":\"https:\\\/\\\/beyazitdentalcenter.com\\\/?s={search_term_string}\"},\"query-input\":{\"@type\":\"PropertyValueSpecification\",\"valueRequired\":true,\"valueName\":\"search_term_string\"}}],\"inLanguage\":\"fr-FR\"},{\"@type\":\"Organization\",\"@id\":\"https:\\\/\\\/beyazitdentalcenter.com\\\/#organization\",\"name\":\"Denta Aesthetic Turkey\",\"url\":\"https:\\\/\\\/beyazitdentalcenter.com\\\/\",\"logo\":{\"@type\":\"ImageObject\",\"inLanguage\":\"fr-FR\",\"@id\":\"https:\\\/\\\/beyazitdentalcenter.com\\\/#\\\/schema\\\/logo\\\/image\\\/\",\"url\":\"https:\\\/\\\/beyazitdentalcenter.com\\\/wp-content\\\/uploads\\\/2026\\\/03\\\/beyazit-header-logo-negative.webp\",\"contentUrl\":\"https:\\\/\\\/beyazitdentalcenter.com\\\/wp-content\\\/uploads\\\/2026\\\/03\\\/beyazit-header-logo-negative.webp\",\"width\":600,\"height\":375,\"caption\":\"Denta Aesthetic Turkey\"},\"image\":{\"@id\":\"https:\\\/\\\/beyazitdentalcenter.com\\\/#\\\/schema\\\/logo\\\/image\\\/\"}}]}<\/script>\n<!-- \/ Yoast SEO plugin. -->","yoast_head_json":{"title":"Dt. Murat Beyaz\u0131t - Beyazit Dental Center","robots":{"index":"index","follow":"follow","max-snippet":"max-snippet:-1","max-image-preview":"max-image-preview:large","max-video-preview":"max-video-preview:-1"},"canonical":"https:\/\/beyazitdentalcenter.com\/fr\/our-doctors\/dt-murat-beyazit\/","og_locale":"fr_FR","og_type":"article","og_title":"Dt. Murat Beyaz\u0131t - Beyazit Dental Center","og_description":"DT. MURAT BEYAZIT DT. MURAT BEYAZIT Dr. Murat Beyazit was born in Istanbul in 1976 and graduated from the Istanbul University Faculty of Dentistry in 2000. He began his professional&hellip;","og_url":"https:\/\/beyazitdentalcenter.com\/fr\/our-doctors\/dt-murat-beyazit\/","og_site_name":"Beyazit Dental Center","article_modified_time":"2026-03-23T06:29:27+00:00","og_image":[{"width":1080,"height":1920,"url":"https:\/\/beyazitdentalcenter.com\/wp-content\/uploads\/2024\/10\/Murat-Beyazit.jpg","type":"image\/jpeg"}],"twitter_card":"summary_large_image","twitter_misc":{"Dur\u00e9e de lecture estim\u00e9e":"2 minutes"},"schema":{"@context":"https:\/\/schema.org","@graph":[{"@type":"WebPage","@id":"https:\/\/beyazitdentalcenter.com\/our-doctors\/dt-murat-beyazit\/","url":"https:\/\/beyazitdentalcenter.com\/our-doctors\/dt-murat-beyazit\/","name":"Dt. Murat Beyaz\u0131t - Beyazit Dental Center","isPartOf":{"@id":"https:\/\/beyazitdentalcenter.com\/#website"},"primaryImageOfPage":{"@id":"https:\/\/beyazitdentalcenter.com\/our-doctors\/dt-murat-beyazit\/#primaryimage"},"image":{"@id":"https:\/\/beyazitdentalcenter.com\/our-doctors\/dt-murat-beyazit\/#primaryimage"},"thumbnailUrl":"https:\/\/beyazitdentalcenter.com\/wp-content\/uploads\/2024\/10\/Murat-Beyazit-576x1024.jpg","datePublished":"2024-10-07T12:53:27+00:00","dateModified":"2026-03-23T06:29:27+00:00","breadcrumb":{"@id":"https:\/\/beyazitdentalcenter.com\/our-doctors\/dt-murat-beyazit\/#breadcrumb"},"inLanguage":"fr-FR","potentialAction":[{"@type":"ReadAction","target":["https:\/\/beyazitdentalcenter.com\/our-doctors\/dt-murat-beyazit\/"]}]},{"@type":"ImageObject","inLanguage":"fr-FR","@id":"https:\/\/beyazitdentalcenter.com\/our-doctors\/dt-murat-beyazit\/#primaryimage","url":"https:\/\/beyazitdentalcenter.com\/wp-content\/uploads\/2024\/10\/Murat-Beyazit-576x1024.jpg","contentUrl":"https:\/\/beyazitdentalcenter.com\/wp-content\/uploads\/2024\/10\/Murat-Beyazit-576x1024.jpg"},{"@type":"BreadcrumbList","@id":"https:\/\/beyazitdentalcenter.com\/our-doctors\/dt-murat-beyazit\/#breadcrumb","itemListElement":[{"@type":"ListItem","position":1,"name":"Home","item":"https:\/\/beyazitdentalcenter.com\/"},{"@type":"ListItem","position":2,"name":"OUR DOCTORS","item":"https:\/\/beyazitdentalcenter.com\/our-doctors\/"},{"@type":"ListItem","position":3,"name":"Dt. Murat Beyaz\u0131t"}]},{"@type":"WebSite","@id":"https:\/\/beyazitdentalcenter.com\/#website","url":"https:\/\/beyazitdentalcenter.com\/","name":"Beyazit Dental Center","description":"Enjoy Your Smile","publisher":{"@id":"https:\/\/beyazitdentalcenter.com\/#organization"},"potentialAction":[{"@type":"SearchAction","target":{"@type":"EntryPoint","urlTemplate":"https:\/\/beyazitdentalcenter.com\/?s={search_term_string}"},"query-input":{"@type":"PropertyValueSpecification","valueRequired":true,"valueName":"search_term_string"}}],"inLanguage":"fr-FR"},{"@type":"Organization","@id":"https:\/\/beyazitdentalcenter.com\/#organization","name":"Denta Aesthetic Turkey","url":"https:\/\/beyazitdentalcenter.com\/","logo":{"@type":"ImageObject","inLanguage":"fr-FR","@id":"https:\/\/beyazitdentalcenter.com\/#\/schema\/logo\/image\/","url":"https:\/\/beyazitdentalcenter.com\/wp-content\/uploads\/2026\/03\/beyazit-header-logo-negative.webp","contentUrl":"https:\/\/beyazitdentalcenter.com\/wp-content\/uploads\/2026\/03\/beyazit-header-logo-negative.webp","width":600,"height":375,"caption":"Denta Aesthetic Turkey"},"image":{"@id":"https:\/\/beyazitdentalcenter.com\/#\/schema\/logo\/image\/"}}]}},"_links":{"self":[{"href":"https:\/\/beyazitdentalcenter.com\/fr\/wp-json\/wp\/v2\/pages\/24386","targetHints":{"allow":["GET"]}}],"collection":[{"href":"https:\/\/beyazitdentalcenter.com\/fr\/wp-json\/wp\/v2\/pages"}],"about":[{"href":"https:\/\/beyazitdentalcenter.com\/fr\/wp-json\/wp\/v2\/types\/page"}],"author":[{"embeddable":true,"href":"https:\/\/beyazitdentalcenter.com\/fr\/wp-json\/wp\/v2\/users\/4"}],"replies":[{"embeddable":true,"href":"https:\/\/beyazitdentalcenter.com\/fr\/wp-json\/wp\/v2\/comments?post=24386"}],"version-history":[{"count":19,"href":"https:\/\/beyazitdentalcenter.com\/fr\/wp-json\/wp\/v2\/pages\/24386\/revisions"}],"predecessor-version":[{"id":26278,"href":"https:\/\/beyazitdentalcenter.com\/fr\/wp-json\/wp\/v2\/pages\/24386\/revisions\/26278"}],"up":[{"embeddable":true,"href":"https:\/\/beyazitdentalcenter.com\/fr\/wp-json\/wp\/v2\/pages\/25319"}],"wp:attachment":[{"href":"https:\/\/beyazitdentalcenter.com\/fr\/wp-json\/wp\/v2\/media?parent=24386"}],"curies":[{"name":"wp","href":"https:\/\/api.w.org\/{rel}","templated":true}]}}