{"id":18412,"date":"2022-01-28T13:46:00","date_gmt":"2022-01-28T13:46:00","guid":{"rendered":"https:\/\/beyazitdentalcenter.com\/?page_id=18412"},"modified":"2026-03-22T12:41:51","modified_gmt":"2026-03-22T12:41:51","slug":"about-us","status":"publish","type":"page","link":"https:\/\/beyazitdentalcenter.com\/fr\/about-us\/","title":{"rendered":"\u00c0 propos de nous"},"content":{"rendered":"<div data-elementor-type=\"wp-page\" data-elementor-id=\"18412\" class=\"elementor elementor-18412\" data-elementor-post-type=\"page\">\n\t\t\t\t\t\t<section class=\"elementor-section elementor-top-section elementor-element elementor-element-37f7832 elementor-section-boxed elementor-section-height-default elementor-section-height-default sc_fly_static\" data-id=\"37f7832\" data-element_type=\"section\" data-e-type=\"section\">\n\t\t\t\t\t\t<div class=\"elementor-container elementor-column-gap-extended\">\n\t\t\t\t\t<div class=\"elementor-column elementor-col-100 elementor-top-column elementor-element elementor-element-f4def6d sc_inner_width_none sc_content_align_inherit sc_layouts_column_icons_position_left sc_fly_static\" data-id=\"f4def6d\" data-element_type=\"column\" data-e-type=\"column\">\n\t\t\t<div class=\"elementor-widget-wrap elementor-element-populated\">\n\t\t\t\t\t\t<div class=\"elementor-element elementor-element-3ea35ee sc_height_huge sc_fly_static elementor-widget elementor-widget-spacer\" data-id=\"3ea35ee\" data-element_type=\"widget\" data-e-type=\"widget\" data-widget_type=\"spacer.default\">\n\t\t\t\t<div class=\"elementor-widget-container\">\n\t\t\t\t\t\t\t<div class=\"elementor-spacer\">\n\t\t\t<div class=\"elementor-spacer-inner\"><\/div>\n\t\t<\/div>\n\t\t\t\t\t\t<\/div>\n\t\t\t\t<\/div>\n\t\t\t\t\t<\/div>\n\t\t<\/div>\n\t\t\t\t\t<\/div>\n\t\t<\/section>\n\t\t\t\t<section class=\"elementor-section elementor-top-section elementor-element elementor-element-e53de2e elementor-section-full_width elementor-section-stretched elementor-section-height-default elementor-section-height-default sc_fly_static\" data-id=\"e53de2e\" data-element_type=\"section\" data-e-type=\"section\" data-settings=\"{&quot;stretch_section&quot;:&quot;section-stretched&quot;,&quot;background_background&quot;:&quot;classic&quot;}\">\n\t\t\t\t\t\t\t<div class=\"elementor-background-overlay\"><\/div>\n\t\t\t\t\t\t\t<div class=\"elementor-container elementor-column-gap-extended\">\n\t\t\t\t\t<div class=\"elementor-column elementor-col-100 elementor-top-column elementor-element elementor-element-609ddcb sc_inner_width_none sc_content_align_inherit sc_layouts_column_icons_position_left sc_fly_static\" data-id=\"609ddcb\" data-element_type=\"column\" data-e-type=\"column\">\n\t\t\t<div class=\"elementor-widget-wrap elementor-element-populated\">\n\t\t\t\t\t\t<div class=\"elementor-element elementor-element-f688670 elementor-widget__width-inherit sc_fly_static elementor-widget elementor-widget-heading\" data-id=\"f688670\" data-element_type=\"widget\" data-e-type=\"widget\" data-widget_type=\"heading.default\">\n\t\t\t\t<div class=\"elementor-widget-container\">\n\t\t\t\t\t<h2 class=\"elementor-heading-title elementor-size-default\">QUI SOMMES-NOUS ?<\/h2>\t\t\t\t<\/div>\n\t\t\t\t<\/div>\n\t\t\t\t\t<\/div>\n\t\t<\/div>\n\t\t\t\t\t<\/div>\n\t\t<\/section>\n\t\t\t\t<section class=\"elementor-section elementor-top-section elementor-element elementor-element-f6895e0 elementor-section-content-middle elementor-section-boxed elementor-section-height-default elementor-section-height-default sc_fly_static\" data-id=\"f6895e0\" data-element_type=\"section\" data-e-type=\"section\">\n\t\t\t\t\t\t<div class=\"elementor-container elementor-column-gap-extended\">\n\t\t\t\t\t<div class=\"elementor-column elementor-col-100 elementor-top-column elementor-element elementor-element-4ddefc2 sc_inner_width_none sc_content_align_inherit sc_layouts_column_icons_position_left sc_fly_static\" data-id=\"4ddefc2\" data-element_type=\"column\" data-e-type=\"column\">\n\t\t\t<div class=\"elementor-widget-wrap elementor-element-populated\">\n\t\t\t\t\t\t<div class=\"elementor-element elementor-element-5f23ebc sc_fly_static elementor-widget elementor-widget-trx_sc_title\" data-id=\"5f23ebc\" data-element_type=\"widget\" data-e-type=\"widget\" data-widget_type=\"trx_sc_title.default\">\n\t\t\t\t<div class=\"elementor-widget-container\">\n\t\t\t\t\t<div\t\tclass=\"sc_title sc_title_default\" ><h1 class=\"sc_item_title sc_title_title sc_item_title_style_default sc_item_title_tag\"\n\t\t\t><span class=\"sc_item_title_text\">Qui sommes-nous ?<\/span><\/h1><div class=\"sc_item_descr sc_title_descr\"><p>Le Centre dentaire Beyaz\u0131t est une clinique dentaire r\u00e9put\u00e9e situ\u00e9e \u00e0 Tekirda\u011f, en Turquie, qui propose des soins dentaires complets en mettant l'accent sur les normes th\u00e9rapeutiques modernes et une approche centr\u00e9e sur le patient.<\/p>\n<p><p>\nLes fondations de la clinique ont \u00e9t\u00e9 pos\u00e9es en 2000, lorsque le cabinet a ouvert ses portes sous la forme d'un petit cabinet dentaire. Au fil des ans, la clinique s'est d\u00e9velopp\u00e9e progressivement, passant d'un cabinet \u00e0 poste unique \u00e0 une polyclinique dentaire enti\u00e8rement \u00e9quip\u00e9e, dot\u00e9e de plusieurs postes de soins et de technologies modernes. Aujourd'hui, le Beyaz\u0131t Dental Center est un \u00e9tablissement dentaire moderne o\u00f9 une \u00e9quipe multidisciplinaire de dentistes propose une large gamme de traitements en dentisterie restauratrice, chirurgicale et esth\u00e9tique. <\/p>\n<\/div><\/div>\t\t\t\t<\/div>\n\t\t\t\t<\/div>\n\t\t\t\t<div class=\"elementor-element elementor-element-98fbf6c sc_fly_static elementor-widget elementor-widget-spacer\" data-id=\"98fbf6c\" data-element_type=\"widget\" data-e-type=\"widget\" data-widget_type=\"spacer.default\">\n\t\t\t\t<div class=\"elementor-widget-container\">\n\t\t\t\t\t\t\t<div class=\"elementor-spacer\">\n\t\t\t<div class=\"elementor-spacer-inner\"><\/div>\n\t\t<\/div>\n\t\t\t\t\t\t<\/div>\n\t\t\t\t<\/div>\n\t\t\t\t<div class=\"elementor-element elementor-element-969ce8e sc_fly_static elementor-widget elementor-widget-text-editor\" data-id=\"969ce8e\" data-element_type=\"widget\" data-e-type=\"widget\" data-widget_type=\"text-editor.default\">\n\t\t\t\t<div class=\"elementor-widget-container\">\n\t\t\t\t\t\t\t\t\t<p>Notre \u00e9quipe est compos\u00e9e de dentistes g\u00e9n\u00e9ralistes exp\u00e9riment\u00e9s et de sp\u00e9cialistes qui travaillent en collaboration pour proposer des traitements soigneusement planifi\u00e9s et adapt\u00e9s aux besoins individuels de chaque patient. En alliant notre exp\u00e9rience clinique aux derni\u00e8res technologies dentaires, nous visons \u00e0 obtenir des r\u00e9sultats fiables et durables tout en garantissant le confort de nos patients.<\/p><p>Le Centre dentaire Beyaz\u0131t propose des services dans de nombreux domaines de la dentisterie, notamment les traitements implantaires, la dentisterie proth\u00e9tique, l'endodontie, les soins parodontaux et la conception esth\u00e9tique du sourire. La clinique continue d'investir dans des \u00e9quipements modernes et la formation continue de son personnel afin d'offrir des soins dentaires de haute qualit\u00e9 aux patients de Tekirda\u011f et des r\u00e9gions environnantes.<\/p><p>Outre la prise en charge des patients locaux, le Centre dentaire Beyaz\u0131t est \u00e9galement agr\u00e9\u00e9 dans le cadre du programme turc de tourisme m\u00e9dical international, ce qui permet aux patients \u00e9trangers de b\u00e9n\u00e9ficier de soins dentaires dans un environnement m\u00e9dical r\u00e9glement\u00e9.<\/p><p>Notre philosophie repose sur trois principes fondamentaux :<br \/><strong>une dentisterie \u00e9thique, une planification transparente des traitements et un suivi \u00e0 long terme des patients.<\/strong><\/p>\t\t\t\t\t\t\t\t<\/div>\n\t\t\t\t<\/div>\n\t\t\t\t<div class=\"elementor-element elementor-element-c0e7d05 sc_fly_static elementor-widget elementor-widget-spacer\" data-id=\"c0e7d05\" data-element_type=\"widget\" data-e-type=\"widget\" data-widget_type=\"spacer.default\">\n\t\t\t\t<div class=\"elementor-widget-container\">\n\t\t\t\t\t\t\t<div class=\"elementor-spacer\">\n\t\t\t<div class=\"elementor-spacer-inner\"><\/div>\n\t\t<\/div>\n\t\t\t\t\t\t<\/div>\n\t\t\t\t<\/div>\n\t\t\t\t<div class=\"elementor-element elementor-element-6cef527 sc_fly_static elementor-widget elementor-widget-trx_sc_title\" data-id=\"6cef527\" data-element_type=\"widget\" data-e-type=\"widget\" data-widget_type=\"trx_sc_title.default\">\n\t\t\t\t<div class=\"elementor-widget-container\">\n\t\t\t\t\t<div\t\tclass=\"sc_title sc_title_default\" ><h1 class=\"sc_item_title sc_title_title sc_item_title_style_default sc_item_title_tag\"\n\t\t\t><span class=\"sc_item_title_text\">Notre histoire<\/span><\/h1><div class=\"sc_item_descr sc_title_descr\"><p>L'histoire du Centre dentaire Beyaz\u0131t a commenc\u00e9 en 2000, lorsque la clinique a ouvert ses portes en tant que petit cabinet dentaire d\u00e9di\u00e9 \u00e0 fournir des soins bucco-dentaires fiables \u00e0 la communaut\u00e9 locale.<\/p>\n<p><p>\nAu fur et \u00e0 mesure que la demande des patients augmentait, la clinique a agrandi ses locaux et \u00e9largi son offre de soins. Au fil des ans, le Centre dentaire Beyaz\u0131t s'est transform\u00e9 en une polyclinique dentaire moderne, dot\u00e9e de plusieurs unit\u00e9s de soins, d'une technologie de diagnostic de pointe et d'une \u00e9quipe grandissante de dentistes exp\u00e9riment\u00e9s.<\/p>\n<p><p>\nGr\u00e2ce \u00e0 un d\u00e9veloppement continu et \u00e0 des investissements dans la dentisterie moderne, la clinique s'est forg\u00e9 une solide r\u00e9putation dans la r\u00e9gion pour la qualit\u00e9 constante de ses soins dentaires ax\u00e9s sur le patient.<\/p>\n<p><p>\nAujourd'hui, le Centre dentaire Beyaz\u0131t est un \u00e9tablissement dentaire complet proposant une large gamme de soins, allant des soins pr\u00e9ventifs et de la dentisterie restauratrice aux proc\u00e9dures avanc\u00e9es d'implantologie et d'esth\u00e9tique dentaire.<\/p>\n<p><p>\nForte de plus de vingt ans d'exp\u00e9rience clinique, la clinique continue d'accueillir des patients locaux et internationaux tout en restant fid\u00e8le \u00e0 ses principes de qualit\u00e9, de s\u00e9curit\u00e9 et d'\u00e9thique professionnelle.<\/p>\n<\/div><\/div>\t\t\t\t<\/div>\n\t\t\t\t<\/div>\n\t\t\t\t<div class=\"elementor-element elementor-element-41c7090 sc_fly_static elementor-widget elementor-widget-spacer\" data-id=\"41c7090\" data-element_type=\"widget\" data-e-type=\"widget\" data-widget_type=\"spacer.default\">\n\t\t\t\t<div class=\"elementor-widget-container\">\n\t\t\t\t\t\t\t<div class=\"elementor-spacer\">\n\t\t\t<div class=\"elementor-spacer-inner\"><\/div>\n\t\t<\/div>\n\t\t\t\t\t\t<\/div>\n\t\t\t\t<\/div>\n\t\t\t\t<div class=\"elementor-element elementor-element-1d49d26 sc_fly_static elementor-widget elementor-widget-trx_sc_title\" data-id=\"1d49d26\" data-element_type=\"widget\" data-e-type=\"widget\" data-widget_type=\"trx_sc_title.default\">\n\t\t\t\t<div class=\"elementor-widget-container\">\n\t\t\t\t\t<div\t\tclass=\"sc_title sc_title_default\" ><h1 class=\"sc_item_title sc_title_title sc_item_title_style_default sc_item_title_tag\"\n\t\t\t><span class=\"sc_item_title_text\">Notre approche de la m\u00e9decine dentaire<\/span><\/h1><div class=\"sc_item_descr sc_title_descr\"><p>Au Centre dentaire Beyaz\u0131t, la dentisterie ne vise pas seulement \u00e0 embellir les sourires, mais aussi \u00e0 pr\u00e9server la sant\u00e9 bucco-dentaire \u00e0 long terme.<\/p>\n<p><p>\nNotre philosophie de traitement repose sur un diagnostic minutieux, une communication transparente et une planification personnalis\u00e9e des soins. L'\u00e9tat de sant\u00e9 bucco-dentaire de chaque patient est \u00e9valu\u00e9 individuellement, ce qui permet \u00e0 nos dentistes d'\u00e9laborer des plans de traitement ax\u00e9s \u00e0 la fois sur la fonctionnalit\u00e9 et l'esth\u00e9tique.<\/p>\n<p><p>\nNous sommes convaincus que la r\u00e9ussite d'un traitement dentaire repose sur une combinaison d'expertise clinique, de technologies modernes et d'une approche centr\u00e9e sur le patient. C'est pourquoi notre \u00e9quipe travaille en \u00e9troite collaboration avec chaque patient afin de lui expliquer clairement les options de traitement et de s'assurer que chaque \u00e9tape du processus est bien comprise.<\/p>\n<p><p>\nEn alliant notre exp\u00e9rience \u00e0 des m\u00e9thodes de traitement contemporaines, notre objectif est d'obtenir des r\u00e9sultats non seulement esth\u00e9tiques, mais aussi stables et durables dans le temps.<\/p>\n<\/div><\/div>\t\t\t\t<\/div>\n\t\t\t\t<\/div>\n\t\t\t\t<div class=\"elementor-element elementor-element-c8c6af6 sc_fly_static elementor-widget elementor-widget-spacer\" data-id=\"c8c6af6\" data-element_type=\"widget\" data-e-type=\"widget\" data-widget_type=\"spacer.default\">\n\t\t\t\t<div class=\"elementor-widget-container\">\n\t\t\t\t\t\t\t<div class=\"elementor-spacer\">\n\t\t\t<div class=\"elementor-spacer-inner\"><\/div>\n\t\t<\/div>\n\t\t\t\t\t\t<\/div>\n\t\t\t\t<\/div>\n\t\t\t\t<div class=\"elementor-element elementor-element-4386806 sc_fly_static elementor-widget elementor-widget-trx_sc_title\" data-id=\"4386806\" data-element_type=\"widget\" data-e-type=\"widget\" data-widget_type=\"trx_sc_title.default\">\n\t\t\t\t<div class=\"elementor-widget-container\">\n\t\t\t\t\t<div\t\tclass=\"sc_title sc_title_default\" ><h1 class=\"sc_item_title sc_title_title sc_item_title_style_default sc_item_title_tag\"\n\t\t\t><span class=\"sc_item_title_text\">Pourquoi choisir Tekirda\u011f pour un traitement dentaire ?<\/span><\/h1><div class=\"sc_item_descr sc_title_descr\"><p>Tekirda\u011f offre un cadre calme et agr\u00e9able aux patients qui pr\u00e9f\u00e8rent se faire soigner loin des centres touristiques tr\u00e8s fr\u00e9quent\u00e9s. Situ\u00e9e dans la partie europ\u00e9enne de la Turquie et facilement accessible depuis Istanbul, la ville offre une atmosph\u00e8re sereine o\u00f9 les patients peuvent se concentrer sur leur traitement et leur convalescence.<\/p>\n<p><p>\nContrairement aux grandes destinations touristiques, Tekirda\u011f permet aux cliniques de se concentrer davantage sur les soins prodigu\u00e9s aux patients plut\u00f4t que sur le tourisme dentaire de masse. Il en r\u00e9sulte souvent une prise en charge plus personnalis\u00e9e et une communication plus \u00e9troite entre les patients et les dentistes.<\/p>\n<p><p>\nLes patients qui se rendent au Centre dentaire Beyaz\u0131t b\u00e9n\u00e9ficient de soins dispens\u00e9s dans un cadre m\u00e9dical professionnel tout en s\u00e9journant dans une ville c\u00f4ti\u00e8re plus calme, au bord de la mer de Marmara. L'emplacement offre \u00e9galement des liaisons pratiques depuis Istanbul, ce qui le rend accessible aux visiteurs internationaux.<\/p>\n<p><p>\nPour de nombreux patients, le fait de choisir une clinique situ\u00e9e en dehors des grands centres touristiques leur permet de b\u00e9n\u00e9ficier d'un cadre plus agr\u00e9able pour leurs soins dentaires, tout en profitant du syst\u00e8me de sant\u00e9 bien \u00e9tabli de la Turquie et de l'expertise de professionnels dentaires exp\u00e9riment\u00e9s.<\/p>\n<\/div><\/div>\t\t\t\t<\/div>\n\t\t\t\t<\/div>\n\t\t\t\t<div class=\"elementor-element elementor-element-66f602e sc_fly_static elementor-widget elementor-widget-spacer\" data-id=\"66f602e\" data-element_type=\"widget\" data-e-type=\"widget\" data-widget_type=\"spacer.default\">\n\t\t\t\t<div class=\"elementor-widget-container\">\n\t\t\t\t\t\t\t<div class=\"elementor-spacer\">\n\t\t\t<div class=\"elementor-spacer-inner\"><\/div>\n\t\t<\/div>\n\t\t\t\t\t\t<\/div>\n\t\t\t\t<\/div>\n\t\t\t\t<div class=\"elementor-element elementor-element-9080095 sc_fly_static elementor-widget elementor-widget-trx_sc_button\" data-id=\"9080095\" data-element_type=\"widget\" data-e-type=\"widget\" data-widget_type=\"trx_sc_button.default\">\n\t\t\t\t<div class=\"elementor-widget-container\">\n\t\t\t\t\t<div\tclass=\"sc_item_button sc_button_wrap\" ><a href=\"https:\/\/beyazitdentalcenter.com\/fr\/iletisim\/\" class=\"sc_button sc_button_default sc_button_size_normal sc_button_icon_left color_style_link2\" ><span class=\"sc_button_text\"><span class=\"sc_button_title\">Contact<\/span><\/span><\/a><a href=\"tel:+447342353649\" class=\"sc_button sc_button_simple button_bg_icon_color sc_button_size_large sc_button_with_icon sc_button_icon_left color_style_dark\" style=\"margin-top: 1px;\" ><span class=\"sc_button_icon\"><span class=\"icon-call\"><\/span><\/span><span class=\"sc_button_text\"><span class=\"sc_button_title\">+44 7342 3536 49<\/span><\/span><\/a><\/div>\t\t\t\t<\/div>\n\t\t\t\t<\/div>\n\t\t\t\t<div class=\"elementor-element elementor-element-1391c92 sc_height_small sc_layouts_hide_on_tablet sc_fly_static elementor-widget elementor-widget-spacer\" data-id=\"1391c92\" data-element_type=\"widget\" data-e-type=\"widget\" data-widget_type=\"spacer.default\">\n\t\t\t\t<div class=\"elementor-widget-container\">\n\t\t\t\t\t\t\t<div class=\"elementor-spacer\">\n\t\t\t<div class=\"elementor-spacer-inner\"><\/div>\n\t\t<\/div>\n\t\t\t\t\t\t<\/div>\n\t\t\t\t<\/div>\n\t\t\t\t\t<\/div>\n\t\t<\/div>\n\t\t\t\t\t<\/div>\n\t\t<\/section>\n\t\t\t\t<section class=\"elementor-section elementor-top-section elementor-element elementor-element-378c7b6 elementor-section-boxed elementor-section-height-default elementor-section-height-default sc_fly_static\" data-id=\"378c7b6\" data-element_type=\"section\" data-e-type=\"section\">\n\t\t\t\t\t\t<div class=\"elementor-container elementor-column-gap-extended\">\n\t\t\t\t\t<div class=\"elementor-column elementor-col-100 elementor-top-column elementor-element elementor-element-005caf3 sc_inner_width_none sc_content_align_inherit sc_layouts_column_icons_position_left sc_fly_static\" data-id=\"005caf3\" data-element_type=\"column\" data-e-type=\"column\">\n\t\t\t<div class=\"elementor-widget-wrap elementor-element-populated\">\n\t\t\t\t\t\t<div class=\"elementor-element elementor-element-7674ac8 sc_height_huge sc_fly_static elementor-widget elementor-widget-spacer\" data-id=\"7674ac8\" data-element_type=\"widget\" data-e-type=\"widget\" data-widget_type=\"spacer.default\">\n\t\t\t\t<div class=\"elementor-widget-container\">\n\t\t\t\t\t\t\t<div class=\"elementor-spacer\">\n\t\t\t<div class=\"elementor-spacer-inner\"><\/div>\n\t\t<\/div>\n\t\t\t\t\t\t<\/div>\n\t\t\t\t<\/div>\n\t\t\t\t\t<\/div>\n\t\t<\/div>\n\t\t\t\t\t<\/div>\n\t\t<\/section>\n\t\t\t\t<\/div>","protected":false},"excerpt":{"rendered":"<p>WHO WE ARE? Who We Are? Beyaz\u0131t Dental Center is an established dental clinic located in Tekirda\u011f, Turkey, providing comprehensive dental care with a focus on modern treatment standards and&hellip;<\/p>","protected":false},"author":5,"featured_media":0,"parent":0,"menu_order":0,"comment_status":"closed","ping_status":"closed","template":"","meta":{"footnotes":""},"class_list":["post-18412","page","type-page","status-publish","hentry"],"yoast_head":"<!-- This site is optimized with the Yoast SEO plugin v27.3 - https:\/\/yoast.com\/product\/yoast-seo-wordpress\/ -->\n<title>About Us - Beyazit Dental Center<\/title>\n<meta name=\"robots\" content=\"index, follow, max-snippet:-1, max-image-preview:large, max-video-preview:-1\" \/>\n<link rel=\"canonical\" href=\"https:\/\/beyazitdentalcenter.com\/fr\/about-us\/\" \/>\n<meta property=\"og:locale\" content=\"fr_FR\" \/>\n<meta property=\"og:type\" content=\"article\" \/>\n<meta property=\"og:title\" content=\"About Us - Beyazit Dental Center\" \/>\n<meta property=\"og:description\" content=\"WHO WE ARE? Who We Are? Beyaz\u0131t Dental Center is an established dental clinic located in Tekirda\u011f, Turkey, providing comprehensive dental care with a focus on modern treatment standards and&hellip;\" \/>\n<meta property=\"og:url\" content=\"https:\/\/beyazitdentalcenter.com\/fr\/about-us\/\" \/>\n<meta property=\"og:site_name\" content=\"Beyazit Dental Center\" \/>\n<meta property=\"article:modified_time\" content=\"2026-03-22T12:41:51+00:00\" \/>\n<meta name=\"twitter:card\" content=\"summary_large_image\" \/>\n<meta name=\"twitter:label1\" content=\"Dur\u00e9e de lecture estim\u00e9e\" \/>\n\t<meta name=\"twitter:data1\" content=\"4 minutes\" \/>\n<script type=\"application\/ld+json\" class=\"yoast-schema-graph\">{\"@context\":\"https:\\\/\\\/schema.org\",\"@graph\":[{\"@type\":\"WebPage\",\"@id\":\"https:\\\/\\\/beyazitdentalcenter.com\\\/about-us\\\/\",\"url\":\"https:\\\/\\\/beyazitdentalcenter.com\\\/about-us\\\/\",\"name\":\"About Us - Beyazit Dental Center\",\"isPartOf\":{\"@id\":\"https:\\\/\\\/beyazitdentalcenter.com\\\/#website\"},\"datePublished\":\"2022-01-28T13:46:00+00:00\",\"dateModified\":\"2026-03-22T12:41:51+00:00\",\"breadcrumb\":{\"@id\":\"https:\\\/\\\/beyazitdentalcenter.com\\\/about-us\\\/#breadcrumb\"},\"inLanguage\":\"fr-FR\",\"potentialAction\":[{\"@type\":\"ReadAction\",\"target\":[\"https:\\\/\\\/beyazitdentalcenter.com\\\/about-us\\\/\"]}]},{\"@type\":\"BreadcrumbList\",\"@id\":\"https:\\\/\\\/beyazitdentalcenter.com\\\/about-us\\\/#breadcrumb\",\"itemListElement\":[{\"@type\":\"ListItem\",\"position\":1,\"name\":\"Home\",\"item\":\"https:\\\/\\\/beyazitdentalcenter.com\\\/\"},{\"@type\":\"ListItem\",\"position\":2,\"name\":\"About Us\"}]},{\"@type\":\"WebSite\",\"@id\":\"https:\\\/\\\/beyazitdentalcenter.com\\\/#website\",\"url\":\"https:\\\/\\\/beyazitdentalcenter.com\\\/\",\"name\":\"Beyazit Dental Center\",\"description\":\"Enjoy Your Smile\",\"publisher\":{\"@id\":\"https:\\\/\\\/beyazitdentalcenter.com\\\/#organization\"},\"potentialAction\":[{\"@type\":\"SearchAction\",\"target\":{\"@type\":\"EntryPoint\",\"urlTemplate\":\"https:\\\/\\\/beyazitdentalcenter.com\\\/?s={search_term_string}\"},\"query-input\":{\"@type\":\"PropertyValueSpecification\",\"valueRequired\":true,\"valueName\":\"search_term_string\"}}],\"inLanguage\":\"fr-FR\"},{\"@type\":\"Organization\",\"@id\":\"https:\\\/\\\/beyazitdentalcenter.com\\\/#organization\",\"name\":\"Denta Aesthetic Turkey\",\"url\":\"https:\\\/\\\/beyazitdentalcenter.com\\\/\",\"logo\":{\"@type\":\"ImageObject\",\"inLanguage\":\"fr-FR\",\"@id\":\"https:\\\/\\\/beyazitdentalcenter.com\\\/#\\\/schema\\\/logo\\\/image\\\/\",\"url\":\"https:\\\/\\\/beyazitdentalcenter.com\\\/wp-content\\\/uploads\\\/2026\\\/03\\\/beyazit-header-logo-negative.webp\",\"contentUrl\":\"https:\\\/\\\/beyazitdentalcenter.com\\\/wp-content\\\/uploads\\\/2026\\\/03\\\/beyazit-header-logo-negative.webp\",\"width\":600,\"height\":375,\"caption\":\"Denta Aesthetic Turkey\"},\"image\":{\"@id\":\"https:\\\/\\\/beyazitdentalcenter.com\\\/#\\\/schema\\\/logo\\\/image\\\/\"}}]}<\/script>\n<!-- \/ Yoast SEO plugin. -->","yoast_head_json":{"title":"About Us - Beyazit Dental Center","robots":{"index":"index","follow":"follow","max-snippet":"max-snippet:-1","max-image-preview":"max-image-preview:large","max-video-preview":"max-video-preview:-1"},"canonical":"https:\/\/beyazitdentalcenter.com\/fr\/about-us\/","og_locale":"fr_FR","og_type":"article","og_title":"About Us - Beyazit Dental Center","og_description":"WHO WE ARE? Who We Are? Beyaz\u0131t Dental Center is an established dental clinic located in Tekirda\u011f, Turkey, providing comprehensive dental care with a focus on modern treatment standards and&hellip;","og_url":"https:\/\/beyazitdentalcenter.com\/fr\/about-us\/","og_site_name":"Beyazit Dental Center","article_modified_time":"2026-03-22T12:41:51+00:00","twitter_card":"summary_large_image","twitter_misc":{"Dur\u00e9e de lecture estim\u00e9e":"4 minutes"},"schema":{"@context":"https:\/\/schema.org","@graph":[{"@type":"WebPage","@id":"https:\/\/beyazitdentalcenter.com\/about-us\/","url":"https:\/\/beyazitdentalcenter.com\/about-us\/","name":"About Us - Beyazit Dental Center","isPartOf":{"@id":"https:\/\/beyazitdentalcenter.com\/#website"},"datePublished":"2022-01-28T13:46:00+00:00","dateModified":"2026-03-22T12:41:51+00:00","breadcrumb":{"@id":"https:\/\/beyazitdentalcenter.com\/about-us\/#breadcrumb"},"inLanguage":"fr-FR","potentialAction":[{"@type":"ReadAction","target":["https:\/\/beyazitdentalcenter.com\/about-us\/"]}]},{"@type":"BreadcrumbList","@id":"https:\/\/beyazitdentalcenter.com\/about-us\/#breadcrumb","itemListElement":[{"@type":"ListItem","position":1,"name":"Home","item":"https:\/\/beyazitdentalcenter.com\/"},{"@type":"ListItem","position":2,"name":"About Us"}]},{"@type":"WebSite","@id":"https:\/\/beyazitdentalcenter.com\/#website","url":"https:\/\/beyazitdentalcenter.com\/","name":"Beyazit Dental Center","description":"Enjoy Your Smile","publisher":{"@id":"https:\/\/beyazitdentalcenter.com\/#organization"},"potentialAction":[{"@type":"SearchAction","target":{"@type":"EntryPoint","urlTemplate":"https:\/\/beyazitdentalcenter.com\/?s={search_term_string}"},"query-input":{"@type":"PropertyValueSpecification","valueRequired":true,"valueName":"search_term_string"}}],"inLanguage":"fr-FR"},{"@type":"Organization","@id":"https:\/\/beyazitdentalcenter.com\/#organization","name":"Denta Aesthetic Turkey","url":"https:\/\/beyazitdentalcenter.com\/","logo":{"@type":"ImageObject","inLanguage":"fr-FR","@id":"https:\/\/beyazitdentalcenter.com\/#\/schema\/logo\/image\/","url":"https:\/\/beyazitdentalcenter.com\/wp-content\/uploads\/2026\/03\/beyazit-header-logo-negative.webp","contentUrl":"https:\/\/beyazitdentalcenter.com\/wp-content\/uploads\/2026\/03\/beyazit-header-logo-negative.webp","width":600,"height":375,"caption":"Denta Aesthetic Turkey"},"image":{"@id":"https:\/\/beyazitdentalcenter.com\/#\/schema\/logo\/image\/"}}]}},"_links":{"self":[{"href":"https:\/\/beyazitdentalcenter.com\/fr\/wp-json\/wp\/v2\/pages\/18412","targetHints":{"allow":["GET"]}}],"collection":[{"href":"https:\/\/beyazitdentalcenter.com\/fr\/wp-json\/wp\/v2\/pages"}],"about":[{"href":"https:\/\/beyazitdentalcenter.com\/fr\/wp-json\/wp\/v2\/types\/page"}],"author":[{"embeddable":true,"href":"https:\/\/beyazitdentalcenter.com\/fr\/wp-json\/wp\/v2\/users\/5"}],"replies":[{"embeddable":true,"href":"https:\/\/beyazitdentalcenter.com\/fr\/wp-json\/wp\/v2\/comments?post=18412"}],"version-history":[{"count":26,"href":"https:\/\/beyazitdentalcenter.com\/fr\/wp-json\/wp\/v2\/pages\/18412\/revisions"}],"predecessor-version":[{"id":26705,"href":"https:\/\/beyazitdentalcenter.com\/fr\/wp-json\/wp\/v2\/pages\/18412\/revisions\/26705"}],"wp:attachment":[{"href":"https:\/\/beyazitdentalcenter.com\/fr\/wp-json\/wp\/v2\/media?parent=18412"}],"curies":[{"name":"wp","href":"https:\/\/api.w.org\/{rel}","templated":true}]}}