{"id":25271,"date":"2025-12-08T07:35:34","date_gmt":"2025-12-08T07:35:34","guid":{"rendered":"https:\/\/beyazitdentalcenter.com\/?page_id=25271"},"modified":"2026-03-30T08:51:26","modified_gmt":"2026-03-30T08:51:26","slug":"endodontics-specialist-dt-enes-bodur","status":"publish","type":"page","link":"https:\/\/beyazitdentalcenter.com\/de\/our-doctors\/endodontics-specialist-dt-enes-bodur\/","title":{"rendered":"Endodontie-Spezialist Dt. Enes Bodur"},"content":{"rendered":"<div data-elementor-type=\"wp-page\" data-elementor-id=\"25271\" class=\"elementor elementor-25271\" data-elementor-post-type=\"page\">\n\t\t\t\t\t\t<section class=\"elementor-section elementor-top-section elementor-element elementor-element-2178f03 elementor-section-boxed elementor-section-height-default elementor-section-height-default sc_fly_static\" data-id=\"2178f03\" data-element_type=\"section\">\n\t\t\t\t\t\t<div class=\"elementor-container elementor-column-gap-extended\">\n\t\t\t\t\t<div class=\"elementor-column elementor-col-100 elementor-top-column elementor-element elementor-element-a199751 sc_inner_width_none sc_content_align_inherit sc_layouts_column_icons_position_left sc_fly_static\" data-id=\"a199751\" data-element_type=\"column\">\n\t\t\t<div class=\"elementor-widget-wrap elementor-element-populated\">\n\t\t\t\t\t\t<div class=\"elementor-element elementor-element-227f534 sc_height_huge sc_fly_static elementor-widget elementor-widget-spacer\" data-id=\"227f534\" data-element_type=\"widget\" data-widget_type=\"spacer.default\">\n\t\t\t\t<div class=\"elementor-widget-container\">\n\t\t\t\t\t\t\t<div class=\"elementor-spacer\">\n\t\t\t<div class=\"elementor-spacer-inner\"><\/div>\n\t\t<\/div>\n\t\t\t\t\t\t<\/div>\n\t\t\t\t<\/div>\n\t\t\t\t\t<\/div>\n\t\t<\/div>\n\t\t\t\t\t<\/div>\n\t\t<\/section>\n\t\t\t\t<section class=\"elementor-section elementor-top-section elementor-element elementor-element-dc1eb7a elementor-section-full_width elementor-section-stretched elementor-section-height-default elementor-section-height-default sc_fly_static\" data-id=\"dc1eb7a\" data-element_type=\"section\" data-settings=\"{&quot;stretch_section&quot;:&quot;section-stretched&quot;,&quot;background_background&quot;:&quot;classic&quot;}\">\n\t\t\t\t\t\t\t<div class=\"elementor-background-overlay\"><\/div>\n\t\t\t\t\t\t\t<div class=\"elementor-container elementor-column-gap-extended\">\n\t\t\t\t\t<div class=\"elementor-column elementor-col-100 elementor-top-column elementor-element elementor-element-dc7ac06 sc_inner_width_none sc_content_align_inherit sc_layouts_column_icons_position_left sc_fly_static\" data-id=\"dc7ac06\" data-element_type=\"column\">\n\t\t\t<div class=\"elementor-widget-wrap elementor-element-populated\">\n\t\t\t\t\t\t<div class=\"elementor-element elementor-element-1390eb6 elementor-widget__width-inherit sc_fly_static elementor-widget elementor-widget-heading\" data-id=\"1390eb6\" data-element_type=\"widget\" data-widget_type=\"heading.default\">\n\t\t\t\t<div class=\"elementor-widget-container\">\n\t\t\t\t\t<h2 class=\"elementor-heading-title elementor-size-default\">ENDODOTICS SP. DT. ENES BODUR<\/h2>\t\t\t\t<\/div>\n\t\t\t\t<\/div>\n\t\t\t\t\t<\/div>\n\t\t<\/div>\n\t\t\t\t\t<\/div>\n\t\t<\/section>\n\t\t\t\t<section class=\"elementor-section elementor-top-section elementor-element elementor-element-6f8a065 elementor-section-boxed elementor-section-height-default elementor-section-height-default sc_fly_static\" data-id=\"6f8a065\" data-element_type=\"section\">\n\t\t\t\t\t\t<div class=\"elementor-container elementor-column-gap-extended\">\n\t\t\t\t\t<div class=\"elementor-column elementor-col-33 elementor-top-column elementor-element elementor-element-b896d72 sc_inner_width_none sc_content_align_inherit sc_layouts_column_icons_position_left sc_fly_static\" data-id=\"b896d72\" data-element_type=\"column\">\n\t\t\t<div class=\"elementor-widget-wrap elementor-element-populated\">\n\t\t\t\t\t\t<div class=\"elementor-element elementor-element-c6e5762 sc_fly_static elementor-widget elementor-widget-image\" data-id=\"c6e5762\" data-element_type=\"widget\" data-widget_type=\"image.default\">\n\t\t\t\t<div class=\"elementor-widget-container\">\n\t\t\t\t\t\t\t\t\t\t\t\t\t\t\t<img fetchpriority=\"high\" decoding=\"async\" width=\"576\" height=\"1024\" src=\"https:\/\/beyazitdentalcenter.com\/wp-content\/uploads\/2026\/03\/specialist-dt.-enes-bodur-1-576x1024.webp\" class=\"attachment-large size-large wp-image-26122\" alt=\"\" srcset=\"https:\/\/beyazitdentalcenter.com\/wp-content\/uploads\/2026\/03\/specialist-dt.-enes-bodur-1-576x1024.webp 576w, https:\/\/beyazitdentalcenter.com\/wp-content\/uploads\/2026\/03\/specialist-dt.-enes-bodur-1-169x300.webp 169w, https:\/\/beyazitdentalcenter.com\/wp-content\/uploads\/2026\/03\/specialist-dt.-enes-bodur-1-768x1366.webp 768w, https:\/\/beyazitdentalcenter.com\/wp-content\/uploads\/2026\/03\/specialist-dt.-enes-bodur-1-864x1536.webp 864w, https:\/\/beyazitdentalcenter.com\/wp-content\/uploads\/2026\/03\/specialist-dt.-enes-bodur-1-1152x2048.webp 1152w, https:\/\/beyazitdentalcenter.com\/wp-content\/uploads\/2026\/03\/specialist-dt.-enes-bodur-1-7x12.webp 7w, https:\/\/beyazitdentalcenter.com\/wp-content\/uploads\/2026\/03\/specialist-dt.-enes-bodur-1-370x658.webp 370w, https:\/\/beyazitdentalcenter.com\/wp-content\/uploads\/2026\/03\/specialist-dt.-enes-bodur-1-840x1494.webp 840w, https:\/\/beyazitdentalcenter.com\/wp-content\/uploads\/2026\/03\/specialist-dt.-enes-bodur-1-410x729.webp 410w, https:\/\/beyazitdentalcenter.com\/wp-content\/uploads\/2026\/03\/specialist-dt.-enes-bodur-1.webp 1406w\" sizes=\"(max-width: 600px) 100vw, 576px\" \/>\t\t\t\t\t\t\t\t\t\t\t\t\t\t\t<\/div>\n\t\t\t\t<\/div>\n\t\t\t\t\t<\/div>\n\t\t<\/div>\n\t\t\t\t<div class=\"elementor-column elementor-col-66 elementor-top-column elementor-element elementor-element-3010129 sc_inner_width_none sc_content_align_inherit sc_layouts_column_icons_position_left sc_fly_static\" data-id=\"3010129\" data-element_type=\"column\">\n\t\t\t<div class=\"elementor-widget-wrap elementor-element-populated\">\n\t\t\t\t\t\t<div class=\"elementor-element elementor-element-3eba6f9 sc_fly_static elementor-widget elementor-widget-trx_sc_title\" data-id=\"3eba6f9\" data-element_type=\"widget\" data-widget_type=\"trx_sc_title.default\">\n\t\t\t\t<div class=\"elementor-widget-container\">\n\t\t\t\t\t<div\t\tclass=\"sc_title sc_title_default\" ><h1 class=\"sc_item_title sc_title_title sc_item_title_style_default sc_item_title_tag\"\n\t\t\t><span class=\"sc_item_title_text\">Endodontie-Spezialist Dt. Enes Bodur<\/span><\/h1><\/div>\t\t\t\t<\/div>\n\t\t\t\t<\/div>\n\t\t\t\t<div class=\"elementor-element elementor-element-66fd9ed sc_fly_static elementor-widget elementor-widget-text-editor\" data-id=\"66fd9ed\" data-element_type=\"widget\" data-widget_type=\"text-editor.default\">\n\t\t\t\t<div class=\"elementor-widget-container\">\n\t\t\t\t\t\t\t\t\t<p data-start=\"39\" data-end=\"319\">Sie wurde 1998 in Istanbul geboren. Im Jahr 2016 schloss sie ihre Schulausbildung an der Gaziosmanpa\u015fa Anatolischen Oberschule ab und begann im selben Jahr ihr Studium an der Zahnmedizinischen Fakult\u00e4t der Trakya Universit\u00e4t. Im Jahr 2021 schloss sie die Fakult\u00e4t f\u00fcr Zahnmedizin ab und erhielt den Titel \u201eZahn\u00e4rztin\u201c.<\/p><p data-start=\"321\" data-end=\"536\">Um ihre beruflichen Kenntnisse und F\u00e4higkeiten weiter auszubauen, begann sie 2022 ihre Facharztausbildung an der Zahnmedizinischen Fakult\u00e4t der Universit\u00e4t Ordu, Abteilung f\u00fcr Endodontie, und erhielt 2025 den Titel \u201eFachzahn\u00e4rztin\u201c.<\/p><p data-start=\"538\" data-end=\"626\">Seit 2025 nimmt sie Patienten in der privaten Beyaz\u0131t Klinik f\u00fcr orale und dentale Gesundheit an. <strong data-start=\"579\" data-end=\"625\">.<\/strong>.<\/p>\t\t\t\t\t\t\t\t<\/div>\n\t\t\t\t<\/div>\n\t\t\t\t\t<\/div>\n\t\t<\/div>\n\t\t\t\t\t<\/div>\n\t\t<\/section>\n\t\t\t\t<section class=\"elementor-section elementor-top-section elementor-element elementor-element-f292d84 elementor-section-boxed elementor-section-height-default elementor-section-height-default sc_fly_static\" data-id=\"f292d84\" data-element_type=\"section\">\n\t\t\t\t\t\t<div class=\"elementor-container elementor-column-gap-extended\">\n\t\t\t\t\t<div class=\"elementor-column elementor-col-100 elementor-top-column elementor-element elementor-element-a002c99 sc_inner_width_none sc_content_align_inherit sc_layouts_column_icons_position_left sc_fly_static\" data-id=\"a002c99\" data-element_type=\"column\">\n\t\t\t<div class=\"elementor-widget-wrap elementor-element-populated\">\n\t\t\t\t\t\t<div class=\"elementor-element elementor-element-7aa0be5 sc_height_huge sc_fly_static elementor-widget elementor-widget-spacer\" data-id=\"7aa0be5\" data-element_type=\"widget\" data-widget_type=\"spacer.default\">\n\t\t\t\t<div class=\"elementor-widget-container\">\n\t\t\t\t\t\t\t<div class=\"elementor-spacer\">\n\t\t\t<div class=\"elementor-spacer-inner\"><\/div>\n\t\t<\/div>\n\t\t\t\t\t\t<\/div>\n\t\t\t\t<\/div>\n\t\t\t\t\t<\/div>\n\t\t<\/div>\n\t\t\t\t\t<\/div>\n\t\t<\/section>\n\t\t\t\t<\/div>","protected":false},"excerpt":{"rendered":"<p>ENDODOTICS SP. DT. ENES BODUR ENDODONTICS SPECIALIST DT. ENES BODUR Born in 1998 in Istanbul, she completed her high school education at Gaziosmanpa\u015fa Anatolian High School in 2016 and started&hellip;<\/p>","protected":false},"author":5,"featured_media":0,"parent":25319,"menu_order":0,"comment_status":"closed","ping_status":"closed","template":"","meta":{"footnotes":""},"class_list":["post-25271","page","type-page","status-publish","hentry"],"yoast_head":"<!-- This site is optimized with the Yoast SEO plugin v27.2 - https:\/\/yoast.com\/product\/yoast-seo-wordpress\/ -->\n<title>Endodontics Specialist Dt. Enes Bodur - Beyazit Dental Center<\/title>\n<meta name=\"robots\" content=\"index, follow, max-snippet:-1, max-image-preview:large, max-video-preview:-1\" \/>\n<link rel=\"canonical\" href=\"https:\/\/beyazitdentalcenter.com\/de\/our-doctors\/endodontics-specialist-dt-enes-bodur\/\" \/>\n<meta property=\"og:locale\" content=\"de_DE\" \/>\n<meta property=\"og:type\" content=\"article\" \/>\n<meta property=\"og:title\" content=\"Endodontics Specialist Dt. Enes Bodur - Beyazit Dental Center\" \/>\n<meta property=\"og:description\" content=\"ENDODOTICS SP. DT. ENES BODUR ENDODONTICS SPECIALIST DT. ENES BODUR Born in 1998 in Istanbul, she completed her high school education at Gaziosmanpa\u015fa Anatolian High School in 2016 and started&hellip;\" \/>\n<meta property=\"og:url\" content=\"https:\/\/beyazitdentalcenter.com\/de\/our-doctors\/endodontics-specialist-dt-enes-bodur\/\" \/>\n<meta property=\"og:site_name\" content=\"Beyazit Dental Center\" \/>\n<meta property=\"article:modified_time\" content=\"2026-03-30T08:51:26+00:00\" \/>\n<meta property=\"og:image\" content=\"https:\/\/beyazitdentalcenter.com\/wp-content\/uploads\/2026\/03\/specialist-dt.-enes-bodur-1.webp\" \/>\n\t<meta property=\"og:image:width\" content=\"1406\" \/>\n\t<meta property=\"og:image:height\" content=\"2500\" \/>\n\t<meta property=\"og:image:type\" content=\"image\/webp\" \/>\n<meta name=\"twitter:card\" content=\"summary_large_image\" \/>\n<meta name=\"twitter:label1\" content=\"Gesch\u00e4tzte Lesezeit\" \/>\n\t<meta name=\"twitter:data1\" content=\"1\u00a0Minute\" \/>\n<script type=\"application\/ld+json\" class=\"yoast-schema-graph\">{\"@context\":\"https:\/\/schema.org\",\"@graph\":[{\"@type\":\"WebPage\",\"@id\":\"https:\/\/beyazitdentalcenter.com\/our-doctors\/endodontics-specialist-dt-enes-bodur\/\",\"url\":\"https:\/\/beyazitdentalcenter.com\/our-doctors\/endodontics-specialist-dt-enes-bodur\/\",\"name\":\"Endodontics Specialist Dt. Enes Bodur - Beyazit Dental Center\",\"isPartOf\":{\"@id\":\"https:\/\/beyazitdentalcenter.com\/#website\"},\"primaryImageOfPage\":{\"@id\":\"https:\/\/beyazitdentalcenter.com\/our-doctors\/endodontics-specialist-dt-enes-bodur\/#primaryimage\"},\"image\":{\"@id\":\"https:\/\/beyazitdentalcenter.com\/our-doctors\/endodontics-specialist-dt-enes-bodur\/#primaryimage\"},\"thumbnailUrl\":\"https:\/\/beyazitdentalcenter.com\/wp-content\/uploads\/2026\/03\/specialist-dt.-enes-bodur-1-576x1024.webp\",\"datePublished\":\"2025-12-08T07:35:34+00:00\",\"dateModified\":\"2026-03-30T08:51:26+00:00\",\"breadcrumb\":{\"@id\":\"https:\/\/beyazitdentalcenter.com\/our-doctors\/endodontics-specialist-dt-enes-bodur\/#breadcrumb\"},\"inLanguage\":\"de\",\"potentialAction\":[{\"@type\":\"ReadAction\",\"target\":[\"https:\/\/beyazitdentalcenter.com\/our-doctors\/endodontics-specialist-dt-enes-bodur\/\"]}]},{\"@type\":\"ImageObject\",\"inLanguage\":\"de\",\"@id\":\"https:\/\/beyazitdentalcenter.com\/our-doctors\/endodontics-specialist-dt-enes-bodur\/#primaryimage\",\"url\":\"https:\/\/beyazitdentalcenter.com\/wp-content\/uploads\/2026\/03\/specialist-dt.-enes-bodur-1-576x1024.webp\",\"contentUrl\":\"https:\/\/beyazitdentalcenter.com\/wp-content\/uploads\/2026\/03\/specialist-dt.-enes-bodur-1-576x1024.webp\"},{\"@type\":\"BreadcrumbList\",\"@id\":\"https:\/\/beyazitdentalcenter.com\/our-doctors\/endodontics-specialist-dt-enes-bodur\/#breadcrumb\",\"itemListElement\":[{\"@type\":\"ListItem\",\"position\":1,\"name\":\"Home\",\"item\":\"https:\/\/beyazitdentalcenter.com\/\"},{\"@type\":\"ListItem\",\"position\":2,\"name\":\"OUR DOCTORS\",\"item\":\"https:\/\/beyazitdentalcenter.com\/our-doctors\/\"},{\"@type\":\"ListItem\",\"position\":3,\"name\":\"Endodontics Specialist Dt. Enes Bodur\"}]},{\"@type\":\"WebSite\",\"@id\":\"https:\/\/beyazitdentalcenter.com\/#website\",\"url\":\"https:\/\/beyazitdentalcenter.com\/\",\"name\":\"Beyazit Dental Center\",\"description\":\"Enjoy Your Smile\",\"publisher\":{\"@id\":\"https:\/\/beyazitdentalcenter.com\/#organization\"},\"potentialAction\":[{\"@type\":\"SearchAction\",\"target\":{\"@type\":\"EntryPoint\",\"urlTemplate\":\"https:\/\/beyazitdentalcenter.com\/?s={search_term_string}\"},\"query-input\":{\"@type\":\"PropertyValueSpecification\",\"valueRequired\":true,\"valueName\":\"search_term_string\"}}],\"inLanguage\":\"de\"},{\"@type\":\"Organization\",\"@id\":\"https:\/\/beyazitdentalcenter.com\/#organization\",\"name\":\"Denta Aesthetic Turkey\",\"url\":\"https:\/\/beyazitdentalcenter.com\/\",\"logo\":{\"@type\":\"ImageObject\",\"inLanguage\":\"de\",\"@id\":\"https:\/\/beyazitdentalcenter.com\/#\/schema\/logo\/image\/\",\"url\":\"https:\/\/beyazitdentalcenter.com\/wp-content\/uploads\/2026\/03\/beyazit-header-logo-negative.webp\",\"contentUrl\":\"https:\/\/beyazitdentalcenter.com\/wp-content\/uploads\/2026\/03\/beyazit-header-logo-negative.webp\",\"width\":600,\"height\":375,\"caption\":\"Denta Aesthetic Turkey\"},\"image\":{\"@id\":\"https:\/\/beyazitdentalcenter.com\/#\/schema\/logo\/image\/\"}}]}<\/script>\n<!-- \/ Yoast SEO plugin. -->","yoast_head_json":{"title":"Endodontics Specialist Dt. Enes Bodur - Beyazit Dental Center","robots":{"index":"index","follow":"follow","max-snippet":"max-snippet:-1","max-image-preview":"max-image-preview:large","max-video-preview":"max-video-preview:-1"},"canonical":"https:\/\/beyazitdentalcenter.com\/de\/our-doctors\/endodontics-specialist-dt-enes-bodur\/","og_locale":"de_DE","og_type":"article","og_title":"Endodontics Specialist Dt. Enes Bodur - Beyazit Dental Center","og_description":"ENDODOTICS SP. DT. ENES BODUR ENDODONTICS SPECIALIST DT. ENES BODUR Born in 1998 in Istanbul, she completed her high school education at Gaziosmanpa\u015fa Anatolian High School in 2016 and started&hellip;","og_url":"https:\/\/beyazitdentalcenter.com\/de\/our-doctors\/endodontics-specialist-dt-enes-bodur\/","og_site_name":"Beyazit Dental Center","article_modified_time":"2026-03-30T08:51:26+00:00","og_image":[{"width":1406,"height":2500,"url":"https:\/\/beyazitdentalcenter.com\/wp-content\/uploads\/2026\/03\/specialist-dt.-enes-bodur-1.webp","type":"image\/webp"}],"twitter_card":"summary_large_image","twitter_misc":{"Gesch\u00e4tzte Lesezeit":"1\u00a0Minute"},"schema":{"@context":"https:\/\/schema.org","@graph":[{"@type":"WebPage","@id":"https:\/\/beyazitdentalcenter.com\/our-doctors\/endodontics-specialist-dt-enes-bodur\/","url":"https:\/\/beyazitdentalcenter.com\/our-doctors\/endodontics-specialist-dt-enes-bodur\/","name":"Endodontics Specialist Dt. Enes Bodur - Beyazit Dental Center","isPartOf":{"@id":"https:\/\/beyazitdentalcenter.com\/#website"},"primaryImageOfPage":{"@id":"https:\/\/beyazitdentalcenter.com\/our-doctors\/endodontics-specialist-dt-enes-bodur\/#primaryimage"},"image":{"@id":"https:\/\/beyazitdentalcenter.com\/our-doctors\/endodontics-specialist-dt-enes-bodur\/#primaryimage"},"thumbnailUrl":"https:\/\/beyazitdentalcenter.com\/wp-content\/uploads\/2026\/03\/specialist-dt.-enes-bodur-1-576x1024.webp","datePublished":"2025-12-08T07:35:34+00:00","dateModified":"2026-03-30T08:51:26+00:00","breadcrumb":{"@id":"https:\/\/beyazitdentalcenter.com\/our-doctors\/endodontics-specialist-dt-enes-bodur\/#breadcrumb"},"inLanguage":"de","potentialAction":[{"@type":"ReadAction","target":["https:\/\/beyazitdentalcenter.com\/our-doctors\/endodontics-specialist-dt-enes-bodur\/"]}]},{"@type":"ImageObject","inLanguage":"de","@id":"https:\/\/beyazitdentalcenter.com\/our-doctors\/endodontics-specialist-dt-enes-bodur\/#primaryimage","url":"https:\/\/beyazitdentalcenter.com\/wp-content\/uploads\/2026\/03\/specialist-dt.-enes-bodur-1-576x1024.webp","contentUrl":"https:\/\/beyazitdentalcenter.com\/wp-content\/uploads\/2026\/03\/specialist-dt.-enes-bodur-1-576x1024.webp"},{"@type":"BreadcrumbList","@id":"https:\/\/beyazitdentalcenter.com\/our-doctors\/endodontics-specialist-dt-enes-bodur\/#breadcrumb","itemListElement":[{"@type":"ListItem","position":1,"name":"Home","item":"https:\/\/beyazitdentalcenter.com\/"},{"@type":"ListItem","position":2,"name":"OUR DOCTORS","item":"https:\/\/beyazitdentalcenter.com\/our-doctors\/"},{"@type":"ListItem","position":3,"name":"Endodontics Specialist Dt. Enes Bodur"}]},{"@type":"WebSite","@id":"https:\/\/beyazitdentalcenter.com\/#website","url":"https:\/\/beyazitdentalcenter.com\/","name":"Beyazit Dental Center","description":"Enjoy Your Smile","publisher":{"@id":"https:\/\/beyazitdentalcenter.com\/#organization"},"potentialAction":[{"@type":"SearchAction","target":{"@type":"EntryPoint","urlTemplate":"https:\/\/beyazitdentalcenter.com\/?s={search_term_string}"},"query-input":{"@type":"PropertyValueSpecification","valueRequired":true,"valueName":"search_term_string"}}],"inLanguage":"de"},{"@type":"Organization","@id":"https:\/\/beyazitdentalcenter.com\/#organization","name":"Denta Aesthetic Turkey","url":"https:\/\/beyazitdentalcenter.com\/","logo":{"@type":"ImageObject","inLanguage":"de","@id":"https:\/\/beyazitdentalcenter.com\/#\/schema\/logo\/image\/","url":"https:\/\/beyazitdentalcenter.com\/wp-content\/uploads\/2026\/03\/beyazit-header-logo-negative.webp","contentUrl":"https:\/\/beyazitdentalcenter.com\/wp-content\/uploads\/2026\/03\/beyazit-header-logo-negative.webp","width":600,"height":375,"caption":"Denta Aesthetic Turkey"},"image":{"@id":"https:\/\/beyazitdentalcenter.com\/#\/schema\/logo\/image\/"}}]}},"_links":{"self":[{"href":"https:\/\/beyazitdentalcenter.com\/de\/wp-json\/wp\/v2\/pages\/25271","targetHints":{"allow":["GET"]}}],"collection":[{"href":"https:\/\/beyazitdentalcenter.com\/de\/wp-json\/wp\/v2\/pages"}],"about":[{"href":"https:\/\/beyazitdentalcenter.com\/de\/wp-json\/wp\/v2\/types\/page"}],"author":[{"embeddable":true,"href":"https:\/\/beyazitdentalcenter.com\/de\/wp-json\/wp\/v2\/users\/5"}],"replies":[{"embeddable":true,"href":"https:\/\/beyazitdentalcenter.com\/de\/wp-json\/wp\/v2\/comments?post=25271"}],"version-history":[{"count":13,"href":"https:\/\/beyazitdentalcenter.com\/de\/wp-json\/wp\/v2\/pages\/25271\/revisions"}],"predecessor-version":[{"id":26457,"href":"https:\/\/beyazitdentalcenter.com\/de\/wp-json\/wp\/v2\/pages\/25271\/revisions\/26457"}],"up":[{"embeddable":true,"href":"https:\/\/beyazitdentalcenter.com\/de\/wp-json\/wp\/v2\/pages\/25319"}],"wp:attachment":[{"href":"https:\/\/beyazitdentalcenter.com\/de\/wp-json\/wp\/v2\/media?parent=25271"}],"curies":[{"name":"wp","href":"https:\/\/api.w.org\/{rel}","templated":true}]}}