{"id":24461,"date":"2024-10-07T15:30:36","date_gmt":"2024-10-07T15:30:36","guid":{"rendered":"https:\/\/beyazitdentalcenter.com\/?page_id=24461"},"modified":"2026-03-23T06:33:47","modified_gmt":"2026-03-23T06:33:47","slug":"sp-dt-gizem-cebi-mahramli","status":"publish","type":"page","link":"https:\/\/beyazitdentalcenter.com\/de\/our-doctors\/sp-dt-gizem-cebi-mahramli\/","title":{"rendered":"Sp . Dt. Gizem \u00c7ebi Mahraml\u0131"},"content":{"rendered":"<div data-elementor-type=\"wp-page\" data-elementor-id=\"24461\" class=\"elementor elementor-24461\" data-elementor-post-type=\"page\">\n\t\t\t\t\t\t<section class=\"elementor-section elementor-top-section elementor-element elementor-element-f6b6cd8 elementor-section-boxed elementor-section-height-default elementor-section-height-default sc_fly_static\" data-id=\"f6b6cd8\" data-element_type=\"section\">\n\t\t\t\t\t\t<div class=\"elementor-container elementor-column-gap-extended\">\n\t\t\t\t\t<div class=\"elementor-column elementor-col-100 elementor-top-column elementor-element elementor-element-e3b235d sc_inner_width_none sc_content_align_inherit sc_layouts_column_icons_position_left sc_fly_static\" data-id=\"e3b235d\" data-element_type=\"column\">\n\t\t\t<div class=\"elementor-widget-wrap elementor-element-populated\">\n\t\t\t\t\t\t<div class=\"elementor-element elementor-element-719eb0c sc_height_huge sc_fly_static elementor-widget elementor-widget-spacer\" data-id=\"719eb0c\" data-element_type=\"widget\" data-widget_type=\"spacer.default\">\n\t\t\t\t<div class=\"elementor-widget-container\">\n\t\t\t\t\t\t\t<div class=\"elementor-spacer\">\n\t\t\t<div class=\"elementor-spacer-inner\"><\/div>\n\t\t<\/div>\n\t\t\t\t\t\t<\/div>\n\t\t\t\t<\/div>\n\t\t\t\t\t<\/div>\n\t\t<\/div>\n\t\t\t\t\t<\/div>\n\t\t<\/section>\n\t\t\t\t<section class=\"elementor-section elementor-top-section elementor-element elementor-element-58e4830 elementor-section-full_width elementor-section-stretched elementor-section-height-default elementor-section-height-default sc_fly_static\" data-id=\"58e4830\" data-element_type=\"section\" data-settings=\"{&quot;stretch_section&quot;:&quot;section-stretched&quot;,&quot;background_background&quot;:&quot;classic&quot;}\">\n\t\t\t\t\t\t\t<div class=\"elementor-background-overlay\"><\/div>\n\t\t\t\t\t\t\t<div class=\"elementor-container elementor-column-gap-extended\">\n\t\t\t\t\t<div class=\"elementor-column elementor-col-100 elementor-top-column elementor-element elementor-element-60c3c0b sc_inner_width_none sc_content_align_inherit sc_layouts_column_icons_position_left sc_fly_static\" data-id=\"60c3c0b\" data-element_type=\"column\">\n\t\t\t<div class=\"elementor-widget-wrap elementor-element-populated\">\n\t\t\t\t\t\t<div class=\"elementor-element elementor-element-44a4718 elementor-widget__width-inherit sc_fly_static elementor-widget elementor-widget-heading\" data-id=\"44a4718\" data-element_type=\"widget\" data-widget_type=\"heading.default\">\n\t\t\t\t<div class=\"elementor-widget-container\">\n\t\t\t\t\t<h2 class=\"elementor-heading-title elementor-size-default\">SP. DT. G\u0130ZEM \u00c7EB\u0130 MAHRAMLI<\/h2>\t\t\t\t<\/div>\n\t\t\t\t<\/div>\n\t\t\t\t\t<\/div>\n\t\t<\/div>\n\t\t\t\t\t<\/div>\n\t\t<\/section>\n\t\t\t\t<section class=\"elementor-section elementor-top-section elementor-element elementor-element-f65610a elementor-section-boxed elementor-section-height-default elementor-section-height-default sc_fly_static\" data-id=\"f65610a\" data-element_type=\"section\">\n\t\t\t\t\t\t<div class=\"elementor-container elementor-column-gap-extended\">\n\t\t\t\t\t<div class=\"elementor-column elementor-col-33 elementor-top-column elementor-element elementor-element-6f1bd66 sc_inner_width_none sc_content_align_inherit sc_layouts_column_icons_position_left sc_fly_static\" data-id=\"6f1bd66\" data-element_type=\"column\">\n\t\t\t<div class=\"elementor-widget-wrap elementor-element-populated\">\n\t\t\t\t\t\t<div class=\"elementor-element elementor-element-314f019 sc_fly_static elementor-widget elementor-widget-image\" data-id=\"314f019\" data-element_type=\"widget\" data-widget_type=\"image.default\">\n\t\t\t\t<div class=\"elementor-widget-container\">\n\t\t\t\t\t\t\t\t\t\t\t\t\t\t\t<img fetchpriority=\"high\" decoding=\"async\" width=\"576\" height=\"1024\" src=\"https:\/\/beyazitdentalcenter.com\/wp-content\/uploads\/2026\/03\/specialist-dt.-gizem-cebi-mahramli-576x1024.webp\" class=\"attachment-large size-large wp-image-26106\" alt=\"\" srcset=\"https:\/\/beyazitdentalcenter.com\/wp-content\/uploads\/2026\/03\/specialist-dt.-gizem-cebi-mahramli-576x1024.webp 576w, https:\/\/beyazitdentalcenter.com\/wp-content\/uploads\/2026\/03\/specialist-dt.-gizem-cebi-mahramli-169x300.webp 169w, https:\/\/beyazitdentalcenter.com\/wp-content\/uploads\/2026\/03\/specialist-dt.-gizem-cebi-mahramli-768x1366.webp 768w, https:\/\/beyazitdentalcenter.com\/wp-content\/uploads\/2026\/03\/specialist-dt.-gizem-cebi-mahramli-864x1536.webp 864w, https:\/\/beyazitdentalcenter.com\/wp-content\/uploads\/2026\/03\/specialist-dt.-gizem-cebi-mahramli-1152x2048.webp 1152w, https:\/\/beyazitdentalcenter.com\/wp-content\/uploads\/2026\/03\/specialist-dt.-gizem-cebi-mahramli-7x12.webp 7w, https:\/\/beyazitdentalcenter.com\/wp-content\/uploads\/2026\/03\/specialist-dt.-gizem-cebi-mahramli-370x658.webp 370w, https:\/\/beyazitdentalcenter.com\/wp-content\/uploads\/2026\/03\/specialist-dt.-gizem-cebi-mahramli-840x1494.webp 840w, https:\/\/beyazitdentalcenter.com\/wp-content\/uploads\/2026\/03\/specialist-dt.-gizem-cebi-mahramli-410x729.webp 410w, https:\/\/beyazitdentalcenter.com\/wp-content\/uploads\/2026\/03\/specialist-dt.-gizem-cebi-mahramli.webp 1406w\" sizes=\"(max-width: 600px) 100vw, 576px\" \/>\t\t\t\t\t\t\t\t\t\t\t\t\t\t\t<\/div>\n\t\t\t\t<\/div>\n\t\t\t\t\t<\/div>\n\t\t<\/div>\n\t\t\t\t<div class=\"elementor-column elementor-col-66 elementor-top-column elementor-element elementor-element-d9b3411 sc_inner_width_none sc_content_align_inherit sc_layouts_column_icons_position_left sc_fly_static\" data-id=\"d9b3411\" data-element_type=\"column\">\n\t\t\t<div class=\"elementor-widget-wrap elementor-element-populated\">\n\t\t\t\t\t\t<div class=\"elementor-element elementor-element-ff512c5 sc_fly_static elementor-widget elementor-widget-trx_sc_title\" data-id=\"ff512c5\" data-element_type=\"widget\" data-widget_type=\"trx_sc_title.default\">\n\t\t\t\t<div class=\"elementor-widget-container\">\n\t\t\t\t\t<div\t\tclass=\"sc_title sc_title_default\" ><h1 class=\"sc_item_title sc_title_title sc_item_title_style_default sc_item_title_tag\"\n\t\t\t><span class=\"sc_item_title_text\">Dr. Gizem \u00c7ebi Mahraml\u0131  Specialist in Periodontology<\/span><\/h1><\/div>\t\t\t\t<\/div>\n\t\t\t\t<\/div>\n\t\t\t\t<div class=\"elementor-element elementor-element-0b19359 sc_fly_static elementor-widget elementor-widget-text-editor\" data-id=\"0b19359\" data-element_type=\"widget\" data-widget_type=\"text-editor.default\">\n\t\t\t\t<div class=\"elementor-widget-container\">\n\t\t\t\t\t\t\t\t\t<p>Dr. Gizem \u00c7ebi Mahraml\u0131 wurde 1996 in Tekirda\u011f geboren. Sie schloss ihre Grundschulausbildung an der S\u00fcleymanpa\u015fa-Grundschule ab und absolvierte die Tekirda\u011f Science High School. Im Jahr 2014 schrieb sie sich an der Fakult\u00e4t f\u00fcr Zahnmedizin der Universit\u00e4t Istanbul ein, wo sie 2019 ihren Abschluss machte. Anschlie\u00dfend begann sie ihr Promotionsstudium und nahm im Herbst 2020 ihre Ausbildung in der Abteilung f\u00fcr Parodontologie an der zahnmedizinischen Fakult\u00e4t der Universit\u00e4t Istanbul auf.<\/p><p>Im Jahr 2024 begann Dr. Mahraml\u0131 ihre berufliche Laufbahn in der Beyaz\u0131t Oral and Dental Health Clinic, wo sie sich weiterhin auf Parodontologie und fortgeschrittene zahnmedizinische Behandlung konzentriert.<\/p><p class=\"translation-block\"><strong>Berufliche Entwicklung und Fortbildung:<\/strong> Dr. Mahraml\u0131 hat an zahlreichen nationalen und internationalen Konferenzen, Symposien und spezialisierten Fortbildungsprogrammen teilgenommen, um ihr Fachwissen im Bereich der Parodontologie und Zahnpflege kontinuierlich zu erweitern. Zu den bemerkenswerten Schulungen und Konferenzen geh\u00f6ren:<\/p><ul><li class=\"translation-block\"><strong>Weich- und Hartgewebelaserschulung<\/strong> - Dentsem (2021)<\/li><li class=\"translation-block\"><strong>Botulinumtoxin-Anwendungstraining<\/strong> - Quintessenz (2021)<\/li><li class=\"translation-block\"><strong>50. Internationaler wissenschaftlicher Online-Kongress<\/strong> - T\u00fcrkischer Zahn\u00e4rzteverband (2021)<\/li><li class=\"translation-block\"><strong>Weiches Gewebe um Z\u00e4hne und Implantate<\/strong> - Prof. Dr. Fire Shines, Optimum Dent Academy (2022)<\/li><li class=\"translation-block\"><strong>Nationales Symposium zur Osseointegration<\/strong> - OSSEDER (2022)<\/li><li class=\"translation-block\"><strong>51. Internationaler wissenschaftlicher Kongress und 29. wissenschaftliches Symposium<\/strong> - T\u00fcrkische Gesellschaft f\u00fcr Parodontologie (2022)<\/li><li><strong>ITI-Regionaltreffen T\u00fcrkei und Aserbaidschan<\/strong> (2022)<\/li><li class=\"translation-block\"><strong>Schulung f\u00fcr Porzellanlaminat-Veneers<\/strong> - Dentsem (2023)<\/li><li><strong>ITI-Frauentreffen<\/strong> (2023)<\/li><li class=\"translation-block\"><strong>52. Internationaler wissenschaftlicher Kongress und 30. wissenschaftliches Symposium<\/strong> - T\u00fcrkische Gesellschaft f\u00fcr Parodontologie (2023)<\/li><\/ul><p class=\"translation-block\"><strong>Ver\u00f6ffentlichte Arbeiten:<\/strong> Dr. Mahraml\u0131 hat zu verschiedenen akademischen Publikationen beigetragen. Zu den bemerkenswerten Werken geh\u00f6ren:<\/p><ul><li>\u201eUnzureichend keratinisierte Schleimhaut vor und nach einer Implantatbehandlung: Eine Fallserie\u201c, vorgestellt auf dem 52. t\u00fcrkischen Parodontologiekongress in \u0130zmir, T\u00fcrkei, im Jahr 2023.<\/li><li>\u201eBehandlung mit einem multidisziplin\u00e4ren Ansatz\u201c, das gemeinsam verfasst und auf demselben Kongress im Jahr 2023 vorgestellt wurde.<\/li><li>\u201eThe Effects of Immediate Implant and Temporary Prosthesis on Soft and Hard Tissues in a Case of Root Surface Wear and Gum Recession\u201c (Die Auswirkungen von Sofortimplantat und provisorischer Prothese auf Weich- und Hartgewebe bei Abnutzung der Wurzeloberfl\u00e4che und Zahnfleischr\u00fcckgang), vorgestellt auf dem 51. t\u00fcrkischen Parodontologiekongress im Jahr 2022.<\/li><\/ul><p class=\"translation-block\"><strong>Specialization Thesis:<\/strong> Dr. Mahraml\u0131\u2019s specialisation thesis is titled <em>\u201cThe Effects of Immediate Implant Placement and Provisionalization on Soft and Hard Tissues: A Systematic Review,\u201d<\/em> completed at Istanbul University\u2019s Department of Periodontology in 2023. The thesis focused on evaluating randomized controlled clinical studies with at least a 12-month follow-up, reviewing the impact of immediate implant placement and temporary restoration on soft and hard tissues. The study aimed to provide clinicians with reliable information on this topic, using systematic methods to evaluate changes in bone and mucosa.<\/p><p><strong>Schwerpunkt des Fachwissens:<\/strong> Dr. Mahraml\u0131 ist auf Parodontologie spezialisiert, mit besonderem Schwerpunkt auf Zahnimplantaten und Weichgewebsmanagement. Sie bleibt an der Spitze ihres Fachgebiets, indem sie die neuesten Forschungen, Techniken und Instrumente in ihre Praxis integriert. Ihr Engagement f\u00fcr eine hervorragende zahnmedizinische Versorgung spiegelt sich in ihren umfangreichen Forschungsarbeiten und praktischen Beitr\u00e4gen zur Implantologie wider.<\/p><p>Neben ihrer beruflichen Laufbahn hat Dr. Mahraml\u0131 gro\u00dfes Interesse an der akademischen Forschung und ist bestrebt, einen kontinuierlichen Beitrag zum Bereich der Parodontologie zu leisten und die Ergebnisse f\u00fcr die Patienten durch innovative und wissenschaftlich fundierte Behandlungen zu verbessern.<\/p>\t\t\t\t\t\t\t\t<\/div>\n\t\t\t\t<\/div>\n\t\t\t\t\t<\/div>\n\t\t<\/div>\n\t\t\t\t\t<\/div>\n\t\t<\/section>\n\t\t\t\t<section class=\"elementor-section elementor-top-section elementor-element elementor-element-49e7928 elementor-section-boxed elementor-section-height-default elementor-section-height-default sc_fly_static\" data-id=\"49e7928\" data-element_type=\"section\">\n\t\t\t\t\t\t<div class=\"elementor-container elementor-column-gap-extended\">\n\t\t\t\t\t<div class=\"elementor-column elementor-col-100 elementor-top-column elementor-element elementor-element-c1f7c76 sc_inner_width_none sc_content_align_inherit sc_layouts_column_icons_position_left sc_fly_static\" data-id=\"c1f7c76\" data-element_type=\"column\">\n\t\t\t<div class=\"elementor-widget-wrap elementor-element-populated\">\n\t\t\t\t\t\t<div class=\"elementor-element elementor-element-d73bd0b sc_height_huge sc_fly_static elementor-widget elementor-widget-spacer\" data-id=\"d73bd0b\" data-element_type=\"widget\" data-widget_type=\"spacer.default\">\n\t\t\t\t<div class=\"elementor-widget-container\">\n\t\t\t\t\t\t\t<div class=\"elementor-spacer\">\n\t\t\t<div class=\"elementor-spacer-inner\"><\/div>\n\t\t<\/div>\n\t\t\t\t\t\t<\/div>\n\t\t\t\t<\/div>\n\t\t\t\t\t<\/div>\n\t\t<\/div>\n\t\t\t\t\t<\/div>\n\t\t<\/section>\n\t\t\t\t<\/div>","protected":false},"excerpt":{"rendered":"<p>SP. DT. G\u0130ZEM \u00c7EB\u0130 MAHRAMLI Dr. Gizem \u00c7ebi Mahraml\u0131 Specialist in Periodontology Dr. Gizem \u00c7ebi Mahraml\u0131 was born in Tekirda\u011f in 1996. She completed her primary education at S\u00fcleymanpa\u015fa Primary&hellip;<\/p>","protected":false},"author":4,"featured_media":0,"parent":25319,"menu_order":0,"comment_status":"closed","ping_status":"closed","template":"","meta":{"footnotes":""},"class_list":["post-24461","page","type-page","status-publish","hentry"],"yoast_head":"<!-- This site is optimized with the Yoast SEO plugin v27.2 - https:\/\/yoast.com\/product\/yoast-seo-wordpress\/ -->\n<title>Sp . Dt. Gizem \u00c7ebi Mahraml\u0131 - Beyazit Dental Center<\/title>\n<meta name=\"robots\" content=\"index, follow, max-snippet:-1, max-image-preview:large, max-video-preview:-1\" \/>\n<link rel=\"canonical\" href=\"https:\/\/beyazitdentalcenter.com\/de\/our-doctors\/sp-dt-gizem-cebi-mahramli\/\" \/>\n<meta property=\"og:locale\" content=\"de_DE\" \/>\n<meta property=\"og:type\" content=\"article\" \/>\n<meta property=\"og:title\" content=\"Sp . Dt. Gizem \u00c7ebi Mahraml\u0131 - Beyazit Dental Center\" \/>\n<meta property=\"og:description\" content=\"SP. DT. G\u0130ZEM \u00c7EB\u0130 MAHRAMLI Dr. Gizem \u00c7ebi Mahraml\u0131 Specialist in Periodontology Dr. Gizem \u00c7ebi Mahraml\u0131 was born in Tekirda\u011f in 1996. She completed her primary education at S\u00fcleymanpa\u015fa Primary&hellip;\" \/>\n<meta property=\"og:url\" content=\"https:\/\/beyazitdentalcenter.com\/de\/our-doctors\/sp-dt-gizem-cebi-mahramli\/\" \/>\n<meta property=\"og:site_name\" content=\"Beyazit Dental Center\" \/>\n<meta property=\"article:modified_time\" content=\"2026-03-23T06:33:47+00:00\" \/>\n<meta property=\"og:image\" content=\"https:\/\/beyazitdentalcenter.com\/wp-content\/uploads\/2026\/03\/specialist-dt.-gizem-cebi-mahramli.webp\" \/>\n\t<meta property=\"og:image:width\" content=\"1406\" \/>\n\t<meta property=\"og:image:height\" content=\"2500\" \/>\n\t<meta property=\"og:image:type\" content=\"image\/webp\" \/>\n<meta name=\"twitter:card\" content=\"summary_large_image\" \/>\n<meta name=\"twitter:label1\" content=\"Gesch\u00e4tzte Lesezeit\" \/>\n\t<meta name=\"twitter:data1\" content=\"3\u00a0Minuten\" \/>\n<script type=\"application\/ld+json\" class=\"yoast-schema-graph\">{\"@context\":\"https:\/\/schema.org\",\"@graph\":[{\"@type\":\"WebPage\",\"@id\":\"https:\/\/beyazitdentalcenter.com\/our-doctors\/sp-dt-gizem-cebi-mahramli\/\",\"url\":\"https:\/\/beyazitdentalcenter.com\/our-doctors\/sp-dt-gizem-cebi-mahramli\/\",\"name\":\"Sp . Dt. Gizem \u00c7ebi Mahraml\u0131 - Beyazit Dental Center\",\"isPartOf\":{\"@id\":\"https:\/\/beyazitdentalcenter.com\/#website\"},\"primaryImageOfPage\":{\"@id\":\"https:\/\/beyazitdentalcenter.com\/our-doctors\/sp-dt-gizem-cebi-mahramli\/#primaryimage\"},\"image\":{\"@id\":\"https:\/\/beyazitdentalcenter.com\/our-doctors\/sp-dt-gizem-cebi-mahramli\/#primaryimage\"},\"thumbnailUrl\":\"https:\/\/beyazitdentalcenter.com\/wp-content\/uploads\/2026\/03\/specialist-dt.-gizem-cebi-mahramli-576x1024.webp\",\"datePublished\":\"2024-10-07T15:30:36+00:00\",\"dateModified\":\"2026-03-23T06:33:47+00:00\",\"breadcrumb\":{\"@id\":\"https:\/\/beyazitdentalcenter.com\/our-doctors\/sp-dt-gizem-cebi-mahramli\/#breadcrumb\"},\"inLanguage\":\"de\",\"potentialAction\":[{\"@type\":\"ReadAction\",\"target\":[\"https:\/\/beyazitdentalcenter.com\/our-doctors\/sp-dt-gizem-cebi-mahramli\/\"]}]},{\"@type\":\"ImageObject\",\"inLanguage\":\"de\",\"@id\":\"https:\/\/beyazitdentalcenter.com\/our-doctors\/sp-dt-gizem-cebi-mahramli\/#primaryimage\",\"url\":\"https:\/\/beyazitdentalcenter.com\/wp-content\/uploads\/2026\/03\/specialist-dt.-gizem-cebi-mahramli-576x1024.webp\",\"contentUrl\":\"https:\/\/beyazitdentalcenter.com\/wp-content\/uploads\/2026\/03\/specialist-dt.-gizem-cebi-mahramli-576x1024.webp\"},{\"@type\":\"BreadcrumbList\",\"@id\":\"https:\/\/beyazitdentalcenter.com\/our-doctors\/sp-dt-gizem-cebi-mahramli\/#breadcrumb\",\"itemListElement\":[{\"@type\":\"ListItem\",\"position\":1,\"name\":\"Home\",\"item\":\"https:\/\/beyazitdentalcenter.com\/\"},{\"@type\":\"ListItem\",\"position\":2,\"name\":\"OUR DOCTORS\",\"item\":\"https:\/\/beyazitdentalcenter.com\/our-doctors\/\"},{\"@type\":\"ListItem\",\"position\":3,\"name\":\"Sp . Dt. Gizem \u00c7ebi Mahraml\u0131\"}]},{\"@type\":\"WebSite\",\"@id\":\"https:\/\/beyazitdentalcenter.com\/#website\",\"url\":\"https:\/\/beyazitdentalcenter.com\/\",\"name\":\"Beyazit Dental Center\",\"description\":\"Enjoy Your Smile\",\"publisher\":{\"@id\":\"https:\/\/beyazitdentalcenter.com\/#organization\"},\"potentialAction\":[{\"@type\":\"SearchAction\",\"target\":{\"@type\":\"EntryPoint\",\"urlTemplate\":\"https:\/\/beyazitdentalcenter.com\/?s={search_term_string}\"},\"query-input\":{\"@type\":\"PropertyValueSpecification\",\"valueRequired\":true,\"valueName\":\"search_term_string\"}}],\"inLanguage\":\"de\"},{\"@type\":\"Organization\",\"@id\":\"https:\/\/beyazitdentalcenter.com\/#organization\",\"name\":\"Denta Aesthetic Turkey\",\"url\":\"https:\/\/beyazitdentalcenter.com\/\",\"logo\":{\"@type\":\"ImageObject\",\"inLanguage\":\"de\",\"@id\":\"https:\/\/beyazitdentalcenter.com\/#\/schema\/logo\/image\/\",\"url\":\"https:\/\/beyazitdentalcenter.com\/wp-content\/uploads\/2026\/03\/beyazit-header-logo-negative.webp\",\"contentUrl\":\"https:\/\/beyazitdentalcenter.com\/wp-content\/uploads\/2026\/03\/beyazit-header-logo-negative.webp\",\"width\":600,\"height\":375,\"caption\":\"Denta Aesthetic Turkey\"},\"image\":{\"@id\":\"https:\/\/beyazitdentalcenter.com\/#\/schema\/logo\/image\/\"}}]}<\/script>\n<!-- \/ Yoast SEO plugin. -->","yoast_head_json":{"title":"Sp . Dt. Gizem \u00c7ebi Mahraml\u0131 - Beyazit Dental Center","robots":{"index":"index","follow":"follow","max-snippet":"max-snippet:-1","max-image-preview":"max-image-preview:large","max-video-preview":"max-video-preview:-1"},"canonical":"https:\/\/beyazitdentalcenter.com\/de\/our-doctors\/sp-dt-gizem-cebi-mahramli\/","og_locale":"de_DE","og_type":"article","og_title":"Sp . Dt. Gizem \u00c7ebi Mahraml\u0131 - Beyazit Dental Center","og_description":"SP. DT. G\u0130ZEM \u00c7EB\u0130 MAHRAMLI Dr. Gizem \u00c7ebi Mahraml\u0131 Specialist in Periodontology Dr. Gizem \u00c7ebi Mahraml\u0131 was born in Tekirda\u011f in 1996. She completed her primary education at S\u00fcleymanpa\u015fa Primary&hellip;","og_url":"https:\/\/beyazitdentalcenter.com\/de\/our-doctors\/sp-dt-gizem-cebi-mahramli\/","og_site_name":"Beyazit Dental Center","article_modified_time":"2026-03-23T06:33:47+00:00","og_image":[{"width":1406,"height":2500,"url":"https:\/\/beyazitdentalcenter.com\/wp-content\/uploads\/2026\/03\/specialist-dt.-gizem-cebi-mahramli.webp","type":"image\/webp"}],"twitter_card":"summary_large_image","twitter_misc":{"Gesch\u00e4tzte Lesezeit":"3\u00a0Minuten"},"schema":{"@context":"https:\/\/schema.org","@graph":[{"@type":"WebPage","@id":"https:\/\/beyazitdentalcenter.com\/our-doctors\/sp-dt-gizem-cebi-mahramli\/","url":"https:\/\/beyazitdentalcenter.com\/our-doctors\/sp-dt-gizem-cebi-mahramli\/","name":"Sp . Dt. Gizem \u00c7ebi Mahraml\u0131 - Beyazit Dental Center","isPartOf":{"@id":"https:\/\/beyazitdentalcenter.com\/#website"},"primaryImageOfPage":{"@id":"https:\/\/beyazitdentalcenter.com\/our-doctors\/sp-dt-gizem-cebi-mahramli\/#primaryimage"},"image":{"@id":"https:\/\/beyazitdentalcenter.com\/our-doctors\/sp-dt-gizem-cebi-mahramli\/#primaryimage"},"thumbnailUrl":"https:\/\/beyazitdentalcenter.com\/wp-content\/uploads\/2026\/03\/specialist-dt.-gizem-cebi-mahramli-576x1024.webp","datePublished":"2024-10-07T15:30:36+00:00","dateModified":"2026-03-23T06:33:47+00:00","breadcrumb":{"@id":"https:\/\/beyazitdentalcenter.com\/our-doctors\/sp-dt-gizem-cebi-mahramli\/#breadcrumb"},"inLanguage":"de","potentialAction":[{"@type":"ReadAction","target":["https:\/\/beyazitdentalcenter.com\/our-doctors\/sp-dt-gizem-cebi-mahramli\/"]}]},{"@type":"ImageObject","inLanguage":"de","@id":"https:\/\/beyazitdentalcenter.com\/our-doctors\/sp-dt-gizem-cebi-mahramli\/#primaryimage","url":"https:\/\/beyazitdentalcenter.com\/wp-content\/uploads\/2026\/03\/specialist-dt.-gizem-cebi-mahramli-576x1024.webp","contentUrl":"https:\/\/beyazitdentalcenter.com\/wp-content\/uploads\/2026\/03\/specialist-dt.-gizem-cebi-mahramli-576x1024.webp"},{"@type":"BreadcrumbList","@id":"https:\/\/beyazitdentalcenter.com\/our-doctors\/sp-dt-gizem-cebi-mahramli\/#breadcrumb","itemListElement":[{"@type":"ListItem","position":1,"name":"Home","item":"https:\/\/beyazitdentalcenter.com\/"},{"@type":"ListItem","position":2,"name":"OUR DOCTORS","item":"https:\/\/beyazitdentalcenter.com\/our-doctors\/"},{"@type":"ListItem","position":3,"name":"Sp . Dt. Gizem \u00c7ebi Mahraml\u0131"}]},{"@type":"WebSite","@id":"https:\/\/beyazitdentalcenter.com\/#website","url":"https:\/\/beyazitdentalcenter.com\/","name":"Beyazit Dental Center","description":"Enjoy Your Smile","publisher":{"@id":"https:\/\/beyazitdentalcenter.com\/#organization"},"potentialAction":[{"@type":"SearchAction","target":{"@type":"EntryPoint","urlTemplate":"https:\/\/beyazitdentalcenter.com\/?s={search_term_string}"},"query-input":{"@type":"PropertyValueSpecification","valueRequired":true,"valueName":"search_term_string"}}],"inLanguage":"de"},{"@type":"Organization","@id":"https:\/\/beyazitdentalcenter.com\/#organization","name":"Denta Aesthetic Turkey","url":"https:\/\/beyazitdentalcenter.com\/","logo":{"@type":"ImageObject","inLanguage":"de","@id":"https:\/\/beyazitdentalcenter.com\/#\/schema\/logo\/image\/","url":"https:\/\/beyazitdentalcenter.com\/wp-content\/uploads\/2026\/03\/beyazit-header-logo-negative.webp","contentUrl":"https:\/\/beyazitdentalcenter.com\/wp-content\/uploads\/2026\/03\/beyazit-header-logo-negative.webp","width":600,"height":375,"caption":"Denta Aesthetic Turkey"},"image":{"@id":"https:\/\/beyazitdentalcenter.com\/#\/schema\/logo\/image\/"}}]}},"_links":{"self":[{"href":"https:\/\/beyazitdentalcenter.com\/de\/wp-json\/wp\/v2\/pages\/24461","targetHints":{"allow":["GET"]}}],"collection":[{"href":"https:\/\/beyazitdentalcenter.com\/de\/wp-json\/wp\/v2\/pages"}],"about":[{"href":"https:\/\/beyazitdentalcenter.com\/de\/wp-json\/wp\/v2\/types\/page"}],"author":[{"embeddable":true,"href":"https:\/\/beyazitdentalcenter.com\/de\/wp-json\/wp\/v2\/users\/4"}],"replies":[{"embeddable":true,"href":"https:\/\/beyazitdentalcenter.com\/de\/wp-json\/wp\/v2\/comments?post=24461"}],"version-history":[{"count":16,"href":"https:\/\/beyazitdentalcenter.com\/de\/wp-json\/wp\/v2\/pages\/24461\/revisions"}],"predecessor-version":[{"id":26285,"href":"https:\/\/beyazitdentalcenter.com\/de\/wp-json\/wp\/v2\/pages\/24461\/revisions\/26285"}],"up":[{"embeddable":true,"href":"https:\/\/beyazitdentalcenter.com\/de\/wp-json\/wp\/v2\/pages\/25319"}],"wp:attachment":[{"href":"https:\/\/beyazitdentalcenter.com\/de\/wp-json\/wp\/v2\/media?parent=24461"}],"curies":[{"name":"wp","href":"https:\/\/api.w.org\/{rel}","templated":true}]}}