{"id":24404,"date":"2024-10-07T13:23:20","date_gmt":"2024-10-07T13:23:20","guid":{"rendered":"https:\/\/beyazitdentalcenter.com\/?page_id=24404"},"modified":"2026-03-23T06:30:53","modified_gmt":"2026-03-23T06:30:53","slug":"dt-fulya-cebi-beyazit","status":"publish","type":"page","link":"https:\/\/beyazitdentalcenter.com\/de\/our-doctors\/dt-fulya-cebi-beyazit\/","title":{"rendered":"Dt. Fulya \u00c7ebi Beyaz\u0131t"},"content":{"rendered":"<div data-elementor-type=\"wp-page\" data-elementor-id=\"24404\" class=\"elementor elementor-24404\" data-elementor-post-type=\"page\">\n\t\t\t\t\t\t<section class=\"elementor-section elementor-top-section elementor-element elementor-element-f6b6cd8 elementor-section-boxed elementor-section-height-default elementor-section-height-default sc_fly_static\" data-id=\"f6b6cd8\" data-element_type=\"section\">\n\t\t\t\t\t\t<div class=\"elementor-container elementor-column-gap-extended\">\n\t\t\t\t\t<div class=\"elementor-column elementor-col-100 elementor-top-column elementor-element elementor-element-e3b235d sc_inner_width_none sc_content_align_inherit sc_layouts_column_icons_position_left sc_fly_static\" data-id=\"e3b235d\" data-element_type=\"column\">\n\t\t\t<div class=\"elementor-widget-wrap elementor-element-populated\">\n\t\t\t\t\t\t<div class=\"elementor-element elementor-element-719eb0c sc_height_huge sc_fly_static elementor-widget elementor-widget-spacer\" data-id=\"719eb0c\" data-element_type=\"widget\" data-widget_type=\"spacer.default\">\n\t\t\t\t<div class=\"elementor-widget-container\">\n\t\t\t\t\t\t\t<div class=\"elementor-spacer\">\n\t\t\t<div class=\"elementor-spacer-inner\"><\/div>\n\t\t<\/div>\n\t\t\t\t\t\t<\/div>\n\t\t\t\t<\/div>\n\t\t\t\t\t<\/div>\n\t\t<\/div>\n\t\t\t\t\t<\/div>\n\t\t<\/section>\n\t\t\t\t<section class=\"elementor-section elementor-top-section elementor-element elementor-element-8ae461d elementor-section-full_width elementor-section-stretched elementor-section-height-default elementor-section-height-default sc_fly_static\" data-id=\"8ae461d\" data-element_type=\"section\" data-settings=\"{&quot;stretch_section&quot;:&quot;section-stretched&quot;,&quot;background_background&quot;:&quot;classic&quot;}\">\n\t\t\t\t\t\t\t<div class=\"elementor-background-overlay\"><\/div>\n\t\t\t\t\t\t\t<div class=\"elementor-container elementor-column-gap-extended\">\n\t\t\t\t\t<div class=\"elementor-column elementor-col-100 elementor-top-column elementor-element elementor-element-33822be sc_inner_width_none sc_content_align_inherit sc_layouts_column_icons_position_left sc_fly_static\" data-id=\"33822be\" data-element_type=\"column\">\n\t\t\t<div class=\"elementor-widget-wrap elementor-element-populated\">\n\t\t\t\t\t\t<div class=\"elementor-element elementor-element-72a56f5 elementor-widget__width-inherit sc_fly_static elementor-widget elementor-widget-heading\" data-id=\"72a56f5\" data-element_type=\"widget\" data-widget_type=\"heading.default\">\n\t\t\t\t<div class=\"elementor-widget-container\">\n\t\t\t\t\t<h2 class=\"elementor-heading-title elementor-size-default\">DT. FULYA \u00c7EB\u0130 BEYAZIT<\/h2>\t\t\t\t<\/div>\n\t\t\t\t<\/div>\n\t\t\t\t\t<\/div>\n\t\t<\/div>\n\t\t\t\t\t<\/div>\n\t\t<\/section>\n\t\t\t\t<section class=\"elementor-section elementor-top-section elementor-element elementor-element-f65610a elementor-section-boxed elementor-section-height-default elementor-section-height-default sc_fly_static\" data-id=\"f65610a\" data-element_type=\"section\">\n\t\t\t\t\t\t<div class=\"elementor-container elementor-column-gap-extended\">\n\t\t\t\t\t<div class=\"elementor-column elementor-col-33 elementor-top-column elementor-element elementor-element-6f1bd66 sc_inner_width_none sc_content_align_inherit sc_layouts_column_icons_position_left sc_fly_static\" data-id=\"6f1bd66\" data-element_type=\"column\">\n\t\t\t<div class=\"elementor-widget-wrap elementor-element-populated\">\n\t\t\t\t\t\t<div class=\"elementor-element elementor-element-314f019 sc_fly_static elementor-widget elementor-widget-image\" data-id=\"314f019\" data-element_type=\"widget\" data-widget_type=\"image.default\">\n\t\t\t\t<div class=\"elementor-widget-container\">\n\t\t\t\t\t\t\t\t\t\t\t\t\t\t\t<img fetchpriority=\"high\" decoding=\"async\" width=\"576\" height=\"1024\" src=\"https:\/\/beyazitdentalcenter.com\/wp-content\/uploads\/2026\/03\/dt.-fulya-cebi-beyazit-1-576x1024.webp\" class=\"attachment-large size-large wp-image-26118\" alt=\"\" srcset=\"https:\/\/beyazitdentalcenter.com\/wp-content\/uploads\/2026\/03\/dt.-fulya-cebi-beyazit-1-576x1024.webp 576w, https:\/\/beyazitdentalcenter.com\/wp-content\/uploads\/2026\/03\/dt.-fulya-cebi-beyazit-1-169x300.webp 169w, https:\/\/beyazitdentalcenter.com\/wp-content\/uploads\/2026\/03\/dt.-fulya-cebi-beyazit-1-768x1366.webp 768w, https:\/\/beyazitdentalcenter.com\/wp-content\/uploads\/2026\/03\/dt.-fulya-cebi-beyazit-1-864x1536.webp 864w, https:\/\/beyazitdentalcenter.com\/wp-content\/uploads\/2026\/03\/dt.-fulya-cebi-beyazit-1-1152x2048.webp 1152w, https:\/\/beyazitdentalcenter.com\/wp-content\/uploads\/2026\/03\/dt.-fulya-cebi-beyazit-1-7x12.webp 7w, https:\/\/beyazitdentalcenter.com\/wp-content\/uploads\/2026\/03\/dt.-fulya-cebi-beyazit-1-370x658.webp 370w, https:\/\/beyazitdentalcenter.com\/wp-content\/uploads\/2026\/03\/dt.-fulya-cebi-beyazit-1-840x1494.webp 840w, https:\/\/beyazitdentalcenter.com\/wp-content\/uploads\/2026\/03\/dt.-fulya-cebi-beyazit-1-410x729.webp 410w, https:\/\/beyazitdentalcenter.com\/wp-content\/uploads\/2026\/03\/dt.-fulya-cebi-beyazit-1.webp 1406w\" sizes=\"(max-width: 600px) 100vw, 576px\" \/>\t\t\t\t\t\t\t\t\t\t\t\t\t\t\t<\/div>\n\t\t\t\t<\/div>\n\t\t\t\t\t<\/div>\n\t\t<\/div>\n\t\t\t\t<div class=\"elementor-column elementor-col-66 elementor-top-column elementor-element elementor-element-d9b3411 sc_inner_width_none sc_content_align_inherit sc_layouts_column_icons_position_left sc_fly_static\" data-id=\"d9b3411\" data-element_type=\"column\">\n\t\t\t<div class=\"elementor-widget-wrap elementor-element-populated\">\n\t\t\t\t\t\t<div class=\"elementor-element elementor-element-ff512c5 sc_fly_static elementor-widget elementor-widget-trx_sc_title\" data-id=\"ff512c5\" data-element_type=\"widget\" data-widget_type=\"trx_sc_title.default\">\n\t\t\t\t<div class=\"elementor-widget-container\">\n\t\t\t\t\t<div\t\tclass=\"sc_title sc_title_default\" ><h1 class=\"sc_item_title sc_title_title sc_item_title_style_default sc_item_title_tag\"\n\t\t\t><span class=\"sc_item_title_text\">DT. FULYA \u00c7EB\u0130 BEYAZIT<\/span><\/h1><\/div>\t\t\t\t<\/div>\n\t\t\t\t<\/div>\n\t\t\t\t<div class=\"elementor-element elementor-element-0b19359 sc_fly_static elementor-widget elementor-widget-text-editor\" data-id=\"0b19359\" data-element_type=\"widget\" data-widget_type=\"text-editor.default\">\n\t\t\t\t<div class=\"elementor-widget-container\">\n\t\t\t\t\t\t\t\t\t<p><span lang=\"EN-GB\">Dr. Fulya \u00c7ebi Beyaz\u0131t wurde 1978 in Tekirda\u011f geboren und schloss 1999 ihr Studium an der Fakult\u00e4t f\u00fcr Zahnmedizin der Universit\u00e4t Istanbul ab. Kurz darauf, im Jahr 2000, gr\u00fcndete sie ihre erste Zahnklinik in Tekirda\u011f, was den Beginn ihrer beruflichen Laufbahn im Bereich der Zahnmedizin markierte.<\/span><\/p><p><span lang=\"EN-GB\">Im Jahr 2005 gr\u00fcndete sie gemeinsam mit Dr. Murat Beyaz\u0131t eine Klinik, in der sie bis heute t\u00e4tig ist. Von 2002 bis 2013 war sie auch am Tekirda\u011f State Hospital t\u00e4tig, wo sie ihr Engagement f\u00fcr das \u00f6ffentliche Gesundheitswesen mit ihrer privaten Praxis in Einklang brachte.<\/span><\/p><p><span lang=\"EN-GB\">Seit 2013 praktiziert Dr. Fulya \u00c7ebi Beyaz\u0131t in der Beyaz\u0131t Oral and Dental Health Clinic, einer renommierten Klinik, die sie gemeinsam mit Dr. Murat Beyaz\u0131t gegr\u00fcndet hat. Ihre Klinik hat sich den Ruf erworben, eine hochwertige zahnmedizinische Versorgung zu bieten, die sich auf die Zufriedenheit der Patienten und innovative Behandlungen konzentriert.<\/span><\/p><p><span lang=\"EN-GB\">Dr. Beyaz\u0131t ist Mitglied der Aesthetic Dentistry Association (EDAD) und der Turkish Dental Association (TDB), was zeigt, dass sie sich stets auf dem neuesten Stand der zahnmedizinischen Wissenschaft und \u00c4sthetik h\u00e4lt. Im Laufe ihrer Karriere hat sie an zahlreichen nationalen und internationalen Kursen, Symposien und Konferenzen teilgenommen, um sicherzustellen, dass ihre Patienten von den neuesten Techniken und Entwicklungen in der Branche profitieren.<\/span><\/p><p><span lang=\"EN-GB\">Dr. Fulya \u00c7ebi Beyaz\u0131t ist zwar Allgemeinzahn\u00e4rztin, hat aber ein besonderes Interesse und eine Spezialisierung auf \u00e4sthetische Zahnheilkunde und widmet einen Gro\u00dfteil ihrer Praxis der Versch\u00f6nerung des L\u00e4chelns und der Bereitstellung kosmetischer Dentall\u00f6sungen. Ihre Leidenschaft f\u00fcr \u00c4sthetik spiegelt sich auch in ihrem Privatleben wider, wo sie sich beruflich mit der Malerei befasst - eine Kunstform, die ihre akribische Liebe zum Detail bei der zahn\u00e4rztlichen Arbeit erg\u00e4nzt.<\/span><\/p><p><span lang=\"EN-GB\">Dr. Fulya \u00c7ebi Beyaz\u0131ts langj\u00e4hrige Karriere, ihr Engagement f\u00fcr kontinuierliche berufliche Weiterbildung und ihr k\u00fcnstlerischer Ansatz in der Zahnmedizin haben sie zu einer angesehenen Pers\u00f6nlichkeit auf ihrem Gebiet gemacht. Sie ist nach wie vor bestrebt, ihre Patienten auf h\u00f6chstem Niveau zu versorgen und gleichzeitig ihre F\u00e4higkeiten und Kenntnisse kontinuierlich zu verbessern.<\/span><\/p>\t\t\t\t\t\t\t\t<\/div>\n\t\t\t\t<\/div>\n\t\t\t\t\t<\/div>\n\t\t<\/div>\n\t\t\t\t\t<\/div>\n\t\t<\/section>\n\t\t\t\t<section class=\"elementor-section elementor-top-section elementor-element elementor-element-49e7928 elementor-section-boxed elementor-section-height-default elementor-section-height-default sc_fly_static\" data-id=\"49e7928\" data-element_type=\"section\">\n\t\t\t\t\t\t<div class=\"elementor-container elementor-column-gap-extended\">\n\t\t\t\t\t<div class=\"elementor-column elementor-col-100 elementor-top-column elementor-element elementor-element-c1f7c76 sc_inner_width_none sc_content_align_inherit sc_layouts_column_icons_position_left sc_fly_static\" data-id=\"c1f7c76\" data-element_type=\"column\">\n\t\t\t<div class=\"elementor-widget-wrap elementor-element-populated\">\n\t\t\t\t\t\t<div class=\"elementor-element elementor-element-d73bd0b sc_height_huge sc_fly_static elementor-widget elementor-widget-spacer\" data-id=\"d73bd0b\" data-element_type=\"widget\" data-widget_type=\"spacer.default\">\n\t\t\t\t<div class=\"elementor-widget-container\">\n\t\t\t\t\t\t\t<div class=\"elementor-spacer\">\n\t\t\t<div class=\"elementor-spacer-inner\"><\/div>\n\t\t<\/div>\n\t\t\t\t\t\t<\/div>\n\t\t\t\t<\/div>\n\t\t\t\t\t<\/div>\n\t\t<\/div>\n\t\t\t\t\t<\/div>\n\t\t<\/section>\n\t\t\t\t<\/div>","protected":false},"excerpt":{"rendered":"<p>DT. FULYA \u00c7EB\u0130 BEYAZIT DT. FULYA \u00c7EB\u0130 BEYAZIT Dr. Fulya \u00c7ebi Beyaz\u0131t was born in Tekirda\u011f in 1978 and graduated from the Faculty of Dentistry at Istanbul University in 1999.&hellip;<\/p>","protected":false},"author":4,"featured_media":0,"parent":25319,"menu_order":0,"comment_status":"closed","ping_status":"closed","template":"","meta":{"footnotes":""},"class_list":["post-24404","page","type-page","status-publish","hentry"],"yoast_head":"<!-- This site is optimized with the Yoast SEO plugin v27.2 - https:\/\/yoast.com\/product\/yoast-seo-wordpress\/ -->\n<title>Dt. Fulya \u00c7ebi Beyaz\u0131t - Beyazit Dental Center<\/title>\n<meta name=\"robots\" content=\"index, follow, max-snippet:-1, max-image-preview:large, max-video-preview:-1\" \/>\n<link rel=\"canonical\" href=\"https:\/\/beyazitdentalcenter.com\/de\/our-doctors\/dt-fulya-cebi-beyazit\/\" \/>\n<meta property=\"og:locale\" content=\"de_DE\" \/>\n<meta property=\"og:type\" content=\"article\" \/>\n<meta property=\"og:title\" content=\"Dt. Fulya \u00c7ebi Beyaz\u0131t - Beyazit Dental Center\" \/>\n<meta property=\"og:description\" content=\"DT. FULYA \u00c7EB\u0130 BEYAZIT DT. FULYA \u00c7EB\u0130 BEYAZIT Dr. Fulya \u00c7ebi Beyaz\u0131t was born in Tekirda\u011f in 1978 and graduated from the Faculty of Dentistry at Istanbul University in 1999.&hellip;\" \/>\n<meta property=\"og:url\" content=\"https:\/\/beyazitdentalcenter.com\/de\/our-doctors\/dt-fulya-cebi-beyazit\/\" \/>\n<meta property=\"og:site_name\" content=\"Beyazit Dental Center\" \/>\n<meta property=\"article:modified_time\" content=\"2026-03-23T06:30:53+00:00\" \/>\n<meta property=\"og:image\" content=\"https:\/\/beyazitdentalcenter.com\/wp-content\/uploads\/2026\/03\/dt.-fulya-cebi-beyazit-1.webp\" \/>\n\t<meta property=\"og:image:width\" content=\"1406\" \/>\n\t<meta property=\"og:image:height\" content=\"2500\" \/>\n\t<meta property=\"og:image:type\" content=\"image\/webp\" \/>\n<meta name=\"twitter:card\" content=\"summary_large_image\" \/>\n<meta name=\"twitter:label1\" content=\"Gesch\u00e4tzte Lesezeit\" \/>\n\t<meta name=\"twitter:data1\" content=\"2\u00a0Minuten\" \/>\n<script type=\"application\/ld+json\" class=\"yoast-schema-graph\">{\"@context\":\"https:\/\/schema.org\",\"@graph\":[{\"@type\":\"WebPage\",\"@id\":\"https:\/\/beyazitdentalcenter.com\/our-doctors\/dt-fulya-cebi-beyazit\/\",\"url\":\"https:\/\/beyazitdentalcenter.com\/our-doctors\/dt-fulya-cebi-beyazit\/\",\"name\":\"Dt. Fulya \u00c7ebi Beyaz\u0131t - Beyazit Dental Center\",\"isPartOf\":{\"@id\":\"https:\/\/beyazitdentalcenter.com\/#website\"},\"primaryImageOfPage\":{\"@id\":\"https:\/\/beyazitdentalcenter.com\/our-doctors\/dt-fulya-cebi-beyazit\/#primaryimage\"},\"image\":{\"@id\":\"https:\/\/beyazitdentalcenter.com\/our-doctors\/dt-fulya-cebi-beyazit\/#primaryimage\"},\"thumbnailUrl\":\"https:\/\/beyazitdentalcenter.com\/wp-content\/uploads\/2026\/03\/dt.-fulya-cebi-beyazit-1-576x1024.webp\",\"datePublished\":\"2024-10-07T13:23:20+00:00\",\"dateModified\":\"2026-03-23T06:30:53+00:00\",\"breadcrumb\":{\"@id\":\"https:\/\/beyazitdentalcenter.com\/our-doctors\/dt-fulya-cebi-beyazit\/#breadcrumb\"},\"inLanguage\":\"de\",\"potentialAction\":[{\"@type\":\"ReadAction\",\"target\":[\"https:\/\/beyazitdentalcenter.com\/our-doctors\/dt-fulya-cebi-beyazit\/\"]}]},{\"@type\":\"ImageObject\",\"inLanguage\":\"de\",\"@id\":\"https:\/\/beyazitdentalcenter.com\/our-doctors\/dt-fulya-cebi-beyazit\/#primaryimage\",\"url\":\"https:\/\/beyazitdentalcenter.com\/wp-content\/uploads\/2026\/03\/dt.-fulya-cebi-beyazit-1-576x1024.webp\",\"contentUrl\":\"https:\/\/beyazitdentalcenter.com\/wp-content\/uploads\/2026\/03\/dt.-fulya-cebi-beyazit-1-576x1024.webp\"},{\"@type\":\"BreadcrumbList\",\"@id\":\"https:\/\/beyazitdentalcenter.com\/our-doctors\/dt-fulya-cebi-beyazit\/#breadcrumb\",\"itemListElement\":[{\"@type\":\"ListItem\",\"position\":1,\"name\":\"Home\",\"item\":\"https:\/\/beyazitdentalcenter.com\/\"},{\"@type\":\"ListItem\",\"position\":2,\"name\":\"OUR DOCTORS\",\"item\":\"https:\/\/beyazitdentalcenter.com\/our-doctors\/\"},{\"@type\":\"ListItem\",\"position\":3,\"name\":\"Dt. Fulya \u00c7ebi Beyaz\u0131t\"}]},{\"@type\":\"WebSite\",\"@id\":\"https:\/\/beyazitdentalcenter.com\/#website\",\"url\":\"https:\/\/beyazitdentalcenter.com\/\",\"name\":\"Beyazit Dental Center\",\"description\":\"Enjoy Your Smile\",\"publisher\":{\"@id\":\"https:\/\/beyazitdentalcenter.com\/#organization\"},\"potentialAction\":[{\"@type\":\"SearchAction\",\"target\":{\"@type\":\"EntryPoint\",\"urlTemplate\":\"https:\/\/beyazitdentalcenter.com\/?s={search_term_string}\"},\"query-input\":{\"@type\":\"PropertyValueSpecification\",\"valueRequired\":true,\"valueName\":\"search_term_string\"}}],\"inLanguage\":\"de\"},{\"@type\":\"Organization\",\"@id\":\"https:\/\/beyazitdentalcenter.com\/#organization\",\"name\":\"Denta Aesthetic Turkey\",\"url\":\"https:\/\/beyazitdentalcenter.com\/\",\"logo\":{\"@type\":\"ImageObject\",\"inLanguage\":\"de\",\"@id\":\"https:\/\/beyazitdentalcenter.com\/#\/schema\/logo\/image\/\",\"url\":\"https:\/\/beyazitdentalcenter.com\/wp-content\/uploads\/2026\/03\/beyazit-header-logo-negative.webp\",\"contentUrl\":\"https:\/\/beyazitdentalcenter.com\/wp-content\/uploads\/2026\/03\/beyazit-header-logo-negative.webp\",\"width\":600,\"height\":375,\"caption\":\"Denta Aesthetic Turkey\"},\"image\":{\"@id\":\"https:\/\/beyazitdentalcenter.com\/#\/schema\/logo\/image\/\"}}]}<\/script>\n<!-- \/ Yoast SEO plugin. -->","yoast_head_json":{"title":"Dt. Fulya \u00c7ebi Beyaz\u0131t - Beyazit Dental Center","robots":{"index":"index","follow":"follow","max-snippet":"max-snippet:-1","max-image-preview":"max-image-preview:large","max-video-preview":"max-video-preview:-1"},"canonical":"https:\/\/beyazitdentalcenter.com\/de\/our-doctors\/dt-fulya-cebi-beyazit\/","og_locale":"de_DE","og_type":"article","og_title":"Dt. Fulya \u00c7ebi Beyaz\u0131t - Beyazit Dental Center","og_description":"DT. FULYA \u00c7EB\u0130 BEYAZIT DT. FULYA \u00c7EB\u0130 BEYAZIT Dr. Fulya \u00c7ebi Beyaz\u0131t was born in Tekirda\u011f in 1978 and graduated from the Faculty of Dentistry at Istanbul University in 1999.&hellip;","og_url":"https:\/\/beyazitdentalcenter.com\/de\/our-doctors\/dt-fulya-cebi-beyazit\/","og_site_name":"Beyazit Dental Center","article_modified_time":"2026-03-23T06:30:53+00:00","og_image":[{"width":1406,"height":2500,"url":"https:\/\/beyazitdentalcenter.com\/wp-content\/uploads\/2026\/03\/dt.-fulya-cebi-beyazit-1.webp","type":"image\/webp"}],"twitter_card":"summary_large_image","twitter_misc":{"Gesch\u00e4tzte Lesezeit":"2\u00a0Minuten"},"schema":{"@context":"https:\/\/schema.org","@graph":[{"@type":"WebPage","@id":"https:\/\/beyazitdentalcenter.com\/our-doctors\/dt-fulya-cebi-beyazit\/","url":"https:\/\/beyazitdentalcenter.com\/our-doctors\/dt-fulya-cebi-beyazit\/","name":"Dt. Fulya \u00c7ebi Beyaz\u0131t - Beyazit Dental Center","isPartOf":{"@id":"https:\/\/beyazitdentalcenter.com\/#website"},"primaryImageOfPage":{"@id":"https:\/\/beyazitdentalcenter.com\/our-doctors\/dt-fulya-cebi-beyazit\/#primaryimage"},"image":{"@id":"https:\/\/beyazitdentalcenter.com\/our-doctors\/dt-fulya-cebi-beyazit\/#primaryimage"},"thumbnailUrl":"https:\/\/beyazitdentalcenter.com\/wp-content\/uploads\/2026\/03\/dt.-fulya-cebi-beyazit-1-576x1024.webp","datePublished":"2024-10-07T13:23:20+00:00","dateModified":"2026-03-23T06:30:53+00:00","breadcrumb":{"@id":"https:\/\/beyazitdentalcenter.com\/our-doctors\/dt-fulya-cebi-beyazit\/#breadcrumb"},"inLanguage":"de","potentialAction":[{"@type":"ReadAction","target":["https:\/\/beyazitdentalcenter.com\/our-doctors\/dt-fulya-cebi-beyazit\/"]}]},{"@type":"ImageObject","inLanguage":"de","@id":"https:\/\/beyazitdentalcenter.com\/our-doctors\/dt-fulya-cebi-beyazit\/#primaryimage","url":"https:\/\/beyazitdentalcenter.com\/wp-content\/uploads\/2026\/03\/dt.-fulya-cebi-beyazit-1-576x1024.webp","contentUrl":"https:\/\/beyazitdentalcenter.com\/wp-content\/uploads\/2026\/03\/dt.-fulya-cebi-beyazit-1-576x1024.webp"},{"@type":"BreadcrumbList","@id":"https:\/\/beyazitdentalcenter.com\/our-doctors\/dt-fulya-cebi-beyazit\/#breadcrumb","itemListElement":[{"@type":"ListItem","position":1,"name":"Home","item":"https:\/\/beyazitdentalcenter.com\/"},{"@type":"ListItem","position":2,"name":"OUR DOCTORS","item":"https:\/\/beyazitdentalcenter.com\/our-doctors\/"},{"@type":"ListItem","position":3,"name":"Dt. Fulya \u00c7ebi Beyaz\u0131t"}]},{"@type":"WebSite","@id":"https:\/\/beyazitdentalcenter.com\/#website","url":"https:\/\/beyazitdentalcenter.com\/","name":"Beyazit Dental Center","description":"Enjoy Your Smile","publisher":{"@id":"https:\/\/beyazitdentalcenter.com\/#organization"},"potentialAction":[{"@type":"SearchAction","target":{"@type":"EntryPoint","urlTemplate":"https:\/\/beyazitdentalcenter.com\/?s={search_term_string}"},"query-input":{"@type":"PropertyValueSpecification","valueRequired":true,"valueName":"search_term_string"}}],"inLanguage":"de"},{"@type":"Organization","@id":"https:\/\/beyazitdentalcenter.com\/#organization","name":"Denta Aesthetic Turkey","url":"https:\/\/beyazitdentalcenter.com\/","logo":{"@type":"ImageObject","inLanguage":"de","@id":"https:\/\/beyazitdentalcenter.com\/#\/schema\/logo\/image\/","url":"https:\/\/beyazitdentalcenter.com\/wp-content\/uploads\/2026\/03\/beyazit-header-logo-negative.webp","contentUrl":"https:\/\/beyazitdentalcenter.com\/wp-content\/uploads\/2026\/03\/beyazit-header-logo-negative.webp","width":600,"height":375,"caption":"Denta Aesthetic Turkey"},"image":{"@id":"https:\/\/beyazitdentalcenter.com\/#\/schema\/logo\/image\/"}}]}},"_links":{"self":[{"href":"https:\/\/beyazitdentalcenter.com\/de\/wp-json\/wp\/v2\/pages\/24404","targetHints":{"allow":["GET"]}}],"collection":[{"href":"https:\/\/beyazitdentalcenter.com\/de\/wp-json\/wp\/v2\/pages"}],"about":[{"href":"https:\/\/beyazitdentalcenter.com\/de\/wp-json\/wp\/v2\/types\/page"}],"author":[{"embeddable":true,"href":"https:\/\/beyazitdentalcenter.com\/de\/wp-json\/wp\/v2\/users\/4"}],"replies":[{"embeddable":true,"href":"https:\/\/beyazitdentalcenter.com\/de\/wp-json\/wp\/v2\/comments?post=24404"}],"version-history":[{"count":16,"href":"https:\/\/beyazitdentalcenter.com\/de\/wp-json\/wp\/v2\/pages\/24404\/revisions"}],"predecessor-version":[{"id":26281,"href":"https:\/\/beyazitdentalcenter.com\/de\/wp-json\/wp\/v2\/pages\/24404\/revisions\/26281"}],"up":[{"embeddable":true,"href":"https:\/\/beyazitdentalcenter.com\/de\/wp-json\/wp\/v2\/pages\/25319"}],"wp:attachment":[{"href":"https:\/\/beyazitdentalcenter.com\/de\/wp-json\/wp\/v2\/media?parent=24404"}],"curies":[{"name":"wp","href":"https:\/\/api.w.org\/{rel}","templated":true}]}}