{"id":24386,"date":"2024-10-07T12:53:27","date_gmt":"2024-10-07T12:53:27","guid":{"rendered":"https:\/\/beyazitdentalcenter.com\/?page_id=24386"},"modified":"2026-03-23T06:29:27","modified_gmt":"2026-03-23T06:29:27","slug":"dt-murat-beyazit","status":"publish","type":"page","link":"https:\/\/beyazitdentalcenter.com\/de\/our-doctors\/dt-murat-beyazit\/","title":{"rendered":"Dt. Murat Beyaz\u0131t"},"content":{"rendered":"<div data-elementor-type=\"wp-page\" data-elementor-id=\"24386\" class=\"elementor elementor-24386\" data-elementor-post-type=\"page\">\n\t\t\t\t\t\t<section class=\"elementor-section elementor-top-section elementor-element elementor-element-f6b6cd8 elementor-section-boxed elementor-section-height-default elementor-section-height-default sc_fly_static\" data-id=\"f6b6cd8\" data-element_type=\"section\">\n\t\t\t\t\t\t<div class=\"elementor-container elementor-column-gap-extended\">\n\t\t\t\t\t<div class=\"elementor-column elementor-col-100 elementor-top-column elementor-element elementor-element-e3b235d sc_inner_width_none sc_content_align_inherit sc_layouts_column_icons_position_left sc_fly_static\" data-id=\"e3b235d\" data-element_type=\"column\">\n\t\t\t<div class=\"elementor-widget-wrap elementor-element-populated\">\n\t\t\t\t\t\t<div class=\"elementor-element elementor-element-719eb0c sc_height_huge sc_fly_static elementor-widget elementor-widget-spacer\" data-id=\"719eb0c\" data-element_type=\"widget\" data-widget_type=\"spacer.default\">\n\t\t\t\t<div class=\"elementor-widget-container\">\n\t\t\t\t\t\t\t<div class=\"elementor-spacer\">\n\t\t\t<div class=\"elementor-spacer-inner\"><\/div>\n\t\t<\/div>\n\t\t\t\t\t\t<\/div>\n\t\t\t\t<\/div>\n\t\t\t\t\t<\/div>\n\t\t<\/div>\n\t\t\t\t\t<\/div>\n\t\t<\/section>\n\t\t\t\t<section class=\"elementor-section elementor-top-section elementor-element elementor-element-7ee6fad elementor-section-full_width elementor-section-stretched elementor-section-height-default elementor-section-height-default sc_fly_static\" data-id=\"7ee6fad\" data-element_type=\"section\" data-settings=\"{&quot;stretch_section&quot;:&quot;section-stretched&quot;,&quot;background_background&quot;:&quot;classic&quot;}\">\n\t\t\t\t\t\t\t<div class=\"elementor-background-overlay\"><\/div>\n\t\t\t\t\t\t\t<div class=\"elementor-container elementor-column-gap-extended\">\n\t\t\t\t\t<div class=\"elementor-column elementor-col-100 elementor-top-column elementor-element elementor-element-657842f sc_inner_width_none sc_content_align_inherit sc_layouts_column_icons_position_left sc_fly_static\" data-id=\"657842f\" data-element_type=\"column\">\n\t\t\t<div class=\"elementor-widget-wrap elementor-element-populated\">\n\t\t\t\t\t\t<div class=\"elementor-element elementor-element-599f072 elementor-widget__width-inherit sc_fly_static elementor-widget elementor-widget-heading\" data-id=\"599f072\" data-element_type=\"widget\" data-widget_type=\"heading.default\">\n\t\t\t\t<div class=\"elementor-widget-container\">\n\t\t\t\t\t<h2 class=\"elementor-heading-title elementor-size-default\">DT. MURAT BEYAZIT<\/h2>\t\t\t\t<\/div>\n\t\t\t\t<\/div>\n\t\t\t\t\t<\/div>\n\t\t<\/div>\n\t\t\t\t\t<\/div>\n\t\t<\/section>\n\t\t\t\t<section class=\"elementor-section elementor-top-section elementor-element elementor-element-f65610a elementor-section-boxed elementor-section-height-default elementor-section-height-default sc_fly_static\" data-id=\"f65610a\" data-element_type=\"section\">\n\t\t\t\t\t\t<div class=\"elementor-container elementor-column-gap-extended\">\n\t\t\t\t\t<div class=\"elementor-column elementor-col-33 elementor-top-column elementor-element elementor-element-6f1bd66 sc_inner_width_none sc_content_align_inherit sc_layouts_column_icons_position_left sc_fly_static\" data-id=\"6f1bd66\" data-element_type=\"column\">\n\t\t\t<div class=\"elementor-widget-wrap elementor-element-populated\">\n\t\t\t\t\t\t<div class=\"elementor-element elementor-element-314f019 sc_fly_static elementor-widget elementor-widget-image\" data-id=\"314f019\" data-element_type=\"widget\" data-widget_type=\"image.default\">\n\t\t\t\t<div class=\"elementor-widget-container\">\n\t\t\t\t\t\t\t\t\t\t\t\t\t\t\t<img fetchpriority=\"high\" decoding=\"async\" width=\"576\" height=\"1024\" src=\"https:\/\/beyazitdentalcenter.com\/wp-content\/uploads\/2024\/10\/Murat-Beyazit-576x1024.jpg\" class=\"attachment-large size-large wp-image-24394\" alt=\"\" srcset=\"https:\/\/beyazitdentalcenter.com\/wp-content\/uploads\/2024\/10\/Murat-Beyazit-576x1024.jpg 576w, https:\/\/beyazitdentalcenter.com\/wp-content\/uploads\/2024\/10\/Murat-Beyazit-169x300.jpg 169w, https:\/\/beyazitdentalcenter.com\/wp-content\/uploads\/2024\/10\/Murat-Beyazit-768x1365.jpg 768w, https:\/\/beyazitdentalcenter.com\/wp-content\/uploads\/2024\/10\/Murat-Beyazit-864x1536.jpg 864w, https:\/\/beyazitdentalcenter.com\/wp-content\/uploads\/2024\/10\/Murat-Beyazit-7x12.jpg 7w, https:\/\/beyazitdentalcenter.com\/wp-content\/uploads\/2024\/10\/Murat-Beyazit-370x658.jpg 370w, https:\/\/beyazitdentalcenter.com\/wp-content\/uploads\/2024\/10\/Murat-Beyazit-840x1493.jpg 840w, https:\/\/beyazitdentalcenter.com\/wp-content\/uploads\/2024\/10\/Murat-Beyazit-410x729.jpg 410w, https:\/\/beyazitdentalcenter.com\/wp-content\/uploads\/2024\/10\/Murat-Beyazit.jpg 1080w\" sizes=\"(max-width: 600px) 100vw, 576px\" \/>\t\t\t\t\t\t\t\t\t\t\t\t\t\t\t<\/div>\n\t\t\t\t<\/div>\n\t\t\t\t\t<\/div>\n\t\t<\/div>\n\t\t\t\t<div class=\"elementor-column elementor-col-66 elementor-top-column elementor-element elementor-element-d9b3411 sc_inner_width_none sc_content_align_inherit sc_layouts_column_icons_position_left sc_fly_static\" data-id=\"d9b3411\" data-element_type=\"column\">\n\t\t\t<div class=\"elementor-widget-wrap elementor-element-populated\">\n\t\t\t\t\t\t<div class=\"elementor-element elementor-element-ff512c5 sc_fly_static elementor-widget elementor-widget-trx_sc_title\" data-id=\"ff512c5\" data-element_type=\"widget\" data-widget_type=\"trx_sc_title.default\">\n\t\t\t\t<div class=\"elementor-widget-container\">\n\t\t\t\t\t<div\t\tclass=\"sc_title sc_title_default\" ><h1 class=\"sc_item_title sc_title_title sc_item_title_style_default sc_item_title_tag\"\n\t\t\t><span class=\"sc_item_title_text\">DT. MURAT BEYAZIT<\/span><\/h1><\/div>\t\t\t\t<\/div>\n\t\t\t\t<\/div>\n\t\t\t\t<div class=\"elementor-element elementor-element-0b19359 sc_fly_static elementor-widget elementor-widget-text-editor\" data-id=\"0b19359\" data-element_type=\"widget\" data-widget_type=\"text-editor.default\">\n\t\t\t\t<div class=\"elementor-widget-container\">\n\t\t\t\t\t\t\t\t\t<p>Dr. Murat Beyazit wurde 1976 in Istanbul geboren und schloss sein Studium an der Fakult\u00e4t f\u00fcr Zahnmedizin der Universit\u00e4t Istanbul im Jahr 2000 ab. Er begann seine berufliche Laufbahn im Florence Nightingale Hospital in Istanbul, wo er von 2000 bis 2001 arbeitete und wertvolle klinische Erfahrungen sammelte.<\/p><p>Im Jahr 2003 gr\u00fcndete er die zahnmedizinische Abteilung des Tekirda\u011f Hayat-Krankenhauses und legte damit den Grundstein f\u00fcr moderne zahnmedizinische Dienstleistungen in der Region. Seine F\u00fchrungsqualit\u00e4ten und sein Weitblick verhalfen der Abteilung zum Aufschwung. Von 2003 bis 2011 leistete er w\u00e4hrend seiner T\u00e4tigkeit im Tekirda\u011f State Hospital einen wichtigen Beitrag zum \u00f6ffentlichen Gesundheitswesen.<\/p><p>Im Jahr 2005 gr\u00fcndete er gemeinsam mit Dr. Fulya \u00c7ebi Beyaz\u0131t eine private Zahnklinik, die sich zu einer der f\u00fchrenden Zahnarztpraxen in der Region entwickelt hat. Seit 2013 praktiziert er in der Beyaz\u0131t Oral and Dental Health Clinic, wo er den Ruf der Klinik f\u00fcr hervorragende Patientenbetreuung und fortschrittliche Zahnbehandlungen weiter ausbaut.<\/p><p>Dr. Murat Beyazit ist Mitglied der Aesthetic Dentistry Association (EDAD) und der Turkish Dental Association (TDB), was sein Engagement widerspiegelt, immer auf dem neuesten Stand des zahnmedizinischen Fortschritts zu sein. Im Laufe der Jahre hat er an zahlreichen nationalen und internationalen Konferenzen, Symposien und Fachkursen teilgenommen, um seine F\u00e4higkeiten zu verbessern und sicherzustellen, dass seine Patienten die modernsten Behandlungen erhalten.<\/p><p>Als Spezialist f\u00fcr Implantologie und prothetische Zahnmedizin ist Dr. Murat Beyazit f\u00fcr sein Fachwissen \u00fcber Zahnimplantate und implantatgetragenen Zahnersatz bekannt und bietet modernste L\u00f6sungen f\u00fcr komplexe Zahnf\u00e4lle. Sein Engagement f\u00fcr eine kontinuierliche berufliche Weiterentwicklung zeigt sich in der Pr\u00e4zision und Sorgfalt, mit der er jeden Fall angeht.<\/p><p>Neben seinen beruflichen Erfolgen widmet sich Dr. Murat Beyazit leidenschaftlich dem Segeln, das er auch auf professioneller Ebene aus\u00fcbt. Dieses Gleichgewicht zwischen seiner klinischen Arbeit und seinen pers\u00f6nlichen Interessen unterstreicht sein Engagement f\u00fcr Spitzenleistungen und Pr\u00e4zision in allen Lebensbereichen.<\/p><p>In seiner \u00fcber zwei Jahrzehnte w\u00e4hrenden Karriere ist Dr. Murat Beyazit nach wie vor eine hoch angesehene Pers\u00f6nlichkeit auf dem Gebiet der Zahnmedizin, bekannt f\u00fcr sein Fachwissen, seine patientenorientierte Betreuung und seinen Beitrag zur F\u00f6rderung der zahnmedizinischen Versorgung in der T\u00fcrkei.<\/p>\t\t\t\t\t\t\t\t<\/div>\n\t\t\t\t<\/div>\n\t\t\t\t\t<\/div>\n\t\t<\/div>\n\t\t\t\t\t<\/div>\n\t\t<\/section>\n\t\t\t\t<section class=\"elementor-section elementor-top-section elementor-element elementor-element-49e7928 elementor-section-boxed elementor-section-height-default elementor-section-height-default sc_fly_static\" data-id=\"49e7928\" data-element_type=\"section\">\n\t\t\t\t\t\t<div class=\"elementor-container elementor-column-gap-extended\">\n\t\t\t\t\t<div class=\"elementor-column elementor-col-100 elementor-top-column elementor-element elementor-element-c1f7c76 sc_inner_width_none sc_content_align_inherit sc_layouts_column_icons_position_left sc_fly_static\" data-id=\"c1f7c76\" data-element_type=\"column\">\n\t\t\t<div class=\"elementor-widget-wrap elementor-element-populated\">\n\t\t\t\t\t\t<div class=\"elementor-element elementor-element-d73bd0b sc_height_huge sc_fly_static elementor-widget elementor-widget-spacer\" data-id=\"d73bd0b\" data-element_type=\"widget\" data-widget_type=\"spacer.default\">\n\t\t\t\t<div class=\"elementor-widget-container\">\n\t\t\t\t\t\t\t<div class=\"elementor-spacer\">\n\t\t\t<div class=\"elementor-spacer-inner\"><\/div>\n\t\t<\/div>\n\t\t\t\t\t\t<\/div>\n\t\t\t\t<\/div>\n\t\t\t\t\t<\/div>\n\t\t<\/div>\n\t\t\t\t\t<\/div>\n\t\t<\/section>\n\t\t\t\t<\/div>","protected":false},"excerpt":{"rendered":"<p>DT. MURAT BEYAZIT DT. MURAT BEYAZIT Dr. Murat Beyazit was born in Istanbul in 1976 and graduated from the Istanbul University Faculty of Dentistry in 2000. He began his professional&hellip;<\/p>","protected":false},"author":4,"featured_media":0,"parent":25319,"menu_order":0,"comment_status":"closed","ping_status":"closed","template":"","meta":{"footnotes":""},"class_list":["post-24386","page","type-page","status-publish","hentry"],"yoast_head":"<!-- This site is optimized with the Yoast SEO plugin v27.2 - https:\/\/yoast.com\/product\/yoast-seo-wordpress\/ -->\n<title>Dt. Murat Beyaz\u0131t - Beyazit Dental Center<\/title>\n<meta name=\"robots\" content=\"index, follow, max-snippet:-1, max-image-preview:large, max-video-preview:-1\" \/>\n<link rel=\"canonical\" href=\"https:\/\/beyazitdentalcenter.com\/de\/our-doctors\/dt-murat-beyazit\/\" \/>\n<meta property=\"og:locale\" content=\"de_DE\" \/>\n<meta property=\"og:type\" content=\"article\" \/>\n<meta property=\"og:title\" content=\"Dt. Murat Beyaz\u0131t - Beyazit Dental Center\" \/>\n<meta property=\"og:description\" content=\"DT. MURAT BEYAZIT DT. MURAT BEYAZIT Dr. Murat Beyazit was born in Istanbul in 1976 and graduated from the Istanbul University Faculty of Dentistry in 2000. He began his professional&hellip;\" \/>\n<meta property=\"og:url\" content=\"https:\/\/beyazitdentalcenter.com\/de\/our-doctors\/dt-murat-beyazit\/\" \/>\n<meta property=\"og:site_name\" content=\"Beyazit Dental Center\" \/>\n<meta property=\"article:modified_time\" content=\"2026-03-23T06:29:27+00:00\" \/>\n<meta property=\"og:image\" content=\"https:\/\/beyazitdentalcenter.com\/wp-content\/uploads\/2024\/10\/Murat-Beyazit.jpg\" \/>\n\t<meta property=\"og:image:width\" content=\"1080\" \/>\n\t<meta property=\"og:image:height\" content=\"1920\" \/>\n\t<meta property=\"og:image:type\" content=\"image\/jpeg\" \/>\n<meta name=\"twitter:card\" content=\"summary_large_image\" \/>\n<meta name=\"twitter:label1\" content=\"Gesch\u00e4tzte Lesezeit\" \/>\n\t<meta name=\"twitter:data1\" content=\"2\u00a0Minuten\" \/>\n<script type=\"application\/ld+json\" class=\"yoast-schema-graph\">{\"@context\":\"https:\/\/schema.org\",\"@graph\":[{\"@type\":\"WebPage\",\"@id\":\"https:\/\/beyazitdentalcenter.com\/our-doctors\/dt-murat-beyazit\/\",\"url\":\"https:\/\/beyazitdentalcenter.com\/our-doctors\/dt-murat-beyazit\/\",\"name\":\"Dt. Murat Beyaz\u0131t - Beyazit Dental Center\",\"isPartOf\":{\"@id\":\"https:\/\/beyazitdentalcenter.com\/#website\"},\"primaryImageOfPage\":{\"@id\":\"https:\/\/beyazitdentalcenter.com\/our-doctors\/dt-murat-beyazit\/#primaryimage\"},\"image\":{\"@id\":\"https:\/\/beyazitdentalcenter.com\/our-doctors\/dt-murat-beyazit\/#primaryimage\"},\"thumbnailUrl\":\"https:\/\/beyazitdentalcenter.com\/wp-content\/uploads\/2024\/10\/Murat-Beyazit-576x1024.jpg\",\"datePublished\":\"2024-10-07T12:53:27+00:00\",\"dateModified\":\"2026-03-23T06:29:27+00:00\",\"breadcrumb\":{\"@id\":\"https:\/\/beyazitdentalcenter.com\/our-doctors\/dt-murat-beyazit\/#breadcrumb\"},\"inLanguage\":\"de\",\"potentialAction\":[{\"@type\":\"ReadAction\",\"target\":[\"https:\/\/beyazitdentalcenter.com\/our-doctors\/dt-murat-beyazit\/\"]}]},{\"@type\":\"ImageObject\",\"inLanguage\":\"de\",\"@id\":\"https:\/\/beyazitdentalcenter.com\/our-doctors\/dt-murat-beyazit\/#primaryimage\",\"url\":\"https:\/\/beyazitdentalcenter.com\/wp-content\/uploads\/2024\/10\/Murat-Beyazit-576x1024.jpg\",\"contentUrl\":\"https:\/\/beyazitdentalcenter.com\/wp-content\/uploads\/2024\/10\/Murat-Beyazit-576x1024.jpg\"},{\"@type\":\"BreadcrumbList\",\"@id\":\"https:\/\/beyazitdentalcenter.com\/our-doctors\/dt-murat-beyazit\/#breadcrumb\",\"itemListElement\":[{\"@type\":\"ListItem\",\"position\":1,\"name\":\"Home\",\"item\":\"https:\/\/beyazitdentalcenter.com\/\"},{\"@type\":\"ListItem\",\"position\":2,\"name\":\"OUR DOCTORS\",\"item\":\"https:\/\/beyazitdentalcenter.com\/our-doctors\/\"},{\"@type\":\"ListItem\",\"position\":3,\"name\":\"Dt. Murat Beyaz\u0131t\"}]},{\"@type\":\"WebSite\",\"@id\":\"https:\/\/beyazitdentalcenter.com\/#website\",\"url\":\"https:\/\/beyazitdentalcenter.com\/\",\"name\":\"Beyazit Dental Center\",\"description\":\"Enjoy Your Smile\",\"publisher\":{\"@id\":\"https:\/\/beyazitdentalcenter.com\/#organization\"},\"potentialAction\":[{\"@type\":\"SearchAction\",\"target\":{\"@type\":\"EntryPoint\",\"urlTemplate\":\"https:\/\/beyazitdentalcenter.com\/?s={search_term_string}\"},\"query-input\":{\"@type\":\"PropertyValueSpecification\",\"valueRequired\":true,\"valueName\":\"search_term_string\"}}],\"inLanguage\":\"de\"},{\"@type\":\"Organization\",\"@id\":\"https:\/\/beyazitdentalcenter.com\/#organization\",\"name\":\"Denta Aesthetic Turkey\",\"url\":\"https:\/\/beyazitdentalcenter.com\/\",\"logo\":{\"@type\":\"ImageObject\",\"inLanguage\":\"de\",\"@id\":\"https:\/\/beyazitdentalcenter.com\/#\/schema\/logo\/image\/\",\"url\":\"https:\/\/beyazitdentalcenter.com\/wp-content\/uploads\/2026\/03\/beyazit-header-logo-negative.webp\",\"contentUrl\":\"https:\/\/beyazitdentalcenter.com\/wp-content\/uploads\/2026\/03\/beyazit-header-logo-negative.webp\",\"width\":600,\"height\":375,\"caption\":\"Denta Aesthetic Turkey\"},\"image\":{\"@id\":\"https:\/\/beyazitdentalcenter.com\/#\/schema\/logo\/image\/\"}}]}<\/script>\n<!-- \/ Yoast SEO plugin. -->","yoast_head_json":{"title":"Dt. Murat Beyaz\u0131t - Beyazit Dental Center","robots":{"index":"index","follow":"follow","max-snippet":"max-snippet:-1","max-image-preview":"max-image-preview:large","max-video-preview":"max-video-preview:-1"},"canonical":"https:\/\/beyazitdentalcenter.com\/de\/our-doctors\/dt-murat-beyazit\/","og_locale":"de_DE","og_type":"article","og_title":"Dt. Murat Beyaz\u0131t - Beyazit Dental Center","og_description":"DT. MURAT BEYAZIT DT. MURAT BEYAZIT Dr. Murat Beyazit was born in Istanbul in 1976 and graduated from the Istanbul University Faculty of Dentistry in 2000. He began his professional&hellip;","og_url":"https:\/\/beyazitdentalcenter.com\/de\/our-doctors\/dt-murat-beyazit\/","og_site_name":"Beyazit Dental Center","article_modified_time":"2026-03-23T06:29:27+00:00","og_image":[{"width":1080,"height":1920,"url":"https:\/\/beyazitdentalcenter.com\/wp-content\/uploads\/2024\/10\/Murat-Beyazit.jpg","type":"image\/jpeg"}],"twitter_card":"summary_large_image","twitter_misc":{"Gesch\u00e4tzte Lesezeit":"2\u00a0Minuten"},"schema":{"@context":"https:\/\/schema.org","@graph":[{"@type":"WebPage","@id":"https:\/\/beyazitdentalcenter.com\/our-doctors\/dt-murat-beyazit\/","url":"https:\/\/beyazitdentalcenter.com\/our-doctors\/dt-murat-beyazit\/","name":"Dt. Murat Beyaz\u0131t - Beyazit Dental Center","isPartOf":{"@id":"https:\/\/beyazitdentalcenter.com\/#website"},"primaryImageOfPage":{"@id":"https:\/\/beyazitdentalcenter.com\/our-doctors\/dt-murat-beyazit\/#primaryimage"},"image":{"@id":"https:\/\/beyazitdentalcenter.com\/our-doctors\/dt-murat-beyazit\/#primaryimage"},"thumbnailUrl":"https:\/\/beyazitdentalcenter.com\/wp-content\/uploads\/2024\/10\/Murat-Beyazit-576x1024.jpg","datePublished":"2024-10-07T12:53:27+00:00","dateModified":"2026-03-23T06:29:27+00:00","breadcrumb":{"@id":"https:\/\/beyazitdentalcenter.com\/our-doctors\/dt-murat-beyazit\/#breadcrumb"},"inLanguage":"de","potentialAction":[{"@type":"ReadAction","target":["https:\/\/beyazitdentalcenter.com\/our-doctors\/dt-murat-beyazit\/"]}]},{"@type":"ImageObject","inLanguage":"de","@id":"https:\/\/beyazitdentalcenter.com\/our-doctors\/dt-murat-beyazit\/#primaryimage","url":"https:\/\/beyazitdentalcenter.com\/wp-content\/uploads\/2024\/10\/Murat-Beyazit-576x1024.jpg","contentUrl":"https:\/\/beyazitdentalcenter.com\/wp-content\/uploads\/2024\/10\/Murat-Beyazit-576x1024.jpg"},{"@type":"BreadcrumbList","@id":"https:\/\/beyazitdentalcenter.com\/our-doctors\/dt-murat-beyazit\/#breadcrumb","itemListElement":[{"@type":"ListItem","position":1,"name":"Home","item":"https:\/\/beyazitdentalcenter.com\/"},{"@type":"ListItem","position":2,"name":"OUR DOCTORS","item":"https:\/\/beyazitdentalcenter.com\/our-doctors\/"},{"@type":"ListItem","position":3,"name":"Dt. Murat Beyaz\u0131t"}]},{"@type":"WebSite","@id":"https:\/\/beyazitdentalcenter.com\/#website","url":"https:\/\/beyazitdentalcenter.com\/","name":"Beyazit Dental Center","description":"Enjoy Your Smile","publisher":{"@id":"https:\/\/beyazitdentalcenter.com\/#organization"},"potentialAction":[{"@type":"SearchAction","target":{"@type":"EntryPoint","urlTemplate":"https:\/\/beyazitdentalcenter.com\/?s={search_term_string}"},"query-input":{"@type":"PropertyValueSpecification","valueRequired":true,"valueName":"search_term_string"}}],"inLanguage":"de"},{"@type":"Organization","@id":"https:\/\/beyazitdentalcenter.com\/#organization","name":"Denta Aesthetic Turkey","url":"https:\/\/beyazitdentalcenter.com\/","logo":{"@type":"ImageObject","inLanguage":"de","@id":"https:\/\/beyazitdentalcenter.com\/#\/schema\/logo\/image\/","url":"https:\/\/beyazitdentalcenter.com\/wp-content\/uploads\/2026\/03\/beyazit-header-logo-negative.webp","contentUrl":"https:\/\/beyazitdentalcenter.com\/wp-content\/uploads\/2026\/03\/beyazit-header-logo-negative.webp","width":600,"height":375,"caption":"Denta Aesthetic Turkey"},"image":{"@id":"https:\/\/beyazitdentalcenter.com\/#\/schema\/logo\/image\/"}}]}},"_links":{"self":[{"href":"https:\/\/beyazitdentalcenter.com\/de\/wp-json\/wp\/v2\/pages\/24386","targetHints":{"allow":["GET"]}}],"collection":[{"href":"https:\/\/beyazitdentalcenter.com\/de\/wp-json\/wp\/v2\/pages"}],"about":[{"href":"https:\/\/beyazitdentalcenter.com\/de\/wp-json\/wp\/v2\/types\/page"}],"author":[{"embeddable":true,"href":"https:\/\/beyazitdentalcenter.com\/de\/wp-json\/wp\/v2\/users\/4"}],"replies":[{"embeddable":true,"href":"https:\/\/beyazitdentalcenter.com\/de\/wp-json\/wp\/v2\/comments?post=24386"}],"version-history":[{"count":19,"href":"https:\/\/beyazitdentalcenter.com\/de\/wp-json\/wp\/v2\/pages\/24386\/revisions"}],"predecessor-version":[{"id":26278,"href":"https:\/\/beyazitdentalcenter.com\/de\/wp-json\/wp\/v2\/pages\/24386\/revisions\/26278"}],"up":[{"embeddable":true,"href":"https:\/\/beyazitdentalcenter.com\/de\/wp-json\/wp\/v2\/pages\/25319"}],"wp:attachment":[{"href":"https:\/\/beyazitdentalcenter.com\/de\/wp-json\/wp\/v2\/media?parent=24386"}],"curies":[{"name":"wp","href":"https:\/\/api.w.org\/{rel}","templated":true}]}}