{"id":24372,"date":"2024-10-07T12:12:11","date_gmt":"2024-10-07T12:12:11","guid":{"rendered":"https:\/\/beyazitdentalcenter.com\/?page_id=24372"},"modified":"2026-03-21T15:36:56","modified_gmt":"2026-03-21T15:36:56","slug":"bank-account-information","status":"publish","type":"page","link":"https:\/\/beyazitdentalcenter.com\/de\/bank-account-information\/","title":{"rendered":"Informationen zum Bankkonto"},"content":{"rendered":"<div data-elementor-type=\"wp-page\" data-elementor-id=\"24372\" class=\"elementor elementor-24372\" data-elementor-post-type=\"page\">\n\t\t\t\t\t\t<section class=\"elementor-section elementor-top-section elementor-element elementor-element-40c84fb7 elementor-section-boxed elementor-section-height-default elementor-section-height-default sc_fly_static\" data-id=\"40c84fb7\" data-element_type=\"section\">\n\t\t\t\t\t\t<div class=\"elementor-container elementor-column-gap-extended\">\n\t\t\t\t\t<div class=\"elementor-column elementor-col-100 elementor-top-column elementor-element elementor-element-4914e386 sc_inner_width_none sc_content_align_inherit sc_layouts_column_icons_position_left sc_fly_static\" data-id=\"4914e386\" data-element_type=\"column\">\n\t\t\t<div class=\"elementor-widget-wrap elementor-element-populated\">\n\t\t\t\t\t\t<div class=\"elementor-element elementor-element-3557efa3 sc_fly_static elementor-widget elementor-widget-text-editor\" data-id=\"3557efa3\" data-element_type=\"widget\" data-widget_type=\"text-editor.default\">\n\t\t\t\t<div class=\"elementor-widget-container\">\n\t\t\t\t\t\t\t\t\t<div class=\"wp-block-image\">\n<figure class=\"alignleft is-resized\"><img fetchpriority=\"high\" decoding=\"async\" width=\"1920\" height=\"576\" class=\"wp-image-23361 alignleft\" style=\"width: 350px; height: auto;\" src=\"https:\/\/beyazitdis.com\/wp-content\/uploads\/2024\/02\/vakifbank-1920x576-1.png\" alt=\"\" srcset=\"https:\/\/beyazitdentalcenter.com\/wp-content\/uploads\/2024\/02\/vakifbank-1920x576-1.png 1920w, https:\/\/beyazitdentalcenter.com\/wp-content\/uploads\/2024\/02\/vakifbank-1920x576-1-300x90.png 300w, https:\/\/beyazitdentalcenter.com\/wp-content\/uploads\/2024\/02\/vakifbank-1920x576-1-1024x307.png 1024w, https:\/\/beyazitdentalcenter.com\/wp-content\/uploads\/2024\/02\/vakifbank-1920x576-1-768x230.png 768w, https:\/\/beyazitdentalcenter.com\/wp-content\/uploads\/2024\/02\/vakifbank-1920x576-1-1536x461.png 1536w, https:\/\/beyazitdentalcenter.com\/wp-content\/uploads\/2024\/02\/vakifbank-1920x576-1-370x111.png 370w, https:\/\/beyazitdentalcenter.com\/wp-content\/uploads\/2024\/02\/vakifbank-1920x576-1-840x252.png 840w, https:\/\/beyazitdentalcenter.com\/wp-content\/uploads\/2024\/02\/vakifbank-1920x576-1-410x123.png 410w, https:\/\/beyazitdentalcenter.com\/wp-content\/uploads\/2024\/02\/vakifbank-1920x576-1-600x180.png 600w\" sizes=\"(max-width: 1920px) 100vw, 1920px\" \/><\/figure>\n<\/div>\n<p>\u00a0<\/p>\n\n<p>\u00a0<\/p>\n\n<p>\u00a0<\/p>\n\n<p><strong>Account Name: <\/strong>BEYAZIT SA\u011eLIK H\u0130ZMETLER\u0130 T\u0130C. LTD. \u015eT\u0130.<\/p>\n<p><b>TL:<br \/>Kontonummer: <\/b>00158007311026719<br \/><strong>IBAN:<\/strong> TR05 0001 5001 5800 7311 0267 19<\/p>\n<p><strong>USD:<br \/>Kontonummer: <\/strong>00158048019895224<br \/><strong>IBAN:<\/strong>\u00a0TR71 0001 5001 5804 8019 8952 24<\/p>\n\n<p><strong>EURO:<br \/>Kontonummer: <\/strong>00158048019895207<br \/><strong>IBAN:<\/strong> TR45 0001 5001 5804 8019 8952 07<\/p>\n<p><b>GPB:<br \/>Kontonummer: <\/b>00158048021619603<br \/><strong>IBAN:<\/strong> TR92 0001 5001 5804 8021 6196 03<\/p>\n\n<p><a href=\"https:\/\/beyazitdentalcenter.com\/de\/contact\/\">Kontakt<\/a><a href=\"tel:+447342353649\">: +44 7342 3536 49<\/a><\/p>\n\t\t\t\t\t\t\t\t<\/div>\n\t\t\t\t<\/div>\n\t\t\t\t\t<\/div>\n\t\t<\/div>\n\t\t\t\t\t<\/div>\n\t\t<\/section>\n\t\t\t\t<section class=\"elementor-section elementor-top-section elementor-element elementor-element-0cae46f elementor-section-boxed elementor-section-height-default elementor-section-height-default sc_fly_static\" data-id=\"0cae46f\" data-element_type=\"section\">\n\t\t\t\t\t\t<div class=\"elementor-container elementor-column-gap-extended\">\n\t\t\t\t\t<div class=\"elementor-column elementor-col-100 elementor-top-column elementor-element elementor-element-0031d72 sc_inner_width_none sc_content_align_inherit sc_layouts_column_icons_position_left sc_fly_static\" data-id=\"0031d72\" data-element_type=\"column\">\n\t\t\t<div class=\"elementor-widget-wrap elementor-element-populated\">\n\t\t\t\t\t\t<div class=\"elementor-element elementor-element-a8914c4 sc_fly_static elementor-widget elementor-widget-spacer\" data-id=\"a8914c4\" data-element_type=\"widget\" data-widget_type=\"spacer.default\">\n\t\t\t\t<div class=\"elementor-widget-container\">\n\t\t\t\t\t\t\t<div class=\"elementor-spacer\">\n\t\t\t<div class=\"elementor-spacer-inner\"><\/div>\n\t\t<\/div>\n\t\t\t\t\t\t<\/div>\n\t\t\t\t<\/div>\n\t\t\t\t\t<\/div>\n\t\t<\/div>\n\t\t\t\t\t<\/div>\n\t\t<\/section>\n\t\t\t\t<\/div>","protected":false},"excerpt":{"rendered":"<p>\u00a0 \u00a0 \u00a0 Account Name: BEYAZIT SA\u011eLIK H\u0130ZMETLER\u0130 T\u0130C. LTD. \u015eT\u0130. TL:Account Number: 00158007311026719IBAN: TR05 0001 5001 5800 7311 0267 19 USD:Account Number: 00158048019895224IBAN:\u00a0TR71 0001 5001 5804 8019 8952 24&hellip;<\/p>","protected":false},"author":4,"featured_media":0,"parent":0,"menu_order":0,"comment_status":"closed","ping_status":"closed","template":"elementor_header_footer","meta":{"footnotes":""},"class_list":["post-24372","page","type-page","status-publish","hentry"],"yoast_head":"<!-- This site is optimized with the Yoast SEO plugin v27.2 - https:\/\/yoast.com\/product\/yoast-seo-wordpress\/ -->\n<title>Bank Account Information - Beyazit Dental Center<\/title>\n<meta name=\"robots\" content=\"index, follow, max-snippet:-1, max-image-preview:large, max-video-preview:-1\" \/>\n<link rel=\"canonical\" href=\"https:\/\/beyazitdentalcenter.com\/de\/bank-account-information\/\" \/>\n<meta property=\"og:locale\" content=\"de_DE\" \/>\n<meta property=\"og:type\" content=\"article\" \/>\n<meta property=\"og:title\" content=\"Bank Account Information - Beyazit Dental Center\" \/>\n<meta property=\"og:description\" content=\"\u00a0 \u00a0 \u00a0 Account Name: BEYAZIT SA\u011eLIK H\u0130ZMETLER\u0130 T\u0130C. LTD. \u015eT\u0130. TL:Account Number: 00158007311026719IBAN: TR05 0001 5001 5800 7311 0267 19 USD:Account Number: 00158048019895224IBAN:\u00a0TR71 0001 5001 5804 8019 8952 24&hellip;\" \/>\n<meta property=\"og:url\" content=\"https:\/\/beyazitdentalcenter.com\/de\/bank-account-information\/\" \/>\n<meta property=\"og:site_name\" content=\"Beyazit Dental Center\" \/>\n<meta property=\"article:modified_time\" content=\"2026-03-21T15:36:56+00:00\" \/>\n<meta property=\"og:image\" content=\"https:\/\/beyazitdentalcenter.com\/wp-content\/uploads\/2024\/02\/vakifbank-1920x576-1.png\" \/>\n\t<meta property=\"og:image:width\" content=\"1920\" \/>\n\t<meta property=\"og:image:height\" content=\"576\" \/>\n\t<meta property=\"og:image:type\" content=\"image\/png\" \/>\n<meta name=\"twitter:card\" content=\"summary_large_image\" \/>\n<meta name=\"twitter:label1\" content=\"Gesch\u00e4tzte Lesezeit\" \/>\n\t<meta name=\"twitter:data1\" content=\"1\u00a0Minute\" \/>\n<script type=\"application\/ld+json\" class=\"yoast-schema-graph\">{\"@context\":\"https:\/\/schema.org\",\"@graph\":[{\"@type\":\"WebPage\",\"@id\":\"https:\/\/beyazitdentalcenter.com\/bank-account-information\/\",\"url\":\"https:\/\/beyazitdentalcenter.com\/bank-account-information\/\",\"name\":\"Bank Account Information - Beyazit Dental Center\",\"isPartOf\":{\"@id\":\"https:\/\/beyazitdentalcenter.com\/#website\"},\"primaryImageOfPage\":{\"@id\":\"https:\/\/beyazitdentalcenter.com\/bank-account-information\/#primaryimage\"},\"image\":{\"@id\":\"https:\/\/beyazitdentalcenter.com\/bank-account-information\/#primaryimage\"},\"thumbnailUrl\":\"https:\/\/beyazitdis.com\/wp-content\/uploads\/2024\/02\/vakifbank-1920x576-1.png\",\"datePublished\":\"2024-10-07T12:12:11+00:00\",\"dateModified\":\"2026-03-21T15:36:56+00:00\",\"breadcrumb\":{\"@id\":\"https:\/\/beyazitdentalcenter.com\/bank-account-information\/#breadcrumb\"},\"inLanguage\":\"de\",\"potentialAction\":[{\"@type\":\"ReadAction\",\"target\":[\"https:\/\/beyazitdentalcenter.com\/bank-account-information\/\"]}]},{\"@type\":\"ImageObject\",\"inLanguage\":\"de\",\"@id\":\"https:\/\/beyazitdentalcenter.com\/bank-account-information\/#primaryimage\",\"url\":\"https:\/\/beyazitdis.com\/wp-content\/uploads\/2024\/02\/vakifbank-1920x576-1.png\",\"contentUrl\":\"https:\/\/beyazitdis.com\/wp-content\/uploads\/2024\/02\/vakifbank-1920x576-1.png\"},{\"@type\":\"BreadcrumbList\",\"@id\":\"https:\/\/beyazitdentalcenter.com\/bank-account-information\/#breadcrumb\",\"itemListElement\":[{\"@type\":\"ListItem\",\"position\":1,\"name\":\"Home\",\"item\":\"https:\/\/beyazitdentalcenter.com\/\"},{\"@type\":\"ListItem\",\"position\":2,\"name\":\"Bank Account Information\"}]},{\"@type\":\"WebSite\",\"@id\":\"https:\/\/beyazitdentalcenter.com\/#website\",\"url\":\"https:\/\/beyazitdentalcenter.com\/\",\"name\":\"Beyazit Dental Center\",\"description\":\"Enjoy Your Smile\",\"publisher\":{\"@id\":\"https:\/\/beyazitdentalcenter.com\/#organization\"},\"potentialAction\":[{\"@type\":\"SearchAction\",\"target\":{\"@type\":\"EntryPoint\",\"urlTemplate\":\"https:\/\/beyazitdentalcenter.com\/?s={search_term_string}\"},\"query-input\":{\"@type\":\"PropertyValueSpecification\",\"valueRequired\":true,\"valueName\":\"search_term_string\"}}],\"inLanguage\":\"de\"},{\"@type\":\"Organization\",\"@id\":\"https:\/\/beyazitdentalcenter.com\/#organization\",\"name\":\"Denta Aesthetic Turkey\",\"url\":\"https:\/\/beyazitdentalcenter.com\/\",\"logo\":{\"@type\":\"ImageObject\",\"inLanguage\":\"de\",\"@id\":\"https:\/\/beyazitdentalcenter.com\/#\/schema\/logo\/image\/\",\"url\":\"https:\/\/beyazitdentalcenter.com\/wp-content\/uploads\/2026\/03\/beyazit-header-logo-negative.webp\",\"contentUrl\":\"https:\/\/beyazitdentalcenter.com\/wp-content\/uploads\/2026\/03\/beyazit-header-logo-negative.webp\",\"width\":600,\"height\":375,\"caption\":\"Denta Aesthetic Turkey\"},\"image\":{\"@id\":\"https:\/\/beyazitdentalcenter.com\/#\/schema\/logo\/image\/\"}}]}<\/script>\n<!-- \/ Yoast SEO plugin. -->","yoast_head_json":{"title":"Bank Account Information - Beyazit Dental Center","robots":{"index":"index","follow":"follow","max-snippet":"max-snippet:-1","max-image-preview":"max-image-preview:large","max-video-preview":"max-video-preview:-1"},"canonical":"https:\/\/beyazitdentalcenter.com\/de\/bank-account-information\/","og_locale":"de_DE","og_type":"article","og_title":"Bank Account Information - Beyazit Dental Center","og_description":"\u00a0 \u00a0 \u00a0 Account Name: BEYAZIT SA\u011eLIK H\u0130ZMETLER\u0130 T\u0130C. LTD. \u015eT\u0130. TL:Account Number: 00158007311026719IBAN: TR05 0001 5001 5800 7311 0267 19 USD:Account Number: 00158048019895224IBAN:\u00a0TR71 0001 5001 5804 8019 8952 24&hellip;","og_url":"https:\/\/beyazitdentalcenter.com\/de\/bank-account-information\/","og_site_name":"Beyazit Dental Center","article_modified_time":"2026-03-21T15:36:56+00:00","og_image":[{"width":1920,"height":576,"url":"https:\/\/beyazitdentalcenter.com\/wp-content\/uploads\/2024\/02\/vakifbank-1920x576-1.png","type":"image\/png"}],"twitter_card":"summary_large_image","twitter_misc":{"Gesch\u00e4tzte Lesezeit":"1\u00a0Minute"},"schema":{"@context":"https:\/\/schema.org","@graph":[{"@type":"WebPage","@id":"https:\/\/beyazitdentalcenter.com\/bank-account-information\/","url":"https:\/\/beyazitdentalcenter.com\/bank-account-information\/","name":"Bank Account Information - Beyazit Dental Center","isPartOf":{"@id":"https:\/\/beyazitdentalcenter.com\/#website"},"primaryImageOfPage":{"@id":"https:\/\/beyazitdentalcenter.com\/bank-account-information\/#primaryimage"},"image":{"@id":"https:\/\/beyazitdentalcenter.com\/bank-account-information\/#primaryimage"},"thumbnailUrl":"https:\/\/beyazitdis.com\/wp-content\/uploads\/2024\/02\/vakifbank-1920x576-1.png","datePublished":"2024-10-07T12:12:11+00:00","dateModified":"2026-03-21T15:36:56+00:00","breadcrumb":{"@id":"https:\/\/beyazitdentalcenter.com\/bank-account-information\/#breadcrumb"},"inLanguage":"de","potentialAction":[{"@type":"ReadAction","target":["https:\/\/beyazitdentalcenter.com\/bank-account-information\/"]}]},{"@type":"ImageObject","inLanguage":"de","@id":"https:\/\/beyazitdentalcenter.com\/bank-account-information\/#primaryimage","url":"https:\/\/beyazitdis.com\/wp-content\/uploads\/2024\/02\/vakifbank-1920x576-1.png","contentUrl":"https:\/\/beyazitdis.com\/wp-content\/uploads\/2024\/02\/vakifbank-1920x576-1.png"},{"@type":"BreadcrumbList","@id":"https:\/\/beyazitdentalcenter.com\/bank-account-information\/#breadcrumb","itemListElement":[{"@type":"ListItem","position":1,"name":"Home","item":"https:\/\/beyazitdentalcenter.com\/"},{"@type":"ListItem","position":2,"name":"Bank Account Information"}]},{"@type":"WebSite","@id":"https:\/\/beyazitdentalcenter.com\/#website","url":"https:\/\/beyazitdentalcenter.com\/","name":"Beyazit Dental Center","description":"Enjoy Your Smile","publisher":{"@id":"https:\/\/beyazitdentalcenter.com\/#organization"},"potentialAction":[{"@type":"SearchAction","target":{"@type":"EntryPoint","urlTemplate":"https:\/\/beyazitdentalcenter.com\/?s={search_term_string}"},"query-input":{"@type":"PropertyValueSpecification","valueRequired":true,"valueName":"search_term_string"}}],"inLanguage":"de"},{"@type":"Organization","@id":"https:\/\/beyazitdentalcenter.com\/#organization","name":"Denta Aesthetic Turkey","url":"https:\/\/beyazitdentalcenter.com\/","logo":{"@type":"ImageObject","inLanguage":"de","@id":"https:\/\/beyazitdentalcenter.com\/#\/schema\/logo\/image\/","url":"https:\/\/beyazitdentalcenter.com\/wp-content\/uploads\/2026\/03\/beyazit-header-logo-negative.webp","contentUrl":"https:\/\/beyazitdentalcenter.com\/wp-content\/uploads\/2026\/03\/beyazit-header-logo-negative.webp","width":600,"height":375,"caption":"Denta Aesthetic Turkey"},"image":{"@id":"https:\/\/beyazitdentalcenter.com\/#\/schema\/logo\/image\/"}}]}},"_links":{"self":[{"href":"https:\/\/beyazitdentalcenter.com\/de\/wp-json\/wp\/v2\/pages\/24372","targetHints":{"allow":["GET"]}}],"collection":[{"href":"https:\/\/beyazitdentalcenter.com\/de\/wp-json\/wp\/v2\/pages"}],"about":[{"href":"https:\/\/beyazitdentalcenter.com\/de\/wp-json\/wp\/v2\/types\/page"}],"author":[{"embeddable":true,"href":"https:\/\/beyazitdentalcenter.com\/de\/wp-json\/wp\/v2\/users\/4"}],"replies":[{"embeddable":true,"href":"https:\/\/beyazitdentalcenter.com\/de\/wp-json\/wp\/v2\/comments?post=24372"}],"version-history":[{"count":26,"href":"https:\/\/beyazitdentalcenter.com\/de\/wp-json\/wp\/v2\/pages\/24372\/revisions"}],"predecessor-version":[{"id":26026,"href":"https:\/\/beyazitdentalcenter.com\/de\/wp-json\/wp\/v2\/pages\/24372\/revisions\/26026"}],"wp:attachment":[{"href":"https:\/\/beyazitdentalcenter.com\/de\/wp-json\/wp\/v2\/media?parent=24372"}],"curies":[{"name":"wp","href":"https:\/\/api.w.org\/{rel}","templated":true}]}}