{"id":25454,"date":"2026-01-30T08:02:38","date_gmt":"2026-01-30T08:02:38","guid":{"rendered":"https:\/\/beyazitdentalcenter.com\/?page_id=25454"},"modified":"2026-03-30T08:55:03","modified_gmt":"2026-03-30T08:55:03","slug":"dt-kubra-ergin-dinc","status":"publish","type":"page","link":"https:\/\/beyazitdentalcenter.com\/bg\/our-doctors\/dt-kubra-ergin-dinc\/","title":{"rendered":"Dt. K\u00fcbra Ergin Din\u00e7"},"content":{"rendered":"<div data-elementor-type=\"wp-page\" data-elementor-id=\"25454\" class=\"elementor elementor-25454\" data-elementor-post-type=\"page\">\n\t\t\t\t\t\t<section class=\"elementor-section elementor-top-section elementor-element elementor-element-2178f03 elementor-section-boxed elementor-section-height-default elementor-section-height-default sc_fly_static\" data-id=\"2178f03\" data-element_type=\"section\">\n\t\t\t\t\t\t<div class=\"elementor-container elementor-column-gap-extended\">\n\t\t\t\t\t<div class=\"elementor-column elementor-col-100 elementor-top-column elementor-element elementor-element-a199751 sc_inner_width_none sc_content_align_inherit sc_layouts_column_icons_position_left sc_fly_static\" data-id=\"a199751\" data-element_type=\"column\">\n\t\t\t<div class=\"elementor-widget-wrap elementor-element-populated\">\n\t\t\t\t\t\t<div class=\"elementor-element elementor-element-227f534 sc_height_huge sc_fly_static elementor-widget elementor-widget-spacer\" data-id=\"227f534\" data-element_type=\"widget\" data-widget_type=\"spacer.default\">\n\t\t\t\t<div class=\"elementor-widget-container\">\n\t\t\t\t\t\t\t<div class=\"elementor-spacer\">\n\t\t\t<div class=\"elementor-spacer-inner\"><\/div>\n\t\t<\/div>\n\t\t\t\t\t\t<\/div>\n\t\t\t\t<\/div>\n\t\t\t\t\t<\/div>\n\t\t<\/div>\n\t\t\t\t\t<\/div>\n\t\t<\/section>\n\t\t\t\t<section class=\"elementor-section elementor-top-section elementor-element elementor-element-c583f3c elementor-section-full_width elementor-section-stretched elementor-section-height-default elementor-section-height-default sc_fly_static\" data-id=\"c583f3c\" data-element_type=\"section\" data-settings=\"{&quot;stretch_section&quot;:&quot;section-stretched&quot;,&quot;background_background&quot;:&quot;classic&quot;}\">\n\t\t\t\t\t\t\t<div class=\"elementor-background-overlay\"><\/div>\n\t\t\t\t\t\t\t<div class=\"elementor-container elementor-column-gap-extended\">\n\t\t\t\t\t<div class=\"elementor-column elementor-col-100 elementor-top-column elementor-element elementor-element-be2a8d7 sc_inner_width_none sc_content_align_inherit sc_layouts_column_icons_position_left sc_fly_static\" data-id=\"be2a8d7\" data-element_type=\"column\">\n\t\t\t<div class=\"elementor-widget-wrap elementor-element-populated\">\n\t\t\t\t\t\t<div class=\"elementor-element elementor-element-ac63bc6 elementor-widget__width-inherit sc_fly_static elementor-widget elementor-widget-heading\" data-id=\"ac63bc6\" data-element_type=\"widget\" data-widget_type=\"heading.default\">\n\t\t\t\t<div class=\"elementor-widget-container\">\n\t\t\t\t\t<h2 class=\"elementor-heading-title elementor-size-default\">DT. K\u00dcBRA ERG\u0130N D\u0130N\u00c7<\/h2>\t\t\t\t<\/div>\n\t\t\t\t<\/div>\n\t\t\t\t\t<\/div>\n\t\t<\/div>\n\t\t\t\t\t<\/div>\n\t\t<\/section>\n\t\t\t\t<section class=\"elementor-section elementor-top-section elementor-element elementor-element-6f8a065 elementor-section-boxed elementor-section-height-default elementor-section-height-default sc_fly_static\" data-id=\"6f8a065\" data-element_type=\"section\">\n\t\t\t\t\t\t<div class=\"elementor-container elementor-column-gap-extended\">\n\t\t\t\t\t<div class=\"elementor-column elementor-col-33 elementor-top-column elementor-element elementor-element-b896d72 sc_inner_width_none sc_content_align_inherit sc_layouts_column_icons_position_left sc_fly_static\" data-id=\"b896d72\" data-element_type=\"column\">\n\t\t\t<div class=\"elementor-widget-wrap elementor-element-populated\">\n\t\t\t\t\t\t<div class=\"elementor-element elementor-element-c6e5762 sc_fly_static elementor-widget elementor-widget-image\" data-id=\"c6e5762\" data-element_type=\"widget\" data-widget_type=\"image.default\">\n\t\t\t\t<div class=\"elementor-widget-container\">\n\t\t\t\t\t\t\t\t\t\t\t\t\t\t\t<img fetchpriority=\"high\" decoding=\"async\" width=\"576\" height=\"1024\" src=\"https:\/\/beyazitdentalcenter.com\/wp-content\/uploads\/2026\/03\/dt.-kubra-ergin-dinc-1-576x1024.webp\" class=\"attachment-large size-large wp-image-26120\" alt=\"\" srcset=\"https:\/\/beyazitdentalcenter.com\/wp-content\/uploads\/2026\/03\/dt.-kubra-ergin-dinc-1-576x1024.webp 576w, https:\/\/beyazitdentalcenter.com\/wp-content\/uploads\/2026\/03\/dt.-kubra-ergin-dinc-1-169x300.webp 169w, https:\/\/beyazitdentalcenter.com\/wp-content\/uploads\/2026\/03\/dt.-kubra-ergin-dinc-1-768x1366.webp 768w, https:\/\/beyazitdentalcenter.com\/wp-content\/uploads\/2026\/03\/dt.-kubra-ergin-dinc-1-864x1536.webp 864w, https:\/\/beyazitdentalcenter.com\/wp-content\/uploads\/2026\/03\/dt.-kubra-ergin-dinc-1-1152x2048.webp 1152w, https:\/\/beyazitdentalcenter.com\/wp-content\/uploads\/2026\/03\/dt.-kubra-ergin-dinc-1-7x12.webp 7w, https:\/\/beyazitdentalcenter.com\/wp-content\/uploads\/2026\/03\/dt.-kubra-ergin-dinc-1-370x658.webp 370w, https:\/\/beyazitdentalcenter.com\/wp-content\/uploads\/2026\/03\/dt.-kubra-ergin-dinc-1-840x1494.webp 840w, https:\/\/beyazitdentalcenter.com\/wp-content\/uploads\/2026\/03\/dt.-kubra-ergin-dinc-1-410x729.webp 410w, https:\/\/beyazitdentalcenter.com\/wp-content\/uploads\/2026\/03\/dt.-kubra-ergin-dinc-1.webp 1406w\" sizes=\"(max-width: 600px) 100vw, 576px\" \/>\t\t\t\t\t\t\t\t\t\t\t\t\t\t\t<\/div>\n\t\t\t\t<\/div>\n\t\t\t\t\t<\/div>\n\t\t<\/div>\n\t\t\t\t<div class=\"elementor-column elementor-col-66 elementor-top-column elementor-element elementor-element-3010129 sc_inner_width_none sc_content_align_inherit sc_layouts_column_icons_position_left sc_fly_static\" data-id=\"3010129\" data-element_type=\"column\">\n\t\t\t<div class=\"elementor-widget-wrap elementor-element-populated\">\n\t\t\t\t\t\t<div class=\"elementor-element elementor-element-3eba6f9 sc_fly_static elementor-widget elementor-widget-trx_sc_title\" data-id=\"3eba6f9\" data-element_type=\"widget\" data-widget_type=\"trx_sc_title.default\">\n\t\t\t\t<div class=\"elementor-widget-container\">\n\t\t\t\t\t<div\t\tclass=\"sc_title sc_title_default\" ><h1 class=\"sc_item_title sc_title_title sc_item_title_style_default sc_item_title_tag\"\n\t\t\t><span class=\"sc_item_title_text\">DT. K\u00dcBRA ERG\u0130N D\u0130N\u00c7<\/span><\/h1><\/div>\t\t\t\t<\/div>\n\t\t\t\t<\/div>\n\t\t\t\t<div class=\"elementor-element elementor-element-66fd9ed sc_fly_static elementor-widget elementor-widget-text-editor\" data-id=\"66fd9ed\" data-element_type=\"widget\" data-widget_type=\"text-editor.default\">\n\t\t\t\t<div class=\"elementor-widget-container\">\n\t\t\t\t\t\t\t\t\t<p>She was born in the district of \u00c7an, in the province of \u00c7anakkale. She completed her elementary, middle, and high school education in \u00c7an, and graduated from the <strong>Faculty of Dentistry at Trakya University<\/strong> in 2021.<\/p><p>During his university education, she participated in numerous courses and hands-on training programs to support her professional development. Following graduation, she adopted patient-centered and up-to-date treatment approaches through clinical experience gained in various cities.<\/p><p>She began her professional career between 2021 and 2022 at the <strong>Private Ural Oral and Dental Health Clinic<\/strong> in Kestel, Bursa, and subsequently worked actively at the <strong>\u00c7anakkale Dental Park Oral and Dental Health Clinic<\/strong> from 2022 to 2025. As of 2026, she is seeing patients at the <strong>Private Beyaz\u0131t Oral and Dental Health Clinic.<\/strong><\/p><p>In her clinical practice, Dr. K\u00fcbra Ergin Din\u00e7 focuses on aesthetic restorative treatments, endodontic procedures, and patient-centered approaches, and she continues her professional development through ongoing education.<\/p><p><strong>Education and Certifications<\/strong><\/p><ul><li>Introductory Implantology Course (2022)<\/li><li>Practical Training in Professional Communication and Patient Satisfaction (2023)<\/li><li>Implant-Supported Prostheses \u2013 Hands-On Course (2023)<\/li><li>Porcelain Laminate Veneers \u2013 Hands-On Course (2023)<\/li><li>Composite Restorations and Finishing Techniques for Anterior Fractures and Diastemas (2023)<\/li><li>Retreatment vs. Apical Surgery with Case Studies (2023)<\/li><li>Current Whitening Techniques and Clinical Tips (2023)<\/li><li>Root Canal Filling Techniques with Case Studies (2023)<\/li><li>Composite Laminate Restorations (2023)<\/li><li>Pre-Endodontic Build-Up with Case Studies (2023)<\/li><li>Next-Generation Endodontics \u2013 Hands-On Course (2024)<\/li><\/ul>\t\t\t\t\t\t\t\t<\/div>\n\t\t\t\t<\/div>\n\t\t\t\t\t<\/div>\n\t\t<\/div>\n\t\t\t\t\t<\/div>\n\t\t<\/section>\n\t\t\t\t<section class=\"elementor-section elementor-top-section elementor-element elementor-element-f292d84 elementor-section-boxed elementor-section-height-default elementor-section-height-default sc_fly_static\" data-id=\"f292d84\" data-element_type=\"section\">\n\t\t\t\t\t\t<div class=\"elementor-container elementor-column-gap-extended\">\n\t\t\t\t\t<div class=\"elementor-column elementor-col-100 elementor-top-column elementor-element elementor-element-a002c99 sc_inner_width_none sc_content_align_inherit sc_layouts_column_icons_position_left sc_fly_static\" data-id=\"a002c99\" data-element_type=\"column\">\n\t\t\t<div class=\"elementor-widget-wrap elementor-element-populated\">\n\t\t\t\t\t\t<div class=\"elementor-element elementor-element-7aa0be5 sc_height_huge sc_fly_static elementor-widget elementor-widget-spacer\" data-id=\"7aa0be5\" data-element_type=\"widget\" data-widget_type=\"spacer.default\">\n\t\t\t\t<div class=\"elementor-widget-container\">\n\t\t\t\t\t\t\t<div class=\"elementor-spacer\">\n\t\t\t<div class=\"elementor-spacer-inner\"><\/div>\n\t\t<\/div>\n\t\t\t\t\t\t<\/div>\n\t\t\t\t<\/div>\n\t\t\t\t\t<\/div>\n\t\t<\/div>\n\t\t\t\t\t<\/div>\n\t\t<\/section>\n\t\t\t\t<\/div>","protected":false},"excerpt":{"rendered":"<p>DT. K\u00dcBRA ERG\u0130N D\u0130N\u00c7 DT. K\u00dcBRA ERG\u0130N D\u0130N\u00c7 She was born in the district of \u00c7an, in the province of \u00c7anakkale. She completed her elementary, middle, and high school education&hellip;<\/p>","protected":false},"author":5,"featured_media":0,"parent":25319,"menu_order":0,"comment_status":"closed","ping_status":"closed","template":"","meta":{"footnotes":""},"class_list":["post-25454","page","type-page","status-publish","hentry"],"yoast_head":"<!-- This site is optimized with the Yoast SEO plugin v27.2 - https:\/\/yoast.com\/product\/yoast-seo-wordpress\/ -->\n<title>Dt. K\u00fcbra Ergin Din\u00e7 - Beyazit Dental Center<\/title>\n<meta name=\"robots\" content=\"index, follow, max-snippet:-1, max-image-preview:large, max-video-preview:-1\" \/>\n<link rel=\"canonical\" href=\"https:\/\/beyazitdentalcenter.com\/bg\/our-doctors\/dt-kubra-ergin-dinc\/\" \/>\n<meta property=\"og:locale\" content=\"bg_BG\" \/>\n<meta property=\"og:type\" content=\"article\" \/>\n<meta property=\"og:title\" content=\"Dt. K\u00fcbra Ergin Din\u00e7 - Beyazit Dental Center\" \/>\n<meta property=\"og:description\" content=\"DT. K\u00dcBRA ERG\u0130N D\u0130N\u00c7 DT. K\u00dcBRA ERG\u0130N D\u0130N\u00c7 She was born in the district of \u00c7an, in the province of \u00c7anakkale. She completed her elementary, middle, and high school education&hellip;\" \/>\n<meta property=\"og:url\" content=\"https:\/\/beyazitdentalcenter.com\/bg\/our-doctors\/dt-kubra-ergin-dinc\/\" \/>\n<meta property=\"og:site_name\" content=\"Beyazit Dental Center\" \/>\n<meta property=\"article:modified_time\" content=\"2026-03-30T08:55:03+00:00\" \/>\n<meta property=\"og:image\" content=\"https:\/\/beyazitdentalcenter.com\/wp-content\/uploads\/2026\/03\/dt.-kubra-ergin-dinc-1.webp\" \/>\n\t<meta property=\"og:image:width\" content=\"1406\" \/>\n\t<meta property=\"og:image:height\" content=\"2500\" \/>\n\t<meta property=\"og:image:type\" content=\"image\/webp\" \/>\n<meta name=\"twitter:card\" content=\"summary_large_image\" \/>\n<meta name=\"twitter:label1\" content=\"Est. reading time\" \/>\n\t<meta name=\"twitter:data1\" content=\"2 \u043c\u0438\u043d\u0443\u0442\u0438\" \/>\n<script type=\"application\/ld+json\" class=\"yoast-schema-graph\">{\"@context\":\"https:\/\/schema.org\",\"@graph\":[{\"@type\":\"WebPage\",\"@id\":\"https:\/\/beyazitdentalcenter.com\/our-doctors\/dt-kubra-ergin-dinc\/\",\"url\":\"https:\/\/beyazitdentalcenter.com\/our-doctors\/dt-kubra-ergin-dinc\/\",\"name\":\"Dt. K\u00fcbra Ergin Din\u00e7 - Beyazit Dental Center\",\"isPartOf\":{\"@id\":\"https:\/\/beyazitdentalcenter.com\/#website\"},\"primaryImageOfPage\":{\"@id\":\"https:\/\/beyazitdentalcenter.com\/our-doctors\/dt-kubra-ergin-dinc\/#primaryimage\"},\"image\":{\"@id\":\"https:\/\/beyazitdentalcenter.com\/our-doctors\/dt-kubra-ergin-dinc\/#primaryimage\"},\"thumbnailUrl\":\"https:\/\/beyazitdentalcenter.com\/wp-content\/uploads\/2026\/03\/dt.-kubra-ergin-dinc-1-576x1024.webp\",\"datePublished\":\"2026-01-30T08:02:38+00:00\",\"dateModified\":\"2026-03-30T08:55:03+00:00\",\"breadcrumb\":{\"@id\":\"https:\/\/beyazitdentalcenter.com\/our-doctors\/dt-kubra-ergin-dinc\/#breadcrumb\"},\"inLanguage\":\"bg-BG\",\"potentialAction\":[{\"@type\":\"ReadAction\",\"target\":[\"https:\/\/beyazitdentalcenter.com\/our-doctors\/dt-kubra-ergin-dinc\/\"]}]},{\"@type\":\"ImageObject\",\"inLanguage\":\"bg-BG\",\"@id\":\"https:\/\/beyazitdentalcenter.com\/our-doctors\/dt-kubra-ergin-dinc\/#primaryimage\",\"url\":\"https:\/\/beyazitdentalcenter.com\/wp-content\/uploads\/2026\/03\/dt.-kubra-ergin-dinc-1-576x1024.webp\",\"contentUrl\":\"https:\/\/beyazitdentalcenter.com\/wp-content\/uploads\/2026\/03\/dt.-kubra-ergin-dinc-1-576x1024.webp\"},{\"@type\":\"BreadcrumbList\",\"@id\":\"https:\/\/beyazitdentalcenter.com\/our-doctors\/dt-kubra-ergin-dinc\/#breadcrumb\",\"itemListElement\":[{\"@type\":\"ListItem\",\"position\":1,\"name\":\"Home\",\"item\":\"https:\/\/beyazitdentalcenter.com\/\"},{\"@type\":\"ListItem\",\"position\":2,\"name\":\"OUR DOCTORS\",\"item\":\"https:\/\/beyazitdentalcenter.com\/our-doctors\/\"},{\"@type\":\"ListItem\",\"position\":3,\"name\":\"Dt. K\u00fcbra Ergin Din\u00e7\"}]},{\"@type\":\"WebSite\",\"@id\":\"https:\/\/beyazitdentalcenter.com\/#website\",\"url\":\"https:\/\/beyazitdentalcenter.com\/\",\"name\":\"Beyazit Dental Center\",\"description\":\"Enjoy Your Smile\",\"publisher\":{\"@id\":\"https:\/\/beyazitdentalcenter.com\/#organization\"},\"potentialAction\":[{\"@type\":\"SearchAction\",\"target\":{\"@type\":\"EntryPoint\",\"urlTemplate\":\"https:\/\/beyazitdentalcenter.com\/?s={search_term_string}\"},\"query-input\":{\"@type\":\"PropertyValueSpecification\",\"valueRequired\":true,\"valueName\":\"search_term_string\"}}],\"inLanguage\":\"bg-BG\"},{\"@type\":\"Organization\",\"@id\":\"https:\/\/beyazitdentalcenter.com\/#organization\",\"name\":\"Denta Aesthetic Turkey\",\"url\":\"https:\/\/beyazitdentalcenter.com\/\",\"logo\":{\"@type\":\"ImageObject\",\"inLanguage\":\"bg-BG\",\"@id\":\"https:\/\/beyazitdentalcenter.com\/#\/schema\/logo\/image\/\",\"url\":\"https:\/\/beyazitdentalcenter.com\/wp-content\/uploads\/2026\/03\/beyazit-header-logo-negative.webp\",\"contentUrl\":\"https:\/\/beyazitdentalcenter.com\/wp-content\/uploads\/2026\/03\/beyazit-header-logo-negative.webp\",\"width\":600,\"height\":375,\"caption\":\"Denta Aesthetic Turkey\"},\"image\":{\"@id\":\"https:\/\/beyazitdentalcenter.com\/#\/schema\/logo\/image\/\"}}]}<\/script>\n<!-- \/ Yoast SEO plugin. -->","yoast_head_json":{"title":"Dt. K\u00fcbra Ergin Din\u00e7 - Beyazit Dental Center","robots":{"index":"index","follow":"follow","max-snippet":"max-snippet:-1","max-image-preview":"max-image-preview:large","max-video-preview":"max-video-preview:-1"},"canonical":"https:\/\/beyazitdentalcenter.com\/bg\/our-doctors\/dt-kubra-ergin-dinc\/","og_locale":"bg_BG","og_type":"article","og_title":"Dt. K\u00fcbra Ergin Din\u00e7 - Beyazit Dental Center","og_description":"DT. K\u00dcBRA ERG\u0130N D\u0130N\u00c7 DT. K\u00dcBRA ERG\u0130N D\u0130N\u00c7 She was born in the district of \u00c7an, in the province of \u00c7anakkale. She completed her elementary, middle, and high school education&hellip;","og_url":"https:\/\/beyazitdentalcenter.com\/bg\/our-doctors\/dt-kubra-ergin-dinc\/","og_site_name":"Beyazit Dental Center","article_modified_time":"2026-03-30T08:55:03+00:00","og_image":[{"width":1406,"height":2500,"url":"https:\/\/beyazitdentalcenter.com\/wp-content\/uploads\/2026\/03\/dt.-kubra-ergin-dinc-1.webp","type":"image\/webp"}],"twitter_card":"summary_large_image","twitter_misc":{"Est. reading time":"2 \u043c\u0438\u043d\u0443\u0442\u0438"},"schema":{"@context":"https:\/\/schema.org","@graph":[{"@type":"WebPage","@id":"https:\/\/beyazitdentalcenter.com\/our-doctors\/dt-kubra-ergin-dinc\/","url":"https:\/\/beyazitdentalcenter.com\/our-doctors\/dt-kubra-ergin-dinc\/","name":"Dt. K\u00fcbra Ergin Din\u00e7 - Beyazit Dental Center","isPartOf":{"@id":"https:\/\/beyazitdentalcenter.com\/#website"},"primaryImageOfPage":{"@id":"https:\/\/beyazitdentalcenter.com\/our-doctors\/dt-kubra-ergin-dinc\/#primaryimage"},"image":{"@id":"https:\/\/beyazitdentalcenter.com\/our-doctors\/dt-kubra-ergin-dinc\/#primaryimage"},"thumbnailUrl":"https:\/\/beyazitdentalcenter.com\/wp-content\/uploads\/2026\/03\/dt.-kubra-ergin-dinc-1-576x1024.webp","datePublished":"2026-01-30T08:02:38+00:00","dateModified":"2026-03-30T08:55:03+00:00","breadcrumb":{"@id":"https:\/\/beyazitdentalcenter.com\/our-doctors\/dt-kubra-ergin-dinc\/#breadcrumb"},"inLanguage":"bg-BG","potentialAction":[{"@type":"ReadAction","target":["https:\/\/beyazitdentalcenter.com\/our-doctors\/dt-kubra-ergin-dinc\/"]}]},{"@type":"ImageObject","inLanguage":"bg-BG","@id":"https:\/\/beyazitdentalcenter.com\/our-doctors\/dt-kubra-ergin-dinc\/#primaryimage","url":"https:\/\/beyazitdentalcenter.com\/wp-content\/uploads\/2026\/03\/dt.-kubra-ergin-dinc-1-576x1024.webp","contentUrl":"https:\/\/beyazitdentalcenter.com\/wp-content\/uploads\/2026\/03\/dt.-kubra-ergin-dinc-1-576x1024.webp"},{"@type":"BreadcrumbList","@id":"https:\/\/beyazitdentalcenter.com\/our-doctors\/dt-kubra-ergin-dinc\/#breadcrumb","itemListElement":[{"@type":"ListItem","position":1,"name":"Home","item":"https:\/\/beyazitdentalcenter.com\/"},{"@type":"ListItem","position":2,"name":"OUR DOCTORS","item":"https:\/\/beyazitdentalcenter.com\/our-doctors\/"},{"@type":"ListItem","position":3,"name":"Dt. K\u00fcbra Ergin Din\u00e7"}]},{"@type":"WebSite","@id":"https:\/\/beyazitdentalcenter.com\/#website","url":"https:\/\/beyazitdentalcenter.com\/","name":"Beyazit Dental Center","description":"Enjoy Your Smile","publisher":{"@id":"https:\/\/beyazitdentalcenter.com\/#organization"},"potentialAction":[{"@type":"SearchAction","target":{"@type":"EntryPoint","urlTemplate":"https:\/\/beyazitdentalcenter.com\/?s={search_term_string}"},"query-input":{"@type":"PropertyValueSpecification","valueRequired":true,"valueName":"search_term_string"}}],"inLanguage":"bg-BG"},{"@type":"Organization","@id":"https:\/\/beyazitdentalcenter.com\/#organization","name":"Denta Aesthetic Turkey","url":"https:\/\/beyazitdentalcenter.com\/","logo":{"@type":"ImageObject","inLanguage":"bg-BG","@id":"https:\/\/beyazitdentalcenter.com\/#\/schema\/logo\/image\/","url":"https:\/\/beyazitdentalcenter.com\/wp-content\/uploads\/2026\/03\/beyazit-header-logo-negative.webp","contentUrl":"https:\/\/beyazitdentalcenter.com\/wp-content\/uploads\/2026\/03\/beyazit-header-logo-negative.webp","width":600,"height":375,"caption":"Denta Aesthetic Turkey"},"image":{"@id":"https:\/\/beyazitdentalcenter.com\/#\/schema\/logo\/image\/"}}]}},"_links":{"self":[{"href":"https:\/\/beyazitdentalcenter.com\/bg\/wp-json\/wp\/v2\/pages\/25454","targetHints":{"allow":["GET"]}}],"collection":[{"href":"https:\/\/beyazitdentalcenter.com\/bg\/wp-json\/wp\/v2\/pages"}],"about":[{"href":"https:\/\/beyazitdentalcenter.com\/bg\/wp-json\/wp\/v2\/types\/page"}],"author":[{"embeddable":true,"href":"https:\/\/beyazitdentalcenter.com\/bg\/wp-json\/wp\/v2\/users\/5"}],"replies":[{"embeddable":true,"href":"https:\/\/beyazitdentalcenter.com\/bg\/wp-json\/wp\/v2\/comments?post=25454"}],"version-history":[{"count":19,"href":"https:\/\/beyazitdentalcenter.com\/bg\/wp-json\/wp\/v2\/pages\/25454\/revisions"}],"predecessor-version":[{"id":26466,"href":"https:\/\/beyazitdentalcenter.com\/bg\/wp-json\/wp\/v2\/pages\/25454\/revisions\/26466"}],"up":[{"embeddable":true,"href":"https:\/\/beyazitdentalcenter.com\/bg\/wp-json\/wp\/v2\/pages\/25319"}],"wp:attachment":[{"href":"https:\/\/beyazitdentalcenter.com\/bg\/wp-json\/wp\/v2\/media?parent=25454"}],"curies":[{"name":"wp","href":"https:\/\/api.w.org\/{rel}","templated":true}]}}