{"id":23350,"date":"2024-02-08T09:29:55","date_gmt":"2024-02-08T09:29:55","guid":{"rendered":"https:\/\/beyazitdentalcenter.com\/?page_id=23350"},"modified":"2026-01-13T14:32:41","modified_gmt":"2026-01-13T14:32:41","slug":"agreementd-institutions","status":"publish","type":"page","link":"https:\/\/beyazitdentalcenter.com\/bg\/agreementd-institutions\/","title":{"rendered":"\u0418\u043d\u0441\u0442\u0438\u0442\u0443\u0446\u0438\u0438 \u043f\u043e \u0441\u043f\u043e\u0440\u0430\u0437\u0443\u043c\u0435\u043d\u0438\u0435\u0442\u043e"},"content":{"rendered":"<div data-elementor-type=\"wp-page\" data-elementor-id=\"23350\" class=\"elementor elementor-23350\" data-elementor-post-type=\"page\">\n\t\t\t\t\t\t<section class=\"elementor-section elementor-top-section elementor-element elementor-element-91dcd2c elementor-section-boxed elementor-section-height-default elementor-section-height-default sc_fly_static\" data-id=\"91dcd2c\" data-element_type=\"section\" data-e-type=\"section\">\n\t\t\t\t\t\t<div class=\"elementor-container elementor-column-gap-extended\">\n\t\t\t\t\t<div class=\"elementor-column elementor-col-100 elementor-top-column elementor-element elementor-element-001837f sc_inner_width_none sc_content_align_inherit sc_layouts_column_icons_position_left sc_fly_static\" data-id=\"001837f\" data-element_type=\"column\" data-e-type=\"column\">\n\t\t\t<div class=\"elementor-widget-wrap elementor-element-populated\">\n\t\t\t\t\t\t<div class=\"elementor-element elementor-element-e5f9e7e sc_height_huge sc_fly_static elementor-widget elementor-widget-spacer\" data-id=\"e5f9e7e\" data-element_type=\"widget\" data-e-type=\"widget\" data-widget_type=\"spacer.default\">\n\t\t\t\t<div class=\"elementor-widget-container\">\n\t\t\t\t\t\t\t<div class=\"elementor-spacer\">\n\t\t\t<div class=\"elementor-spacer-inner\"><\/div>\n\t\t<\/div>\n\t\t\t\t\t\t<\/div>\n\t\t\t\t<\/div>\n\t\t\t\t\t<\/div>\n\t\t<\/div>\n\t\t\t\t\t<\/div>\n\t\t<\/section>\n\t\t\t\t<section class=\"elementor-section elementor-top-section elementor-element elementor-element-f6895e0 elementor-section-content-middle elementor-section-boxed elementor-section-height-default elementor-section-height-default sc_fly_static\" data-id=\"f6895e0\" data-element_type=\"section\" data-e-type=\"section\">\n\t\t\t\t\t\t<div class=\"elementor-container elementor-column-gap-extended\">\n\t\t\t\t\t<div class=\"elementor-column elementor-col-100 elementor-top-column elementor-element elementor-element-4ddefc2 sc_inner_width_none sc_content_align_inherit sc_layouts_column_icons_position_left sc_fly_static\" data-id=\"4ddefc2\" data-element_type=\"column\" data-e-type=\"column\">\n\t\t\t<div class=\"elementor-widget-wrap elementor-element-populated\">\n\t\t\t\t\t\t<div class=\"elementor-element elementor-element-eb7fa1f sc_fly_static elementor-widget elementor-widget-image\" data-id=\"eb7fa1f\" data-element_type=\"widget\" data-e-type=\"widget\" data-widget_type=\"image.default\">\n\t\t\t\t<div class=\"elementor-widget-container\">\n\t\t\t\t\t\t\t\t\t\t\t\t\t\t\t<img fetchpriority=\"high\" decoding=\"async\" width=\"1280\" height=\"314\" src=\"https:\/\/beyazitdentalcenter.com\/wp-content\/uploads\/2024\/02\/partner.png\" class=\"attachment-full size-full wp-image-23352\" alt=\"\" srcset=\"https:\/\/beyazitdentalcenter.com\/wp-content\/uploads\/2024\/02\/partner.png 1280w, https:\/\/beyazitdentalcenter.com\/wp-content\/uploads\/2024\/02\/partner-300x74.png 300w, https:\/\/beyazitdentalcenter.com\/wp-content\/uploads\/2024\/02\/partner-1024x251.png 1024w, https:\/\/beyazitdentalcenter.com\/wp-content\/uploads\/2024\/02\/partner-768x188.png 768w, https:\/\/beyazitdentalcenter.com\/wp-content\/uploads\/2024\/02\/partner-370x91.png 370w, https:\/\/beyazitdentalcenter.com\/wp-content\/uploads\/2024\/02\/partner-840x206.png 840w, https:\/\/beyazitdentalcenter.com\/wp-content\/uploads\/2024\/02\/partner-410x101.png 410w, https:\/\/beyazitdentalcenter.com\/wp-content\/uploads\/2024\/02\/partner-600x147.png 600w\" sizes=\"(max-width: 1280px) 100vw, 1280px\" \/>\t\t\t\t\t\t\t\t\t\t\t\t\t\t\t<\/div>\n\t\t\t\t<\/div>\n\t\t\t\t<div class=\"elementor-element elementor-element-969ce8e sc_fly_static elementor-widget elementor-widget-text-editor\" data-id=\"969ce8e\" data-element_type=\"widget\" data-e-type=\"widget\" data-widget_type=\"text-editor.default\">\n\t\t\t\t<div class=\"elementor-widget-container\">\n\t\t\t\t\t\t\t\t\t<h3>\u0418\u043d\u0441\u0442\u0438\u0442\u0443\u0446\u0438\u0438 \u043f\u043e \u0441\u043f\u043e\u0440\u0430\u0437\u0443\u043c\u0435\u043d\u0438\u0435\u0442\u043e<\/h3>\n<ul>\n<li>ALL\u0130ANZ Sigorta<\/li>\n<li>Halk Bankas\u0131<\/li>\n<li>Ziraat Bankas\u0131<\/li>\n<li>Vak\u0131fbank<\/li>\n<li>STANDART PARTNERS<\/li>\n<li>Ac\u0131badem<\/li>\n<li>Asyaport<\/li>\n<li>T\u00fcrkiye Sa\u011fl\u0131k \u0130\u015f\u00e7ileri Sendikas\u0131<\/li>\n<li>Gen\u00e7lik ve Spor Bakanl\u0131\u011f\u0131<\/li>\n<li>Toleyi\u015f Sendikas\u0131<\/li>\n<\/ul>\t\t\t\t\t\t\t\t<\/div>\n\t\t\t\t<\/div>\n\t\t\t\t<div class=\"elementor-element elementor-element-66f602e sc_fly_static elementor-widget elementor-widget-spacer\" data-id=\"66f602e\" data-element_type=\"widget\" data-e-type=\"widget\" data-widget_type=\"spacer.default\">\n\t\t\t\t<div class=\"elementor-widget-container\">\n\t\t\t\t\t\t\t<div class=\"elementor-spacer\">\n\t\t\t<div class=\"elementor-spacer-inner\"><\/div>\n\t\t<\/div>\n\t\t\t\t\t\t<\/div>\n\t\t\t\t<\/div>\n\t\t\t\t<div class=\"elementor-element elementor-element-9080095 sc_fly_static elementor-widget elementor-widget-trx_sc_button\" data-id=\"9080095\" data-element_type=\"widget\" data-e-type=\"widget\" data-widget_type=\"trx_sc_button.default\">\n\t\t\t\t<div class=\"elementor-widget-container\">\n\t\t\t\t\t<div\tclass=\"sc_item_button sc_button_wrap\" ><a href=\"https:\/\/beyazitdentalcenter.com\/bg\/iletisim\/\" class=\"sc_button sc_button_default sc_button_size_normal sc_button_icon_left color_style_link2\" ><span class=\"sc_button_text\"><span class=\"sc_button_title\">\u0421\u0432\u044a\u0440\u0436\u0435\u0442\u0435 \u0441\u0435 \u0441 \u043d\u0430\u0441<\/span><\/span><\/a><a href=\"tel:+90282%20264%2016%2076\" class=\"sc_button sc_button_simple button_bg_icon_color sc_button_size_large sc_button_with_icon sc_button_icon_left color_style_dark\" style=\"margin-top: 1px;\" ><span class=\"sc_button_icon\"><span class=\"icon-call\"><\/span><\/span><span class=\"sc_button_text\"><span class=\"sc_button_title\">0282 264 16 76<\/span><\/span><\/a><\/div>\t\t\t\t<\/div>\n\t\t\t\t<\/div>\n\t\t\t\t<div class=\"elementor-element elementor-element-1391c92 sc_height_small sc_layouts_hide_on_tablet sc_fly_static elementor-widget elementor-widget-spacer\" data-id=\"1391c92\" data-element_type=\"widget\" data-e-type=\"widget\" data-widget_type=\"spacer.default\">\n\t\t\t\t<div class=\"elementor-widget-container\">\n\t\t\t\t\t\t\t<div class=\"elementor-spacer\">\n\t\t\t<div class=\"elementor-spacer-inner\"><\/div>\n\t\t<\/div>\n\t\t\t\t\t\t<\/div>\n\t\t\t\t<\/div>\n\t\t\t\t\t<\/div>\n\t\t<\/div>\n\t\t\t\t\t<\/div>\n\t\t<\/section>\n\t\t\t\t<section class=\"elementor-section elementor-top-section elementor-element elementor-element-378c7b6 elementor-section-boxed elementor-section-height-default elementor-section-height-default sc_fly_static\" data-id=\"378c7b6\" data-element_type=\"section\" data-e-type=\"section\">\n\t\t\t\t\t\t<div class=\"elementor-container elementor-column-gap-extended\">\n\t\t\t\t\t<div class=\"elementor-column elementor-col-100 elementor-top-column elementor-element elementor-element-005caf3 sc_inner_width_none sc_content_align_inherit sc_layouts_column_icons_position_left sc_fly_static\" data-id=\"005caf3\" data-element_type=\"column\" data-e-type=\"column\">\n\t\t\t<div class=\"elementor-widget-wrap elementor-element-populated\">\n\t\t\t\t\t\t<div class=\"elementor-element elementor-element-7674ac8 sc_height_huge sc_fly_static elementor-widget elementor-widget-spacer\" data-id=\"7674ac8\" data-element_type=\"widget\" data-e-type=\"widget\" data-widget_type=\"spacer.default\">\n\t\t\t\t<div class=\"elementor-widget-container\">\n\t\t\t\t\t\t\t<div class=\"elementor-spacer\">\n\t\t\t<div class=\"elementor-spacer-inner\"><\/div>\n\t\t<\/div>\n\t\t\t\t\t\t<\/div>\n\t\t\t\t<\/div>\n\t\t\t\t\t<\/div>\n\t\t<\/div>\n\t\t\t\t\t<\/div>\n\t\t<\/section>\n\t\t\t\t<\/div>","protected":false},"excerpt":{"rendered":"<p>Agreementd Institutions ALL\u0130ANZ Sigorta Halk Bankas\u0131 Ziraat Bankas\u0131 Vak\u0131fbank STANDART PARTNERS Ac\u0131badem Asyaport T\u00fcrkiye Sa\u011fl\u0131k \u0130\u015f\u00e7ileri Sendikas\u0131 Gen\u00e7lik ve Spor Bakanl\u0131\u011f\u0131 Toleyi\u015f Sendikas\u0131 Contact Us0282 264 16 76<\/p>","protected":false},"author":5,"featured_media":0,"parent":0,"menu_order":0,"comment_status":"closed","ping_status":"closed","template":"","meta":{"footnotes":""},"class_list":["post-23350","page","type-page","status-publish","hentry"],"yoast_head":"<!-- This site is optimized with the Yoast SEO plugin v27.3 - https:\/\/yoast.com\/product\/yoast-seo-wordpress\/ -->\n<title>Agreementd Institutions - Beyazit Dental Center<\/title>\n<meta name=\"robots\" content=\"index, follow, max-snippet:-1, max-image-preview:large, max-video-preview:-1\" \/>\n<link rel=\"canonical\" href=\"https:\/\/beyazitdentalcenter.com\/bg\/agreementd-institutions\/\" \/>\n<meta property=\"og:locale\" content=\"bg_BG\" \/>\n<meta property=\"og:type\" content=\"article\" \/>\n<meta property=\"og:title\" content=\"Agreementd Institutions - Beyazit Dental Center\" \/>\n<meta property=\"og:description\" content=\"Agreementd Institutions ALL\u0130ANZ Sigorta Halk Bankas\u0131 Ziraat Bankas\u0131 Vak\u0131fbank STANDART PARTNERS Ac\u0131badem Asyaport T\u00fcrkiye Sa\u011fl\u0131k \u0130\u015f\u00e7ileri Sendikas\u0131 Gen\u00e7lik ve Spor Bakanl\u0131\u011f\u0131 Toleyi\u015f Sendikas\u0131 Contact Us0282 264 16 76\" \/>\n<meta property=\"og:url\" content=\"https:\/\/beyazitdentalcenter.com\/bg\/agreementd-institutions\/\" \/>\n<meta property=\"og:site_name\" content=\"Beyazit Dental Center\" \/>\n<meta property=\"article:modified_time\" content=\"2026-01-13T14:32:41+00:00\" \/>\n<meta property=\"og:image\" content=\"https:\/\/beyazitdentalcenter.com\/wp-content\/uploads\/2024\/02\/partner.png\" \/>\n<meta name=\"twitter:card\" content=\"summary_large_image\" \/>\n<meta name=\"twitter:label1\" content=\"Est. reading time\" \/>\n\t<meta name=\"twitter:data1\" content=\"1 \u043c\u0438\u043d\u0443\u0442\u0430\" \/>\n<script type=\"application\/ld+json\" class=\"yoast-schema-graph\">{\"@context\":\"https:\\\/\\\/schema.org\",\"@graph\":[{\"@type\":\"WebPage\",\"@id\":\"https:\\\/\\\/beyazitdentalcenter.com\\\/agreementd-institutions\\\/\",\"url\":\"https:\\\/\\\/beyazitdentalcenter.com\\\/agreementd-institutions\\\/\",\"name\":\"Agreementd Institutions - Beyazit Dental Center\",\"isPartOf\":{\"@id\":\"https:\\\/\\\/beyazitdentalcenter.com\\\/#website\"},\"primaryImageOfPage\":{\"@id\":\"https:\\\/\\\/beyazitdentalcenter.com\\\/agreementd-institutions\\\/#primaryimage\"},\"image\":{\"@id\":\"https:\\\/\\\/beyazitdentalcenter.com\\\/agreementd-institutions\\\/#primaryimage\"},\"thumbnailUrl\":\"https:\\\/\\\/beyazitdentalcenter.com\\\/wp-content\\\/uploads\\\/2024\\\/02\\\/partner.png\",\"datePublished\":\"2024-02-08T09:29:55+00:00\",\"dateModified\":\"2026-01-13T14:32:41+00:00\",\"breadcrumb\":{\"@id\":\"https:\\\/\\\/beyazitdentalcenter.com\\\/agreementd-institutions\\\/#breadcrumb\"},\"inLanguage\":\"bg-BG\",\"potentialAction\":[{\"@type\":\"ReadAction\",\"target\":[\"https:\\\/\\\/beyazitdentalcenter.com\\\/agreementd-institutions\\\/\"]}]},{\"@type\":\"ImageObject\",\"inLanguage\":\"bg-BG\",\"@id\":\"https:\\\/\\\/beyazitdentalcenter.com\\\/agreementd-institutions\\\/#primaryimage\",\"url\":\"https:\\\/\\\/beyazitdentalcenter.com\\\/wp-content\\\/uploads\\\/2024\\\/02\\\/partner.png\",\"contentUrl\":\"https:\\\/\\\/beyazitdentalcenter.com\\\/wp-content\\\/uploads\\\/2024\\\/02\\\/partner.png\"},{\"@type\":\"BreadcrumbList\",\"@id\":\"https:\\\/\\\/beyazitdentalcenter.com\\\/agreementd-institutions\\\/#breadcrumb\",\"itemListElement\":[{\"@type\":\"ListItem\",\"position\":1,\"name\":\"Home\",\"item\":\"https:\\\/\\\/beyazitdentalcenter.com\\\/\"},{\"@type\":\"ListItem\",\"position\":2,\"name\":\"Agreementd Institutions\"}]},{\"@type\":\"WebSite\",\"@id\":\"https:\\\/\\\/beyazitdentalcenter.com\\\/#website\",\"url\":\"https:\\\/\\\/beyazitdentalcenter.com\\\/\",\"name\":\"Beyazit Dental Center\",\"description\":\"Enjoy Your Smile\",\"publisher\":{\"@id\":\"https:\\\/\\\/beyazitdentalcenter.com\\\/#organization\"},\"potentialAction\":[{\"@type\":\"SearchAction\",\"target\":{\"@type\":\"EntryPoint\",\"urlTemplate\":\"https:\\\/\\\/beyazitdentalcenter.com\\\/?s={search_term_string}\"},\"query-input\":{\"@type\":\"PropertyValueSpecification\",\"valueRequired\":true,\"valueName\":\"search_term_string\"}}],\"inLanguage\":\"bg-BG\"},{\"@type\":\"Organization\",\"@id\":\"https:\\\/\\\/beyazitdentalcenter.com\\\/#organization\",\"name\":\"Denta Aesthetic Turkey\",\"url\":\"https:\\\/\\\/beyazitdentalcenter.com\\\/\",\"logo\":{\"@type\":\"ImageObject\",\"inLanguage\":\"bg-BG\",\"@id\":\"https:\\\/\\\/beyazitdentalcenter.com\\\/#\\\/schema\\\/logo\\\/image\\\/\",\"url\":\"https:\\\/\\\/beyazitdentalcenter.com\\\/wp-content\\\/uploads\\\/2026\\\/03\\\/beyazit-header-logo-negative.webp\",\"contentUrl\":\"https:\\\/\\\/beyazitdentalcenter.com\\\/wp-content\\\/uploads\\\/2026\\\/03\\\/beyazit-header-logo-negative.webp\",\"width\":600,\"height\":375,\"caption\":\"Denta Aesthetic Turkey\"},\"image\":{\"@id\":\"https:\\\/\\\/beyazitdentalcenter.com\\\/#\\\/schema\\\/logo\\\/image\\\/\"}}]}<\/script>\n<!-- \/ Yoast SEO plugin. -->","yoast_head_json":{"title":"Agreementd Institutions - Beyazit Dental Center","robots":{"index":"index","follow":"follow","max-snippet":"max-snippet:-1","max-image-preview":"max-image-preview:large","max-video-preview":"max-video-preview:-1"},"canonical":"https:\/\/beyazitdentalcenter.com\/bg\/agreementd-institutions\/","og_locale":"bg_BG","og_type":"article","og_title":"Agreementd Institutions - Beyazit Dental Center","og_description":"Agreementd Institutions ALL\u0130ANZ Sigorta Halk Bankas\u0131 Ziraat Bankas\u0131 Vak\u0131fbank STANDART PARTNERS Ac\u0131badem Asyaport T\u00fcrkiye Sa\u011fl\u0131k \u0130\u015f\u00e7ileri Sendikas\u0131 Gen\u00e7lik ve Spor Bakanl\u0131\u011f\u0131 Toleyi\u015f Sendikas\u0131 Contact Us0282 264 16 76","og_url":"https:\/\/beyazitdentalcenter.com\/bg\/agreementd-institutions\/","og_site_name":"Beyazit Dental Center","article_modified_time":"2026-01-13T14:32:41+00:00","og_image":[{"url":"https:\/\/beyazitdentalcenter.com\/wp-content\/uploads\/2024\/02\/partner.png","type":"","width":"","height":""}],"twitter_card":"summary_large_image","twitter_misc":{"Est. reading time":"1 \u043c\u0438\u043d\u0443\u0442\u0430"},"schema":{"@context":"https:\/\/schema.org","@graph":[{"@type":"WebPage","@id":"https:\/\/beyazitdentalcenter.com\/agreementd-institutions\/","url":"https:\/\/beyazitdentalcenter.com\/agreementd-institutions\/","name":"Agreementd Institutions - Beyazit Dental Center","isPartOf":{"@id":"https:\/\/beyazitdentalcenter.com\/#website"},"primaryImageOfPage":{"@id":"https:\/\/beyazitdentalcenter.com\/agreementd-institutions\/#primaryimage"},"image":{"@id":"https:\/\/beyazitdentalcenter.com\/agreementd-institutions\/#primaryimage"},"thumbnailUrl":"https:\/\/beyazitdentalcenter.com\/wp-content\/uploads\/2024\/02\/partner.png","datePublished":"2024-02-08T09:29:55+00:00","dateModified":"2026-01-13T14:32:41+00:00","breadcrumb":{"@id":"https:\/\/beyazitdentalcenter.com\/agreementd-institutions\/#breadcrumb"},"inLanguage":"bg-BG","potentialAction":[{"@type":"ReadAction","target":["https:\/\/beyazitdentalcenter.com\/agreementd-institutions\/"]}]},{"@type":"ImageObject","inLanguage":"bg-BG","@id":"https:\/\/beyazitdentalcenter.com\/agreementd-institutions\/#primaryimage","url":"https:\/\/beyazitdentalcenter.com\/wp-content\/uploads\/2024\/02\/partner.png","contentUrl":"https:\/\/beyazitdentalcenter.com\/wp-content\/uploads\/2024\/02\/partner.png"},{"@type":"BreadcrumbList","@id":"https:\/\/beyazitdentalcenter.com\/agreementd-institutions\/#breadcrumb","itemListElement":[{"@type":"ListItem","position":1,"name":"Home","item":"https:\/\/beyazitdentalcenter.com\/"},{"@type":"ListItem","position":2,"name":"Agreementd Institutions"}]},{"@type":"WebSite","@id":"https:\/\/beyazitdentalcenter.com\/#website","url":"https:\/\/beyazitdentalcenter.com\/","name":"Beyazit Dental Center","description":"Enjoy Your Smile","publisher":{"@id":"https:\/\/beyazitdentalcenter.com\/#organization"},"potentialAction":[{"@type":"SearchAction","target":{"@type":"EntryPoint","urlTemplate":"https:\/\/beyazitdentalcenter.com\/?s={search_term_string}"},"query-input":{"@type":"PropertyValueSpecification","valueRequired":true,"valueName":"search_term_string"}}],"inLanguage":"bg-BG"},{"@type":"Organization","@id":"https:\/\/beyazitdentalcenter.com\/#organization","name":"Denta Aesthetic Turkey","url":"https:\/\/beyazitdentalcenter.com\/","logo":{"@type":"ImageObject","inLanguage":"bg-BG","@id":"https:\/\/beyazitdentalcenter.com\/#\/schema\/logo\/image\/","url":"https:\/\/beyazitdentalcenter.com\/wp-content\/uploads\/2026\/03\/beyazit-header-logo-negative.webp","contentUrl":"https:\/\/beyazitdentalcenter.com\/wp-content\/uploads\/2026\/03\/beyazit-header-logo-negative.webp","width":600,"height":375,"caption":"Denta Aesthetic Turkey"},"image":{"@id":"https:\/\/beyazitdentalcenter.com\/#\/schema\/logo\/image\/"}}]}},"_links":{"self":[{"href":"https:\/\/beyazitdentalcenter.com\/bg\/wp-json\/wp\/v2\/pages\/23350","targetHints":{"allow":["GET"]}}],"collection":[{"href":"https:\/\/beyazitdentalcenter.com\/bg\/wp-json\/wp\/v2\/pages"}],"about":[{"href":"https:\/\/beyazitdentalcenter.com\/bg\/wp-json\/wp\/v2\/types\/page"}],"author":[{"embeddable":true,"href":"https:\/\/beyazitdentalcenter.com\/bg\/wp-json\/wp\/v2\/users\/5"}],"replies":[{"embeddable":true,"href":"https:\/\/beyazitdentalcenter.com\/bg\/wp-json\/wp\/v2\/comments?post=23350"}],"version-history":[{"count":7,"href":"https:\/\/beyazitdentalcenter.com\/bg\/wp-json\/wp\/v2\/pages\/23350\/revisions"}],"predecessor-version":[{"id":24530,"href":"https:\/\/beyazitdentalcenter.com\/bg\/wp-json\/wp\/v2\/pages\/23350\/revisions\/24530"}],"wp:attachment":[{"href":"https:\/\/beyazitdentalcenter.com\/bg\/wp-json\/wp\/v2\/media?parent=23350"}],"curies":[{"name":"wp","href":"https:\/\/api.w.org\/{rel}","templated":true}]}}